{"id":16209,"date":"2023-02-17T12:32:18","date_gmt":"2023-02-17T12:32:18","guid":{"rendered":"https:\/\/sales.singervielle.com\/?page_id=16209"},"modified":"2024-11-19T17:23:09","modified_gmt":"2024-11-19T17:23:09","slug":"disclaimer","status":"publish","type":"page","link":"https:\/\/www.stokesproperty.ie\/de\/disclaimer\/","title":{"rendered":"Haftungsausschluss"},"content":{"rendered":"<div data-elementor-type=\"wp-page\" data-elementor-id=\"16209\" class=\"elementor elementor-16209\" data-elementor-post-type=\"page\">\n\t\t\t\t<div class=\"elementor-element elementor-element-a8b6655 e-flex e-con-boxed e-con e-parent\" data-id=\"a8b6655\" data-element_type=\"container\">\n\t\t\t\t\t<div class=\"e-con-inner\">\n\t\t<div class=\"elementor-element elementor-element-432691b e-con-full e-flex e-con e-child\" data-id=\"432691b\" data-element_type=\"container\">\n\t\t\t\t<div class=\"elementor-element elementor-element-aec9e09 elementor-widget__width-auto elementor-widget-laptop__width-auto animated-fast elementor-invisible elementor-widget elementor-widget-heading\" data-id=\"aec9e09\" data-element_type=\"widget\" data-settings=\"{&quot;_animation&quot;:&quot;fadeInLeft&quot;,&quot;_animation_delay&quot;:200}\" data-widget_type=\"heading.default\">\n\t\t\t\t<div class=\"elementor-widget-container\">\n\t\t\t\t\t<h2 class=\"elementor-heading-title elementor-size-default\">Haftungsausschluss &amp; Datenschutzerkl\u00e4rung<\/h2>\t\t\t\t<\/div>\n\t\t\t\t<\/div>\n\t\t\t\t<\/div>\n\t\t\t\t<div class=\"elementor-element elementor-element-e73cddd elementor-widget__width-initial elementor-widget-tablet__width-inherit elementor-invisible elementor-widget elementor-widget-text-editor\" data-id=\"e73cddd\" data-element_type=\"widget\" data-settings=\"{&quot;_animation&quot;:&quot;fadeInLeft&quot;,&quot;_animation_delay&quot;:250}\" data-widget_type=\"text-editor.default\">\n\t\t\t\t<div class=\"elementor-widget-container\">\n\t\t\t\t\t\t\t\t\t<h4><strong>Rechtliche Hinweise \u2013 Haftungsausschluss Irland:<\/strong><\/h4><p>Stokes Property Consultants Limited t\/a Stokes Property und der Verk\u00e4ufer\/Vermieter teilen Folgendes mit:<\/p><ol><li>Diese Angaben dienen lediglich der Orientierung und stellen weder ein Angebot noch einen Vertragsbestandteil dar.<\/li><li>Alle in diesen Angaben enthaltenen Aussagen zu diesem Objekt erfolgen ohne Haftung seitens der Makler oder des Verk\u00e4ufers\/Vermieters.<\/li><li>Keine der in diesen Angaben enthaltenen Aussagen zu dieser Immobilie darf als Aussage oder Tatsachendarstellung angesehen werden.<\/li><li>Die Einzelheiten, verschiedenen Pl\u00e4ne, Fotos, Beschreibungen und Ma\u00dfe wurden sorgf\u00e4ltig erstellt, ihre Richtigkeit wird jedoch nicht garantiert und alle potenziellen K\u00e4ufer\/Mieter m\u00fcssen sich durch Inspektion oder auf andere Weise von ihrer Richtigkeit \u00fcberzeugen. Auslassungen, versehentliche Irrt\u00fcmer oder falsche Darstellungen berechtigen weder den Verk\u00e4ufer\/Vermieter noch den K\u00e4ufer\/Mieter f\u00fcr einen Anspruch auf Schadensersatz oder f\u00fcr den R\u00fccktritt vom Vertrag.<\/li><li>Weder der Verk\u00e4ufer\/Vermieter noch Stokes Property Consultants Ltd. t\/a Stokes Property noch eine Person in ihrem Angestelltenverh\u00e4ltnis ist befugt, Zusicherungen oder Garantien in Bezug auf die Immobilie abzugeben. 6. Die Preise verstehen sich ohne Mehrwertsteuer (sofern nicht anders angegeben) und alle Verhandlungen werden auf der Grundlage gef\u00fchrt, dass der K\u00e4ufer\/Mieter f\u00fcr die Mehrwertsteuer verantwortlich ist<\/li><\/ol><h4>Datenschutzerkl\u00e4rung<\/h4><p>Stokes Property ben\u00f6tigt Ihre Daten zwar zur Erbringung und Bereitstellung eines professionellen Services, verpflichtet sich jedoch zum Schutz aller personenbezogenen Daten unserer Klienten und Kunden. Wir werden Sie vor der Erhebung oder Verarbeitung Ihrer Daten um Ihre Zustimmung bitten, wenn wir gem\u00e4\u00df den Bestimmungen der aktuellen Datenschutzgesetze dazu verpflichtet sind.<\/p><p>\u00a0<\/p><p>Wir werden Ihnen keine unerw\u00fcnschten E-Mails schicken oder Ihre Daten an Dritte weitergeben. Wir sammeln Informationen nur durch direkte Interaktion mit uns per Telefon, E-Mail\/Brief oder durch unsere direkte Zusammenarbeit mit Ihnen.<\/p><p>\u00a0<\/p><p>Wir speichern Ihre personenbezogenen Daten nicht l\u00e4nger als n\u00f6tig. Wir speichern Ihre personenbezogenen Daten f\u00fcr die Dauer Ihrer Zusammenarbeit mit uns und f\u00fcr den Zeitraum danach, der zur Einhaltung der geltenden Gesetze erforderlich ist.<\/p><p>Wenn kein Vertrag besteht, speichern wir Ihre personenbezogenen Daten nur so lange, wie dies zur Einhaltung des geltenden Rechts erforderlich ist (normalerweise 6 Jahre).<\/p><p>Sie k\u00f6nnen von Ihrem Recht Gebrauch machen, die Daten l\u00f6schen zu lassen, sofern wir diese nicht aus einem der nach geltendem Recht zul\u00e4ssigen oder erforderlichen Gr\u00fcnde aufbewahren m\u00fcssen.<\/p><p>Wir k\u00f6nnen Ihre personenbezogenen Daten an Dritte weitergeben, wenn dies zur Erf\u00fcllung der Bedingungen Ihres Vertrags mit uns erforderlich ist \u2013 beispielsweise an Dritte wie professionelle Berater\/deren Vertreter, Anw\u00e4lte, Gutachter, Dienstleister, relevantes Personal zur Durchf\u00fchrung einer Due-Diligence-Pr\u00fcfung im Zusammenhang mit einer geplanten Fusion, \u00dcbernahme oder \u00dcbertragung unseres Unternehmens, an mit der Abwicklung solcher Vereinbarungen beauftragte Personen sowie an zust\u00e4ndige Aufsichtsbeh\u00f6rden oder andere Beh\u00f6rden und Stellen, wie gesetzlich gefordert oder vorgeschrieben. Alle diese Stellen unterliegen der Vertraulichkeitsverpflichtung. Wir geben personenbezogene Daten nur weiter, soweit dies f\u00fcr die Erbringung der in Ihrem\/unserem Namen erbrachten Dienstleistung erforderlich ist.<\/p><p>Ihre Daten werden nicht an Dritte f\u00fcr deren eigene unabh\u00e4ngige Marketingzwecke weitergegeben. Sie haben ein Recht auf Zugriff auf Ihre pers\u00f6nlichen Daten und ein Recht, die Zustimmung zur Verarbeitung Ihrer pers\u00f6nlichen Daten zu widerrufen, einschlie\u00dflich des Rechts, diese Daten zu korrigieren, zu l\u00f6schen, einzuschr\u00e4nken oder zu verlangen, dass sie an einen anderen Datenverarbeiter \u00fcbertragen werden, vorbehaltlich unserer jederzeitigen Einhaltung der geltenden Gesetze.<\/p><p>Personenbezogene Daten von Personen unter 16 Jahren werden nicht gespeichert, es sei denn, dies wird ausdr\u00fccklich von einem Elternteil oder Erziehungsberechtigten verlangt.<\/p><p>Damit wir die vertraglich vereinbarte Dienstleistung erbringen k\u00f6nnen, m\u00fcssen wir unter Umst\u00e4nden personenbezogene Daten von Ihnen angeben. Dazu geh\u00f6ren Ihr Name, Ihre Adresse, E-Mail-Adresse und Telefonnummer, Einzelheiten zu der Immobilie oder Dienstleistung, die wir Ihnen anbieten, erforderliche Informationen zu Ihren finanziellen Mitteln, wie etwa dokumentierte Nachweise \u00fcber finanzielle Mittel, Identit\u00e4tspr\u00fcfungen und Informationen, die zur Einhaltung der Gesetze zur Bek\u00e4mpfung von Geldw\u00e4sche und zur Regulierung von Immobiliendienstleistungen erforderlich sind.<\/p><p>\u00a0<\/p><p>Wir ergreifen alle angemessenen Ma\u00dfnahmen, um Ihre personenbezogenen Daten vor Missbrauch, Verlust oder unbefugtem Zugriff zu sch\u00fctzen. Sollten Sie einen Missbrauch, Verlust oder unbefugten Zugriff auf Ihre personenbezogenen Daten vermuten, kontaktieren Sie uns bitte unter majella@stokesproperty.ie.<\/p><p>Wenn Sie mit dem Ergebnis einer Anfrage nicht zufrieden sind, haben Sie das Recht, eine Beschwerde bei der Datenschutzkommission einzureichen, die die Angelegenheit in Ihrem Namen untersuchen kann. Senden Sie eine E-Mail an info@dataprotection.ie \/ Data Protection Commission, Canal House, Station Road, Portarlington, Co. Laois. R32 AP23. Telefon: 1890 252 231 www.dataprotection.ie<\/p><p>Wenn Sie keine weiteren Mitteilungen zu Ihren Immobilienanforderungen erhalten m\u00f6chten, informieren Sie uns bitte unter <a href=\"mailto:sarah@stokesproperty.ie\">sarah@stokesproperty.ie<\/a><\/p><p>Wir behalten uns das Recht vor, diese Datenschutzrichtlinie bei Bedarf zu \u00e4ndern.<\/p><p>\u00a0<\/p><h4><strong>In Bezug auf das britische Recht<\/strong><\/h4><h5>\u00a0<\/h5><h5><strong>Vorbehaltlich des Vertrags und ohne Mehrwertsteuer<\/strong><\/h5><p>Dieser Haftungsausschluss gilt f\u00fcr www.stokesproperty.ie (die <strong>&quot;Website&quot;<\/strong>), das Singer Vielle Limited geh\u00f6rt (<strong>\u201eSinger Vielle\u201c<\/strong>) und unter Lizenz von Stokes Property Consultants Limited betrieben.<\/p><h5><strong>Gesetz \u00fcber Falschdarstellungen von 1967<\/strong><\/h5><p>Stokes Property Consultants Limited gibt f\u00fcr sich selbst und f\u00fcr die Verk\u00e4ufer oder Vermieter von Immobilien, f\u00fcr die sie als Makler fungieren, Folgendes bekannt:<\/p><ol><li>Die Angaben dienen nur als allgemeine \u00dcbersicht zur Orientierung f\u00fcr potenzielle K\u00e4ufer oder Mieter und stellen weder ein Angebot noch einen Vertragsbestandteil dar und sind auch nicht Teil eines solchen.<\/li><li>Alle Beschreibungen, Abmessungen, Hinweise auf den Zustand und die erforderlichen Nutzungs- und Nutzungsgenehmigungen sowie andere Details auf der Website werden nach bestem Wissen und Gewissen gemacht und gelten zum Zeitpunkt der Ver\u00f6ffentlichung als korrekt, k\u00f6nnen jedoch sp\u00e4teren \u00c4nderungen unterliegen.<\/li><li>Potenzielle K\u00e4ufer oder P\u00e4chter sollten sich nicht auf Aussagen von Stokes Property Consultants Limited in Bezug auf Immobilien als Aussagen oder Tatsachendarstellungen verlassen, sondern m\u00fcssen sich durch eigene Inspektion oder auf andere Weise von der Richtigkeit jeder einzelnen Aussage \u00fcberzeugen.<\/li><li>Keine Person, die bei Stokes Property Consultants Limited angestellt ist, ist befugt, im Namen von Stokes Property Consultants Limited Zusicherungen oder Gew\u00e4hrleistungen jeglicher Art in Bezug auf die auf dieser Website oder anderweitig aufgef\u00fchrten Immobilien abzugeben.<\/li><li>Alle Karten dienen nur zu Identifikations- und Referenzzwecken und sollten nicht als verl\u00e4ssliche Richtigkeit angesehen werden.<\/li><li>Sofern nicht anders angegeben, verstehen sich alle angegebenen Preise, Mieten und sonstigen Geb\u00fchren zuz\u00fcglich der gegebenenfalls anfallenden Mehrwertsteuer.<\/li><\/ol><h5>\u00a0<\/h5><h5><strong>Finanzgesetz 1989<\/strong><\/h5><p>Sofern nicht anders angegeben, verstehen sich alle Preise und Mieten exklusive Mehrwertsteuer.<\/p><h5>\u00a0<\/h5><h5><strong>Property Misdescriptions Act 1991<\/strong><\/h5><p>Es wird davon ausgegangen, dass diese Angaben zum Zeitpunkt der Erstellung korrekt sind, sie k\u00f6nnen jedoch sp\u00e4teren \u00c4nderungen unterliegen.<\/p><p>Bez\u00fcglich der auf der Website aufgef\u00fchrten und\/oder erscheinenden Immobilien (jeweils a <strong>&quot;Eigentum&quot;<\/strong>, und zusammen die <strong>&quot;Eigenschaften&quot;<\/strong>):<\/p><ol><li>Unser Site-Service erm\u00f6glicht es Ihnen, sich \u00fcber Immobilien zu erkundigen und diese zu kaufen oder zu leasen, die auf dieser Site angezeigt oder gelistet sind. Solche Anfragen, Kauf oder Leasing k\u00f6nnen nur vorbehaltlich unserer unten aufgef\u00fchrten Nutzungsbedingungen (hier verf\u00fcgbar: www.stokesproperty.ie\/terms-of-use ) gestellt und gestattet werden.<\/li><li>Unter keinen Umst\u00e4nden haften wir Ihnen gegen\u00fcber f\u00fcr direkte, indirekte, Folge-, Neben- oder Sondersch\u00e4den, die sich aus Ihrem Kauf oder der Miete von Immobilien auf der Website ergeben.<\/li><li>Unter keinen Umst\u00e4nden haften wir f\u00fcr Fehler oder Unvollst\u00e4ndigkeiten der Informationen zu den auf dieser Website aufgef\u00fchrten Immobilien oder f\u00fcr den Fall, dass eine Immobilie aus dem Verkauf oder der Vermietung zur\u00fcckgezogen wurde, noch haften wir f\u00fcr ungenaue Abmessungen der aufgef\u00fchrten Immobilien oder Preise.<\/li><li>Wir \u00fcbernehmen keine Verantwortung oder Haftung f\u00fcr die Vollst\u00e4ndigkeit oder Richtigkeit der auf dieser Website angezeigten Informationen, die von den Verk\u00e4ufern oder Vermietern der betreffenden Immobilie bereitgestellt werden, die allein f\u00fcr diese Informationen verantwortlich sind.<\/li><li>Obwohl wir glauben, dass die aufgef\u00fchrten Immobilien zum Kauf oder zur Miete verf\u00fcgbar sind, geben wir keine Garantie daf\u00fcr, dass dies der Fall ist oder dass sie nicht vom Verk\u00e4ufer oder Vermieter derselben zur\u00fcckgezogen wurden. Alle auf der Website angezeigten oder aufgef\u00fchrten Eigenschaften unterliegen \u00c4nderungen, Fehlern oder Auslassungen. Wir haben die Richtigkeit der von den Verk\u00e4ufern oder Vermietern angegebenen Informationen zu den Immobilien oder den Abmessungen nicht \u00fcberpr\u00fcft.<\/li><li>Alle aufgef\u00fchrten Objekte unterliegen der Vertragspflicht und die angegebenen Preise verstehen sich ggf. zuz\u00fcglich Mehrwertsteuer.<\/li><\/ol><p>Februar 2023<\/p>\t\t\t\t\t\t\t\t<\/div>\n\t\t\t\t<\/div>\n\t\t\t\t\t<\/div>\n\t\t\t\t<\/div>\n\t\t\t\t<\/div>","protected":false},"excerpt":{"rendered":"<p>Haftungsausschluss &amp; Datenschutzerkl\u00e4rung Rechtliche Hinweise \u2013 Haftungsausschluss Irland: Stokes Property Consultants Limited, t\/a Stokes Property, und der Verk\u00e4ufer\/Vermieter weisen darauf hin: Diese Angaben dienen lediglich der Orientierung und stellen weder ein Angebot noch einen Vertrag dar. Alle Angaben zu dieser Immobilie erfolgen ohne Gew\u00e4hr.<\/p>","protected":false},"author":9,"featured_media":0,"parent":0,"menu_order":0,"comment_status":"closed","ping_status":"closed","template":"","meta":{"_acf_changed":false,"content-type":"","inline_featured_image":false,"footnotes":""},"class_list":["post-16209","page","type-page","status-publish","hentry"],"acf":[],"yoast_head":"<!-- This site is optimized with the Yoast SEO plugin v25.4 - https:\/\/yoast.com\/wordpress\/plugins\/seo\/ -->\n<title>Disclaimer - Stokes Property<\/title>\n<meta name=\"description\" content=\"Stokes Property - the Irish property investment agency that offers property search &amp; the ability to exchange online. Disclaimer\" \/>\n<meta name=\"robots\" content=\"index, follow, max-snippet:-1, max-image-preview:large, max-video-preview:-1\" \/>\n<link rel=\"canonical\" href=\"https:\/\/www.stokesproperty.ie\/de\/disclaimer\/\" \/>\n<meta property=\"og:locale\" content=\"de_DE\" \/>\n<meta property=\"og:type\" content=\"article\" \/>\n<meta property=\"og:title\" content=\"Disclaimer - Stokes Property\" \/>\n<meta property=\"og:description\" content=\"Stokes Property - the Irish property investment agency that offers property search &amp; the ability to exchange online. Disclaimer\" \/>\n<meta property=\"og:url\" content=\"https:\/\/www.stokesproperty.ie\/de\/disclaimer\/\" \/>\n<meta property=\"og:site_name\" content=\"Stokes Property\" \/>\n<meta property=\"article:modified_time\" content=\"2024-11-19T17:23:09+00:00\" \/>\n<meta name=\"twitter:card\" content=\"summary_large_image\" \/>\n<meta name=\"twitter:label1\" content=\"Gesch\u00e4tzte Lesezeit\" \/>\n\t<meta name=\"twitter:data1\" content=\"6\u00a0Minuten\" \/>\n<script type=\"application\/ld+json\" class=\"yoast-schema-graph\">{\"@context\":\"https:\/\/schema.org\",\"@graph\":[{\"@type\":\"WebPage\",\"@id\":\"https:\/\/www.stokesproperty.ie\/disclaimer\/\",\"url\":\"https:\/\/www.stokesproperty.ie\/disclaimer\/\",\"name\":\"Disclaimer - Stokes Property\",\"isPartOf\":{\"@id\":\"https:\/\/www.stokesproperty.ie\/#website\"},\"datePublished\":\"2023-02-17T12:32:18+00:00\",\"dateModified\":\"2024-11-19T17:23:09+00:00\",\"description\":\"Stokes Property - the Irish property investment agency that offers property search & the ability to exchange online. Disclaimer\",\"breadcrumb\":{\"@id\":\"https:\/\/www.stokesproperty.ie\/disclaimer\/#breadcrumb\"},\"inLanguage\":\"de\",\"potentialAction\":[{\"@type\":\"ReadAction\",\"target\":[\"https:\/\/www.stokesproperty.ie\/disclaimer\/\"]}]},{\"@type\":\"BreadcrumbList\",\"@id\":\"https:\/\/www.stokesproperty.ie\/disclaimer\/#breadcrumb\",\"itemListElement\":[{\"@type\":\"ListItem\",\"position\":1,\"name\":\"Home\",\"item\":\"https:\/\/www.stokesproperty.ie\/\"},{\"@type\":\"ListItem\",\"position\":2,\"name\":\"Disclaimer\"}]},{\"@type\":\"WebSite\",\"@id\":\"https:\/\/www.stokesproperty.ie\/#website\",\"url\":\"https:\/\/www.stokesproperty.ie\/\",\"name\":\"Stokes Property\",\"description\":\"Commercial Property Online\",\"publisher\":{\"@id\":\"https:\/\/www.stokesproperty.ie\/#organization\"},\"potentialAction\":[{\"@type\":\"SearchAction\",\"target\":{\"@type\":\"EntryPoint\",\"urlTemplate\":\"https:\/\/www.stokesproperty.ie\/?s={search_term_string}\"},\"query-input\":{\"@type\":\"PropertyValueSpecification\",\"valueRequired\":true,\"valueName\":\"search_term_string\"}}],\"inLanguage\":\"de\"},{\"@type\":\"Organization\",\"@id\":\"https:\/\/www.stokesproperty.ie\/#organization\",\"name\":\"Stokes Property\",\"url\":\"https:\/\/www.stokesproperty.ie\/\",\"logo\":{\"@type\":\"ImageObject\",\"inLanguage\":\"de\",\"@id\":\"https:\/\/www.stokesproperty.ie\/#\/schema\/logo\/image\/\",\"url\":\"https:\/\/www.stokesproperty.ie\/wp-content\/uploads\/stokes_rectangle.jpg\",\"contentUrl\":\"https:\/\/www.stokesproperty.ie\/wp-content\/uploads\/stokes_rectangle.jpg\",\"width\":400,\"height\":220,\"caption\":\"Stokes Property\"},\"image\":{\"@id\":\"https:\/\/www.stokesproperty.ie\/#\/schema\/logo\/image\/\"}}]}<\/script>\n<!-- \/ Yoast SEO plugin. -->","yoast_head_json":{"title":"Disclaimer - Stokes Property","description":"Stokes Property - the Irish property investment agency that offers property search & the ability to exchange online. Disclaimer","robots":{"index":"index","follow":"follow","max-snippet":"max-snippet:-1","max-image-preview":"max-image-preview:large","max-video-preview":"max-video-preview:-1"},"canonical":"https:\/\/www.stokesproperty.ie\/de\/disclaimer\/","og_locale":"de_DE","og_type":"article","og_title":"Disclaimer - Stokes Property","og_description":"Stokes Property - the Irish property investment agency that offers property search & the ability to exchange online. Disclaimer","og_url":"https:\/\/www.stokesproperty.ie\/de\/disclaimer\/","og_site_name":"Stokes Property","article_modified_time":"2024-11-19T17:23:09+00:00","twitter_card":"summary_large_image","twitter_misc":{"Gesch\u00e4tzte Lesezeit":"6\u00a0Minuten"},"schema":{"@context":"https:\/\/schema.org","@graph":[{"@type":"WebPage","@id":"https:\/\/www.stokesproperty.ie\/disclaimer\/","url":"https:\/\/www.stokesproperty.ie\/disclaimer\/","name":"Disclaimer - Stokes Property","isPartOf":{"@id":"https:\/\/www.stokesproperty.ie\/#website"},"datePublished":"2023-02-17T12:32:18+00:00","dateModified":"2024-11-19T17:23:09+00:00","description":"Stokes Property - the Irish property investment agency that offers property search & the ability to exchange online. Disclaimer","breadcrumb":{"@id":"https:\/\/www.stokesproperty.ie\/disclaimer\/#breadcrumb"},"inLanguage":"de","potentialAction":[{"@type":"ReadAction","target":["https:\/\/www.stokesproperty.ie\/disclaimer\/"]}]},{"@type":"BreadcrumbList","@id":"https:\/\/www.stokesproperty.ie\/disclaimer\/#breadcrumb","itemListElement":[{"@type":"ListItem","position":1,"name":"Home","item":"https:\/\/www.stokesproperty.ie\/"},{"@type":"ListItem","position":2,"name":"Disclaimer"}]},{"@type":"WebSite","@id":"https:\/\/www.stokesproperty.ie\/#website","url":"https:\/\/www.stokesproperty.ie\/","name":"Stokes Property","description":"Commercial Property Online","publisher":{"@id":"https:\/\/www.stokesproperty.ie\/#organization"},"potentialAction":[{"@type":"SearchAction","target":{"@type":"EntryPoint","urlTemplate":"https:\/\/www.stokesproperty.ie\/?s={search_term_string}"},"query-input":{"@type":"PropertyValueSpecification","valueRequired":true,"valueName":"search_term_string"}}],"inLanguage":"de"},{"@type":"Organization","@id":"https:\/\/www.stokesproperty.ie\/#organization","name":"Stokes Property","url":"https:\/\/www.stokesproperty.ie\/","logo":{"@type":"ImageObject","inLanguage":"de","@id":"https:\/\/www.stokesproperty.ie\/#\/schema\/logo\/image\/","url":"https:\/\/www.stokesproperty.ie\/wp-content\/uploads\/stokes_rectangle.jpg","contentUrl":"https:\/\/www.stokesproperty.ie\/wp-content\/uploads\/stokes_rectangle.jpg","width":400,"height":220,"caption":"Stokes Property"},"image":{"@id":"https:\/\/www.stokesproperty.ie\/#\/schema\/logo\/image\/"}}]}},"_links":{"self":[{"href":"https:\/\/www.stokesproperty.ie\/de\/wp-json\/wp\/v2\/pages\/16209","targetHints":{"allow":["GET"]}}],"collection":[{"href":"https:\/\/www.stokesproperty.ie\/de\/wp-json\/wp\/v2\/pages"}],"about":[{"href":"https:\/\/www.stokesproperty.ie\/de\/wp-json\/wp\/v2\/types\/page"}],"author":[{"embeddable":true,"href":"https:\/\/www.stokesproperty.ie\/de\/wp-json\/wp\/v2\/users\/9"}],"replies":[{"embeddable":true,"href":"https:\/\/www.stokesproperty.ie\/de\/wp-json\/wp\/v2\/comments?post=16209"}],"version-history":[{"count":6,"href":"https:\/\/www.stokesproperty.ie\/de\/wp-json\/wp\/v2\/pages\/16209\/revisions"}],"predecessor-version":[{"id":27107,"href":"https:\/\/www.stokesproperty.ie\/de\/wp-json\/wp\/v2\/pages\/16209\/revisions\/27107"}],"wp:attachment":[{"href":"https:\/\/www.stokesproperty.ie\/de\/wp-json\/wp\/v2\/media?parent=16209"}],"curies":[{"name":"wp","href":"https:\/\/api.w.org\/{rel}","templated":true}]}}