{"id":21876,"date":"2023-06-21T08:20:40","date_gmt":"2023-06-21T07:20:40","guid":{"rendered":"https:\/\/staging.sales.stokesproperty.ie\/?page_id=21876"},"modified":"2024-11-27T11:57:00","modified_gmt":"2024-11-27T11:57:00","slug":"stokes-about","status":"publish","type":"page","link":"https:\/\/www.stokesproperty.ie\/de\/stokes-about\/","title":{"rendered":"Um"},"content":{"rendered":"<div data-elementor-type=\"wp-page\" data-elementor-id=\"21876\" class=\"elementor elementor-21876\" data-elementor-post-type=\"page\">\n\t\t\t\t<div class=\"elementor-element elementor-element-ad2bfbc e-con-full e-flex e-con e-parent\" data-id=\"ad2bfbc\" data-element_type=\"container\" data-settings=\"{&quot;background_background&quot;:&quot;gradient&quot;}\">\n\t\t<div class=\"elementor-element elementor-element-5dc174f e-con-full e-flex e-con e-child\" data-id=\"5dc174f\" data-element_type=\"container\" data-settings=\"{&quot;background_background&quot;:&quot;gradient&quot;}\">\n\t\t\t\t<\/div>\n\t\t<div class=\"elementor-element elementor-element-ca34396 e-flex e-con-boxed e-con e-child\" data-id=\"ca34396\" data-element_type=\"container\">\n\t\t\t\t\t<div class=\"e-con-inner\">\n\t\t\t\t<div class=\"elementor-element elementor-element-9e9f30e elementor-widget__width-auto elementor-widget-laptop__width-auto animated-fast elementor-invisible elementor-widget elementor-widget-heading\" data-id=\"9e9f30e\" data-element_type=\"widget\" data-settings=\"{&quot;_animation&quot;:&quot;fadeInLeft&quot;,&quot;_animation_delay&quot;:200}\" data-widget_type=\"heading.default\">\n\t\t\t\t<div class=\"elementor-widget-container\">\n\t\t\t\t\t<h2 class=\"elementor-heading-title elementor-size-default\">\u00dcber Stokes Property<\/h2>\t\t\t\t<\/div>\n\t\t\t\t<\/div>\n\t\t\t\t\t<\/div>\n\t\t\t\t<\/div>\n\t\t\t\t<\/div>\n\t\t<div class=\"elementor-element elementor-element-7596dd2 e-flex e-con-boxed e-con e-parent\" data-id=\"7596dd2\" data-element_type=\"container\">\n\t\t\t\t\t<div class=\"e-con-inner\">\n\t\t<div class=\"elementor-element elementor-element-88f55e8 e-flex e-con-boxed e-con e-child\" data-id=\"88f55e8\" data-element_type=\"container\">\n\t\t\t\t\t<div class=\"e-con-inner\">\n\t\t\t\t<div class=\"elementor-element elementor-element-efebed8 elementor-widget__width-initial elementor-invisible elementor-widget elementor-widget-text-editor\" data-id=\"efebed8\" data-element_type=\"widget\" data-settings=\"{&quot;_animation&quot;:&quot;fadeInLeft&quot;,&quot;_animation_delay&quot;:250}\" data-widget_type=\"text-editor.default\">\n\t\t\t\t<div class=\"elementor-widget-container\">\n\t\t\t\t\t\t\t\t\t<p>Wir sind ein spezialisiertes Beratungs-, Vermittlungs- und Verwaltungsunternehmen (PSRA Nr. 002615) und bieten umfassende Beratungs-, Vermittlungs- und Verwaltungsleistungen f\u00fcr Immobilien aller Art. Wir sind spezialisiert auf ma\u00dfgeschneiderte, personalisierte Dienstleistungen, die auf die individuellen Bed\u00fcrfnisse unserer Kunden zugeschnitten sind \u2013 von der Verwaltung einzelner Wohnimmobilien bis hin zur Beratung und L\u00f6sung komplexer Herausforderungen im Bereich Gewerbeimmobilien.<\/p><p>Stokes Property ber\u00e4t zu Wohn-, Gewerbe-, Entwicklungs-, Investitions- und Agrarimmobilien und ist stolz darauf, garantieren zu k\u00f6nnen, dass wir unabh\u00e4ngig von Ihrem Immobilienproblem entweder intern oder durch einen unserer vertrauensw\u00fcrdigen Kollegen eine L\u00f6sung finden.<\/p><p>Von unserem B\u00fcro im Stadtzentrum in der South William Street aus verwalten wir zus\u00e4tzlich zu unseren Agentur- und Beratungsdienstleistungen ein vielf\u00e4ltiges Portfolio an Einzelhandels-, B\u00fcro-, Industrie- und Wohnimmobilien f\u00fcr eine Reihe privater, gewerblicher und institutioneller Kunden.\u00a0<\/p>\t\t\t\t\t\t\t\t<\/div>\n\t\t\t\t<\/div>\n\t\t\t\t\t<\/div>\n\t\t\t\t<\/div>\n\t\t<div class=\"elementor-element elementor-element-f9b979f e-flex e-con-boxed e-con e-child\" data-id=\"f9b979f\" data-element_type=\"container\">\n\t\t\t\t\t<div class=\"e-con-inner\">\n\t\t<div class=\"elementor-element elementor-element-f799998 e-con-full animated-fast e-flex elementor-invisible e-con e-child\" data-id=\"f799998\" data-element_type=\"container\" data-settings=\"{&quot;background_background&quot;:&quot;gradient&quot;,&quot;animation&quot;:&quot;slideInRight&quot;}\">\n\t\t\t\t<div class=\"elementor-element elementor-element-9b9a373 elementor-widget__width-initial animated-fast elementor-widget elementor-widget-image\" data-id=\"9b9a373\" data-element_type=\"widget\" data-settings=\"{&quot;_animation&quot;:&quot;none&quot;}\" data-widget_type=\"image.default\">\n\t\t\t\t<div class=\"elementor-widget-container\">\n\t\t\t\t\t\t\t\t\t\t\t\t\t\t\t<img fetchpriority=\"high\" decoding=\"async\" width=\"349\" height=\"276\" src=\"https:\/\/www.stokesproperty.ie\/wp-content\/uploads\/simon_stokes.png\" class=\"attachment-full size-full wp-image-21896\" alt=\"\" srcset=\"https:\/\/www.stokesproperty.ie\/wp-content\/uploads\/simon_stokes.png 349w, https:\/\/www.stokesproperty.ie\/wp-content\/uploads\/simon_stokes-300x237.png 300w, https:\/\/www.stokesproperty.ie\/wp-content\/uploads\/simon_stokes-15x12.png 15w\" sizes=\"(max-width: 349px) 100vw, 349px\" \/>\t\t\t\t\t\t\t\t\t\t\t\t\t\t\t<\/div>\n\t\t\t\t<\/div>\n\t\t\t\t<\/div>\n\t\t\t\t<div class=\"elementor-element elementor-element-97d3bce elementor-widget__width-initial animated-fast elementor-invisible elementor-widget elementor-widget-text-editor\" data-id=\"97d3bce\" data-element_type=\"widget\" data-settings=\"{&quot;_animation&quot;:&quot;slideInLeft&quot;,&quot;_animation_delay&quot;:0}\" data-widget_type=\"text-editor.default\">\n\t\t\t\t<div class=\"elementor-widget-container\">\n\t\t\t\t\t\t\t\t\t<h3><strong>Stokes Property Consultants wurde im Juni 2012 von Simon Stokes gegr\u00fcndet<\/strong><\/h3><p>Simon verf\u00fcgt \u00fcber fast 20 Jahre Erfahrung als professioneller Immobilienberater und bietet diskrete Beratungs- und Vermittlungsleistungen f\u00fcr eine Reihe von Firmen-, institutionellen und privaten Kunden in ganz Irland an. Er ist Mitglied der Society of Chartered Surveyors Ireland (SCSI) und der Royal Institution of Chartered Surveyors (RICS) und ist ein bei RICS registrierter Gutachter. Er ist au\u00dferdem ehemaliger Vorsitzender der SCSI Residential Agency Professional Group. Simon war bereits vor der Fusion der beiden Organisationen Mitglied der Society of Chartered Surveyors und des Irish Auctioneers and Valuers Institute.<\/p>\t\t\t\t\t\t\t\t<\/div>\n\t\t\t\t<\/div>\n\t\t\t\t\t<\/div>\n\t\t\t\t<\/div>\n\t\t<div class=\"elementor-element elementor-element-ac37997 e-flex e-con-boxed e-con e-child\" data-id=\"ac37997\" data-element_type=\"container\">\n\t\t\t\t\t<div class=\"e-con-inner\">\n\t\t<div class=\"elementor-element elementor-element-6ecb2b6 e-con-full animated-fast e-flex elementor-invisible e-con e-child\" data-id=\"6ecb2b6\" data-element_type=\"container\" data-settings=\"{&quot;background_background&quot;:&quot;gradient&quot;,&quot;animation&quot;:&quot;slideInLeft&quot;}\">\n\t\t\t\t<\/div>\n\t\t\t\t<div class=\"elementor-element elementor-element-5afa9d4 elementor-widget__width-initial elementor-invisible elementor-widget elementor-widget-text-editor\" data-id=\"5afa9d4\" data-element_type=\"widget\" data-settings=\"{&quot;_animation&quot;:&quot;fadeInLeft&quot;,&quot;_animation_delay&quot;:250}\" data-widget_type=\"text-editor.default\">\n\t\t\t\t<div class=\"elementor-widget-container\">\n\t\t\t\t\t\t\t\t\t<h3>Sarah Stokes trat dem Unternehmen im Jahr 2013 bei<\/h3><p>\u00a0<\/p><p>Sarah ist seit \u00fcber 15 Jahren in den Bereichen Verkauf, Vermietung, privates Portfolio und Immobilienmanagement in Irland und Gro\u00dfbritannien t\u00e4tig. Sie ist assoziiertes Mitglied der Society of Chartered Surveyors Ireland SCSI und der Royal Institution of Chartered Surveyors (RICS). Zu ihren fr\u00fcheren Aufgaben geh\u00f6rte die Leitung vielbesch\u00e4ftigter Verkaufs- und Vermietungsteams, in denen sie Gesch\u00e4ftspl\u00e4ne erstellte, entwarf und umsetzte. Sarah ber\u00e4t Kunden bei der Immobilien- und Portfolioverwaltung sowie bei Akquisitions- und Ver\u00e4u\u00dferungsstrategien.<\/p>\t\t\t\t\t\t\t\t<\/div>\n\t\t\t\t<\/div>\n\t\t\t\t\t<\/div>\n\t\t\t\t<\/div>\n\t\t\t\t\t<\/div>\n\t\t\t\t<\/div>\n\t\t<div class=\"elementor-element elementor-element-6401baf e-flex e-con-boxed e-con e-parent\" data-id=\"6401baf\" data-element_type=\"container\">\n\t\t\t\t\t<div class=\"e-con-inner\">\n\t\t\t\t<div class=\"elementor-element elementor-element-bdc8aa8 elementor-align-left elementor-invisible elementor-widget elementor-widget-button\" data-id=\"bdc8aa8\" data-element_type=\"widget\" data-settings=\"{&quot;_animation&quot;:&quot;fadeIn&quot;,&quot;_animation_delay&quot;:500}\" data-widget_type=\"button.default\">\n\t\t\t\t<div class=\"elementor-widget-container\">\n\t\t\t\t\t\t\t\t\t<div class=\"elementor-button-wrapper\">\n\t\t\t\t\t<a class=\"elementor-button elementor-button-link elementor-size-sm\" href=\"\/stokes-team\/\">\n\t\t\t\t\t\t<span class=\"elementor-button-content-wrapper\">\n\t\t\t\t\t\t<span class=\"elementor-button-icon\">\n\t\t\t\t<svg xmlns=\"http:\/\/www.w3.org\/2000\/svg\" width=\"13\" height=\"13\" viewbox=\"0 0 13 13\"><path id=\"Union_41\" data-name=\"Union 41\" d=\"M11,13V3.414L1.414,13,0,11.586,9.586,2H0V0H13V13Z\"><\/path><\/svg>\t\t\t<\/span>\n\t\t\t\t\t\t\t\t\t<span class=\"elementor-button-text\">Triff das Team<\/span>\n\t\t\t\t\t<\/span>\n\t\t\t\t\t<\/a>\n\t\t\t\t<\/div>\n\t\t\t\t\t\t\t\t<\/div>\n\t\t\t\t<\/div>\n\t\t<div class=\"elementor-element elementor-element-36a22e6 e-con-full e-flex e-con e-child\" data-id=\"36a22e6\" data-element_type=\"container\">\n\t\t\t\t<div class=\"elementor-element elementor-element-7835383 elementor-widget__width-initial elementor-invisible elementor-widget elementor-widget-text-editor\" data-id=\"7835383\" data-element_type=\"widget\" data-settings=\"{&quot;_animation&quot;:&quot;fadeInLeft&quot;,&quot;_animation_delay&quot;:250}\" data-widget_type=\"text-editor.default\">\n\t\t\t\t<div class=\"elementor-widget-container\">\n\t\t\t\t\t\t\t\t\t<h3>Nick Boyle trat dem Unternehmen im Jahr 2022 bei<\/h3><p>Nick bringt umfangreiche Erfahrung in der Gewerbe- und Wohnungsvermittlung zu Stokes Property mit. In fr\u00fcheren Funktionen hat er Privat-, Firmen- und institutionelle Kunden beraten und bietet unseren Kunden weiterhin kompetente Beratung in Bezug auf eine Reihe von Immobilienarten.<\/p>\t\t\t\t\t\t\t\t<\/div>\n\t\t\t\t<\/div>\n\t\t\t\t<\/div>\n\t\t\t\t\t<\/div>\n\t\t\t\t<\/div>\n\t\t\t\t<\/div>","protected":false},"excerpt":{"rendered":"<p>\u00dcber Stokes Property: Wir sind ein kleines, staatlich anerkanntes Gutachterb\u00fcro (PSRA Nr. 002615) und bieten umfassende Beratungs-, Vermittlungs- und Verwaltungsleistungen f\u00fcr Immobilien aller Art. Wir sind spezialisiert auf ma\u00dfgeschneiderte, personalisierte Dienstleistungen, die auf die individuellen Bed\u00fcrfnisse unserer Kunden zugeschnitten sind \u2013 von der Verwaltung einzelner Wohnimmobilien bis hin zur Beratung [\u2026]<\/p>","protected":false},"author":9,"featured_media":0,"parent":0,"menu_order":0,"comment_status":"closed","ping_status":"closed","template":"","meta":{"_acf_changed":false,"content-type":"","inline_featured_image":false,"footnotes":""},"class_list":["post-21876","page","type-page","status-publish","hentry"],"acf":[],"yoast_head":"<!-- This site is optimized with the Yoast SEO plugin v25.4 - https:\/\/yoast.com\/wordpress\/plugins\/seo\/ -->\n<title>About - Stokes Property<\/title>\n<meta name=\"description\" content=\"Stokes Property - the Irish property investment agency that offers property search &amp; the ability to exchange online. About\" \/>\n<meta name=\"robots\" content=\"index, follow, max-snippet:-1, max-image-preview:large, max-video-preview:-1\" \/>\n<link rel=\"canonical\" href=\"https:\/\/www.stokesproperty.ie\/de\/stokes-about\/\" \/>\n<meta property=\"og:locale\" content=\"de_DE\" \/>\n<meta property=\"og:type\" content=\"article\" \/>\n<meta property=\"og:title\" content=\"About - Stokes Property\" \/>\n<meta property=\"og:description\" content=\"Stokes Property - the Irish property investment agency that offers property search &amp; the ability to exchange online. About\" \/>\n<meta property=\"og:url\" content=\"https:\/\/www.stokesproperty.ie\/de\/stokes-about\/\" \/>\n<meta property=\"og:site_name\" content=\"Stokes Property\" \/>\n<meta property=\"article:modified_time\" content=\"2024-11-27T11:57:00+00:00\" \/>\n<meta property=\"og:image\" content=\"https:\/\/www.stokesproperty.ie\/wp-content\/uploads\/simon_stokes.png\" \/>\n\t<meta property=\"og:image:width\" content=\"349\" \/>\n\t<meta property=\"og:image:height\" content=\"276\" \/>\n\t<meta property=\"og:image:type\" content=\"image\/png\" \/>\n<meta name=\"twitter:card\" content=\"summary_large_image\" \/>\n<meta name=\"twitter:label1\" content=\"Gesch\u00e4tzte Lesezeit\" \/>\n\t<meta name=\"twitter:data1\" content=\"2\u00a0Minuten\" \/>\n<script type=\"application\/ld+json\" class=\"yoast-schema-graph\">{\"@context\":\"https:\/\/schema.org\",\"@graph\":[{\"@type\":\"WebPage\",\"@id\":\"https:\/\/www.stokesproperty.ie\/stokes-about\/\",\"url\":\"https:\/\/www.stokesproperty.ie\/stokes-about\/\",\"name\":\"About - Stokes Property\",\"isPartOf\":{\"@id\":\"https:\/\/www.stokesproperty.ie\/#website\"},\"primaryImageOfPage\":{\"@id\":\"https:\/\/www.stokesproperty.ie\/stokes-about\/#primaryimage\"},\"image\":{\"@id\":\"https:\/\/www.stokesproperty.ie\/stokes-about\/#primaryimage\"},\"thumbnailUrl\":\"https:\/\/www.stokesproperty.ie\/wp-content\/uploads\/simon_stokes.png\",\"datePublished\":\"2023-06-21T07:20:40+00:00\",\"dateModified\":\"2024-11-27T11:57:00+00:00\",\"description\":\"Stokes Property - the Irish property investment agency that offers property search & the ability to exchange online. About\",\"breadcrumb\":{\"@id\":\"https:\/\/www.stokesproperty.ie\/stokes-about\/#breadcrumb\"},\"inLanguage\":\"de\",\"potentialAction\":[{\"@type\":\"ReadAction\",\"target\":[\"https:\/\/www.stokesproperty.ie\/stokes-about\/\"]}]},{\"@type\":\"ImageObject\",\"inLanguage\":\"de\",\"@id\":\"https:\/\/www.stokesproperty.ie\/stokes-about\/#primaryimage\",\"url\":\"https:\/\/www.stokesproperty.ie\/wp-content\/uploads\/simon_stokes.png\",\"contentUrl\":\"https:\/\/www.stokesproperty.ie\/wp-content\/uploads\/simon_stokes.png\"},{\"@type\":\"BreadcrumbList\",\"@id\":\"https:\/\/www.stokesproperty.ie\/stokes-about\/#breadcrumb\",\"itemListElement\":[{\"@type\":\"ListItem\",\"position\":1,\"name\":\"Home\",\"item\":\"https:\/\/www.stokesproperty.ie\/\"},{\"@type\":\"ListItem\",\"position\":2,\"name\":\"About\"}]},{\"@type\":\"WebSite\",\"@id\":\"https:\/\/www.stokesproperty.ie\/#website\",\"url\":\"https:\/\/www.stokesproperty.ie\/\",\"name\":\"Stokes Property\",\"description\":\"Commercial Property Online\",\"publisher\":{\"@id\":\"https:\/\/www.stokesproperty.ie\/#organization\"},\"potentialAction\":[{\"@type\":\"SearchAction\",\"target\":{\"@type\":\"EntryPoint\",\"urlTemplate\":\"https:\/\/www.stokesproperty.ie\/?s={search_term_string}\"},\"query-input\":{\"@type\":\"PropertyValueSpecification\",\"valueRequired\":true,\"valueName\":\"search_term_string\"}}],\"inLanguage\":\"de\"},{\"@type\":\"Organization\",\"@id\":\"https:\/\/www.stokesproperty.ie\/#organization\",\"name\":\"Stokes Property\",\"url\":\"https:\/\/www.stokesproperty.ie\/\",\"logo\":{\"@type\":\"ImageObject\",\"inLanguage\":\"de\",\"@id\":\"https:\/\/www.stokesproperty.ie\/#\/schema\/logo\/image\/\",\"url\":\"https:\/\/www.stokesproperty.ie\/wp-content\/uploads\/stokes_rectangle.jpg\",\"contentUrl\":\"https:\/\/www.stokesproperty.ie\/wp-content\/uploads\/stokes_rectangle.jpg\",\"width\":400,\"height\":220,\"caption\":\"Stokes Property\"},\"image\":{\"@id\":\"https:\/\/www.stokesproperty.ie\/#\/schema\/logo\/image\/\"}}]}<\/script>\n<!-- \/ Yoast SEO plugin. -->","yoast_head_json":{"title":"About - Stokes Property","description":"Stokes Property - the Irish property investment agency that offers property search & the ability to exchange online. About","robots":{"index":"index","follow":"follow","max-snippet":"max-snippet:-1","max-image-preview":"max-image-preview:large","max-video-preview":"max-video-preview:-1"},"canonical":"https:\/\/www.stokesproperty.ie\/de\/stokes-about\/","og_locale":"de_DE","og_type":"article","og_title":"About - Stokes Property","og_description":"Stokes Property - the Irish property investment agency that offers property search & the ability to exchange online. About","og_url":"https:\/\/www.stokesproperty.ie\/de\/stokes-about\/","og_site_name":"Stokes Property","article_modified_time":"2024-11-27T11:57:00+00:00","og_image":[{"width":349,"height":276,"url":"https:\/\/www.stokesproperty.ie\/wp-content\/uploads\/simon_stokes.png","type":"image\/png"}],"twitter_card":"summary_large_image","twitter_misc":{"Gesch\u00e4tzte Lesezeit":"2\u00a0Minuten"},"schema":{"@context":"https:\/\/schema.org","@graph":[{"@type":"WebPage","@id":"https:\/\/www.stokesproperty.ie\/stokes-about\/","url":"https:\/\/www.stokesproperty.ie\/stokes-about\/","name":"About - Stokes Property","isPartOf":{"@id":"https:\/\/www.stokesproperty.ie\/#website"},"primaryImageOfPage":{"@id":"https:\/\/www.stokesproperty.ie\/stokes-about\/#primaryimage"},"image":{"@id":"https:\/\/www.stokesproperty.ie\/stokes-about\/#primaryimage"},"thumbnailUrl":"https:\/\/www.stokesproperty.ie\/wp-content\/uploads\/simon_stokes.png","datePublished":"2023-06-21T07:20:40+00:00","dateModified":"2024-11-27T11:57:00+00:00","description":"Stokes Property - the Irish property investment agency that offers property search & the ability to exchange online. About","breadcrumb":{"@id":"https:\/\/www.stokesproperty.ie\/stokes-about\/#breadcrumb"},"inLanguage":"de","potentialAction":[{"@type":"ReadAction","target":["https:\/\/www.stokesproperty.ie\/stokes-about\/"]}]},{"@type":"ImageObject","inLanguage":"de","@id":"https:\/\/www.stokesproperty.ie\/stokes-about\/#primaryimage","url":"https:\/\/www.stokesproperty.ie\/wp-content\/uploads\/simon_stokes.png","contentUrl":"https:\/\/www.stokesproperty.ie\/wp-content\/uploads\/simon_stokes.png"},{"@type":"BreadcrumbList","@id":"https:\/\/www.stokesproperty.ie\/stokes-about\/#breadcrumb","itemListElement":[{"@type":"ListItem","position":1,"name":"Home","item":"https:\/\/www.stokesproperty.ie\/"},{"@type":"ListItem","position":2,"name":"About"}]},{"@type":"WebSite","@id":"https:\/\/www.stokesproperty.ie\/#website","url":"https:\/\/www.stokesproperty.ie\/","name":"Stokes Property","description":"Commercial Property Online","publisher":{"@id":"https:\/\/www.stokesproperty.ie\/#organization"},"potentialAction":[{"@type":"SearchAction","target":{"@type":"EntryPoint","urlTemplate":"https:\/\/www.stokesproperty.ie\/?s={search_term_string}"},"query-input":{"@type":"PropertyValueSpecification","valueRequired":true,"valueName":"search_term_string"}}],"inLanguage":"de"},{"@type":"Organization","@id":"https:\/\/www.stokesproperty.ie\/#organization","name":"Stokes Property","url":"https:\/\/www.stokesproperty.ie\/","logo":{"@type":"ImageObject","inLanguage":"de","@id":"https:\/\/www.stokesproperty.ie\/#\/schema\/logo\/image\/","url":"https:\/\/www.stokesproperty.ie\/wp-content\/uploads\/stokes_rectangle.jpg","contentUrl":"https:\/\/www.stokesproperty.ie\/wp-content\/uploads\/stokes_rectangle.jpg","width":400,"height":220,"caption":"Stokes Property"},"image":{"@id":"https:\/\/www.stokesproperty.ie\/#\/schema\/logo\/image\/"}}]}},"_links":{"self":[{"href":"https:\/\/www.stokesproperty.ie\/de\/wp-json\/wp\/v2\/pages\/21876","targetHints":{"allow":["GET"]}}],"collection":[{"href":"https:\/\/www.stokesproperty.ie\/de\/wp-json\/wp\/v2\/pages"}],"about":[{"href":"https:\/\/www.stokesproperty.ie\/de\/wp-json\/wp\/v2\/types\/page"}],"author":[{"embeddable":true,"href":"https:\/\/www.stokesproperty.ie\/de\/wp-json\/wp\/v2\/users\/9"}],"replies":[{"embeddable":true,"href":"https:\/\/www.stokesproperty.ie\/de\/wp-json\/wp\/v2\/comments?post=21876"}],"version-history":[{"count":21,"href":"https:\/\/www.stokesproperty.ie\/de\/wp-json\/wp\/v2\/pages\/21876\/revisions"}],"predecessor-version":[{"id":27145,"href":"https:\/\/www.stokesproperty.ie\/de\/wp-json\/wp\/v2\/pages\/21876\/revisions\/27145"}],"wp:attachment":[{"href":"https:\/\/www.stokesproperty.ie\/de\/wp-json\/wp\/v2\/media?parent=21876"}],"curies":[{"name":"wp","href":"https:\/\/api.w.org\/{rel}","templated":true}]}}