{"id":3049,"date":"2022-08-22T10:10:05","date_gmt":"2022-08-22T09:10:05","guid":{"rendered":"https:\/\/sales.singervielle.com\/?page_id=3049"},"modified":"2023-09-26T20:49:09","modified_gmt":"2023-09-26T19:49:09","slug":"previous-sales","status":"publish","type":"page","link":"https:\/\/www.stokesproperty.ie\/de\/previous-sales\/","title":{"rendered":"Vorherige Verk\u00e4ufe"},"content":{"rendered":"<div data-elementor-type=\"wp-page\" data-elementor-id=\"3049\" class=\"elementor elementor-3049\" data-elementor-post-type=\"page\">\n\t\t\t\t<div class=\"elementor-element elementor-element-280e37a e-flex e-con-boxed e-con e-parent\" data-id=\"280e37a\" data-element_type=\"container\">\n\t\t\t\t\t<div class=\"e-con-inner\">\n\t\t<div class=\"elementor-element elementor-element-3ad0327 e-con-full e-transform e-flex e-con e-child\" data-id=\"3ad0327\" data-element_type=\"container\" data-settings=\"{&quot;_transform_translateX_effect&quot;:{&quot;unit&quot;:&quot;px&quot;,&quot;size&quot;:-286,&quot;sizes&quot;:[]},&quot;_transform_translateY_effect&quot;:{&quot;unit&quot;:&quot;px&quot;,&quot;size&quot;:-875,&quot;sizes&quot;:[]},&quot;position&quot;:&quot;absolute&quot;,&quot;_transform_translateX_effect_laptop&quot;:{&quot;unit&quot;:&quot;px&quot;,&quot;size&quot;:&quot;&quot;,&quot;sizes&quot;:[]},&quot;_transform_translateX_effect_tablet&quot;:{&quot;unit&quot;:&quot;px&quot;,&quot;size&quot;:&quot;&quot;,&quot;sizes&quot;:[]},&quot;_transform_translateX_effect_mobile&quot;:{&quot;unit&quot;:&quot;px&quot;,&quot;size&quot;:&quot;&quot;,&quot;sizes&quot;:[]},&quot;_transform_translateY_effect_laptop&quot;:{&quot;unit&quot;:&quot;px&quot;,&quot;size&quot;:&quot;&quot;,&quot;sizes&quot;:[]},&quot;_transform_translateY_effect_tablet&quot;:{&quot;unit&quot;:&quot;px&quot;,&quot;size&quot;:&quot;&quot;,&quot;sizes&quot;:[]},&quot;_transform_translateY_effect_mobile&quot;:{&quot;unit&quot;:&quot;px&quot;,&quot;size&quot;:&quot;&quot;,&quot;sizes&quot;:[]}}\">\n\t\t\t\t<div class=\"elementor-element elementor-element-6b2802f rotate e-transform elementor-widget elementor-widget-image\" data-id=\"6b2802f\" data-element_type=\"widget\" data-settings=\"{&quot;_transform_scale_effect&quot;:{&quot;unit&quot;:&quot;px&quot;,&quot;size&quot;:1,&quot;sizes&quot;:[]},&quot;_transform_scale_effect_tablet&quot;:{&quot;unit&quot;:&quot;px&quot;,&quot;size&quot;:1.3,&quot;sizes&quot;:[]},&quot;_transform_scale_effect_laptop&quot;:{&quot;unit&quot;:&quot;px&quot;,&quot;size&quot;:&quot;&quot;,&quot;sizes&quot;:[]},&quot;_transform_scale_effect_mobile&quot;:{&quot;unit&quot;:&quot;px&quot;,&quot;size&quot;:&quot;&quot;,&quot;sizes&quot;:[]}}\" data-widget_type=\"image.default\">\n\t\t\t\t<div class=\"elementor-widget-container\">\n\t\t\t\t\t\t\t\t\t\t\t\t\t\t\t<img fetchpriority=\"high\" decoding=\"async\" width=\"4135\" height=\"4135\" src=\"https:\/\/www.stokesproperty.ie\/wp-content\/uploads\/circle-lines-background-min.png\" class=\"attachment-full size-full wp-image-14329\" alt=\"\" srcset=\"https:\/\/www.stokesproperty.ie\/wp-content\/uploads\/circle-lines-background-min.png 4135w, https:\/\/www.stokesproperty.ie\/wp-content\/uploads\/circle-lines-background-min-300x300.png 300w, https:\/\/www.stokesproperty.ie\/wp-content\/uploads\/circle-lines-background-min-1024x1024.png 1024w, https:\/\/www.stokesproperty.ie\/wp-content\/uploads\/circle-lines-background-min-150x150.png 150w, https:\/\/www.stokesproperty.ie\/wp-content\/uploads\/circle-lines-background-min-768x768.png 768w, https:\/\/www.stokesproperty.ie\/wp-content\/uploads\/circle-lines-background-min-1536x1536.png 1536w, https:\/\/www.stokesproperty.ie\/wp-content\/uploads\/circle-lines-background-min-2048x2048.png 2048w, https:\/\/www.stokesproperty.ie\/wp-content\/uploads\/circle-lines-background-min-12x12.png 12w\" sizes=\"(max-width: 4135px) 100vw, 4135px\" \/>\t\t\t\t\t\t\t\t\t\t\t\t\t\t\t<\/div>\n\t\t\t\t<\/div>\n\t\t\t\t<\/div>\n\t\t<div class=\"elementor-element elementor-element-5c8e5c1 e-con-full e-flex e-con e-child\" data-id=\"5c8e5c1\" data-element_type=\"container\">\n\t\t\t\t<div class=\"elementor-element elementor-element-de10cfd elementor-view-default elementor-invisible elementor-widget elementor-widget-icon\" data-id=\"de10cfd\" data-element_type=\"widget\" data-settings=\"{&quot;_animation&quot;:&quot;fadeInLeft&quot;,&quot;_animation_delay&quot;:500}\" data-widget_type=\"icon.default\">\n\t\t\t\t<div class=\"elementor-widget-container\">\n\t\t\t\t\t\t\t<div class=\"elementor-icon-wrapper\">\n\t\t\t<div class=\"elementor-icon\">\n\t\t\t<svg xmlns=\"http:\/\/www.w3.org\/2000\/svg\" width=\"14.397\" height=\"24\" viewbox=\"0 0 14.397 24\"><path id=\"Path_1178\" data-name=\"Path 1178\" d=\"M332.575-260.666h2.992l4.84-24h-2.992Zm6.565,0h2.992l4.84-24h-2.992Z\" transform=\"translate(-332.575 284.666)\"><\/path><\/svg>\t\t\t<\/div>\n\t\t<\/div>\n\t\t\t\t\t\t<\/div>\n\t\t\t\t<\/div>\n\t\t\t\t<div class=\"elementor-element elementor-element-4e15a99 elementor-widget__width-auto elementor-widget-laptop__width-auto animated-fast elementor-invisible elementor-widget elementor-widget-heading\" data-id=\"4e15a99\" data-element_type=\"widget\" data-settings=\"{&quot;_animation&quot;:&quot;fadeInLeft&quot;,&quot;_animation_delay&quot;:200}\" data-widget_type=\"heading.default\">\n\t\t\t\t<div class=\"elementor-widget-container\">\n\t\t\t\t\t<h2 class=\"elementor-heading-title elementor-size-default\">Vorherige Verk\u00e4ufe<\/h2>\t\t\t\t<\/div>\n\t\t\t\t<\/div>\n\t\t\t\t<\/div>\n\t\t\t\t<div class=\"elementor-element elementor-element-a21f7c6 elementor-widget__width-initial elementor-invisible elementor-widget elementor-widget-text-editor\" data-id=\"a21f7c6\" data-element_type=\"widget\" data-settings=\"{&quot;_animation&quot;:&quot;fadeInLeft&quot;,&quot;_animation_delay&quot;:250}\" data-widget_type=\"text-editor.default\">\n\t\t\t\t<div class=\"elementor-widget-container\">\n\t\t\t\t\t\t\t\t\t<p>Alle unsere Immobilienverk\u00e4ufe seit 2006.<\/p><p><span style=\"color: var( --e-global-color-text ); font-family: var( --e-global-typography-47fc492-font-family ), Sans-serif; font-size: var( --e-global-typography-47fc492-font-size ); font-weight: var( --e-global-typography-47fc492-font-weight ); letter-spacing: var( --e-global-typography-47fc492-letter-spacing ); word-spacing: var( --e-global-typography-47fc492-word-spacing ); text-align: var(--text-align);\">Unsere Geschichte des Immobilienverkaufs spricht f\u00fcr sich, denn sie zeigt, dass wir die Technologie schon fr\u00fch \u00fcbernommen und einen Marktf\u00fchrer beim Online-Verkauf von Immobilien im Vereinigten K\u00f6nigreich etabliert haben.<\/span><br><\/p>\t\t\t\t\t\t\t\t<\/div>\n\t\t\t\t<\/div>\n\t\t<div class=\"elementor-element elementor-element-c246b79 e-flex e-con-boxed e-con e-child\" data-id=\"c246b79\" data-element_type=\"container\" data-settings=\"{&quot;background_background&quot;:&quot;classic&quot;}\">\n\t\t\t\t\t<div class=\"e-con-inner\">\n\t\t<div class=\"elementor-element elementor-element-3e89162 e-con-full e-flex elementor-invisible e-con e-child\" data-id=\"3e89162\" data-element_type=\"container\" data-settings=\"{&quot;animation&quot;:&quot;fadeIn&quot;,&quot;animation_delay&quot;:250}\">\n\t\t\t\t<div class=\"elementor-element elementor-element-71251d4 elementor-align-left elementor-widget elementor-widget-button\" data-id=\"71251d4\" data-element_type=\"widget\" data-widget_type=\"button.default\">\n\t\t\t\t<div class=\"elementor-widget-container\">\n\t\t\t\t\t\t\t\t\t<div class=\"elementor-button-wrapper\">\n\t\t\t\t\t<a class=\"elementor-button elementor-button-link elementor-size-sm\" href=\"https:\/\/previous.stokesproperty.ie\/\" target=\"_blank\">\n\t\t\t\t\t\t<span class=\"elementor-button-content-wrapper\">\n\t\t\t\t\t\t<span class=\"elementor-button-icon\">\n\t\t\t\t<svg xmlns=\"http:\/\/www.w3.org\/2000\/svg\" width=\"11\" height=\"10.98\" viewbox=\"0 0 11 10.98\"><path id=\"learnaMoreIcon\" d=\"M9,10.981V3.409l-7.293,7.28L.294,9.277,7.588,2H0V0H11v10.98Z\" transform=\"translate(-0.001 -0.001)\" fill=\"#3af\"><\/path><\/svg>\t\t\t<\/span>\n\t\t\t\t\t\t\t\t\t<span class=\"elementor-button-text\">Fr\u00fchere Verk\u00e4ufe vor 2023<\/span>\n\t\t\t\t\t<\/span>\n\t\t\t\t\t<\/a>\n\t\t\t\t<\/div>\n\t\t\t\t\t\t\t\t<\/div>\n\t\t\t\t<\/div>\n\t\t\t\t<\/div>\n\t\t\t\t\t<\/div>\n\t\t\t\t<\/div>\n\t\t\t\t\t<\/div>\n\t\t\t\t<\/div>\n\t\t\t\t<\/div>","protected":false},"excerpt":{"rendered":"<p>Vorherige Verk\u00e4ufe Alle unsere Immobilienverk\u00e4ufe seit 2006. Unsere Geschichte der Immobilienverk\u00e4ufe spricht f\u00fcr sich und zeigt, dass wir fr\u00fchzeitig Technologie eingef\u00fchrt und uns als Marktf\u00fchrer im Online-Verkauf von britischen Immobilien etabliert haben. Vorherige Verk\u00e4ufe vor 2023<\/p>","protected":false},"author":7,"featured_media":0,"parent":0,"menu_order":0,"comment_status":"closed","ping_status":"closed","template":"","meta":{"_acf_changed":false,"content-type":"","inline_featured_image":false,"footnotes":""},"class_list":["post-3049","page","type-page","status-publish","hentry"],"acf":[],"yoast_head":"<!-- This site is optimized with the Yoast SEO plugin v25.4 - https:\/\/yoast.com\/wordpress\/plugins\/seo\/ -->\n<title>Previous Sales - Stokes Property<\/title>\n<meta name=\"description\" content=\"Stokes Property - the Irish property investment agency that offers property search &amp; the ability to exchange online. Previous Sales\" \/>\n<meta name=\"robots\" content=\"index, follow, max-snippet:-1, max-image-preview:large, max-video-preview:-1\" \/>\n<link rel=\"canonical\" href=\"https:\/\/www.stokesproperty.ie\/de\/previous-sales\/\" \/>\n<meta property=\"og:locale\" content=\"de_DE\" \/>\n<meta property=\"og:type\" content=\"article\" \/>\n<meta property=\"og:title\" content=\"Previous Sales - Stokes Property\" \/>\n<meta property=\"og:description\" content=\"Stokes Property - the Irish property investment agency that offers property search &amp; the ability to exchange online. Previous Sales\" \/>\n<meta property=\"og:url\" content=\"https:\/\/www.stokesproperty.ie\/de\/previous-sales\/\" \/>\n<meta property=\"og:site_name\" content=\"Stokes Property\" \/>\n<meta property=\"article:modified_time\" content=\"2023-09-26T19:49:09+00:00\" \/>\n<meta property=\"og:image\" content=\"https:\/\/www.stokesproperty.ie\/wp-content\/uploads\/circle-lines-background-min.png\" \/>\n<meta name=\"twitter:card\" content=\"summary_large_image\" \/>\n<meta name=\"twitter:label1\" content=\"Gesch\u00e4tzte Lesezeit\" \/>\n\t<meta name=\"twitter:data1\" content=\"1\u00a0Minute\" \/>\n<script type=\"application\/ld+json\" class=\"yoast-schema-graph\">{\"@context\":\"https:\/\/schema.org\",\"@graph\":[{\"@type\":\"WebPage\",\"@id\":\"https:\/\/www.stokesproperty.ie\/previous-sales\/\",\"url\":\"https:\/\/www.stokesproperty.ie\/previous-sales\/\",\"name\":\"Previous Sales - Stokes Property\",\"isPartOf\":{\"@id\":\"https:\/\/www.stokesproperty.ie\/#website\"},\"primaryImageOfPage\":{\"@id\":\"https:\/\/www.stokesproperty.ie\/previous-sales\/#primaryimage\"},\"image\":{\"@id\":\"https:\/\/www.stokesproperty.ie\/previous-sales\/#primaryimage\"},\"thumbnailUrl\":\"https:\/\/www.stokesproperty.ie\/wp-content\/uploads\/circle-lines-background-min.png\",\"datePublished\":\"2022-08-22T09:10:05+00:00\",\"dateModified\":\"2023-09-26T19:49:09+00:00\",\"description\":\"Stokes Property - the Irish property investment agency that offers property search & the ability to exchange online. Previous Sales\",\"breadcrumb\":{\"@id\":\"https:\/\/www.stokesproperty.ie\/previous-sales\/#breadcrumb\"},\"inLanguage\":\"de\",\"potentialAction\":[{\"@type\":\"ReadAction\",\"target\":[\"https:\/\/www.stokesproperty.ie\/previous-sales\/\"]}]},{\"@type\":\"ImageObject\",\"inLanguage\":\"de\",\"@id\":\"https:\/\/www.stokesproperty.ie\/previous-sales\/#primaryimage\",\"url\":\"https:\/\/www.stokesproperty.ie\/wp-content\/uploads\/circle-lines-background-min.png\",\"contentUrl\":\"https:\/\/www.stokesproperty.ie\/wp-content\/uploads\/circle-lines-background-min.png\"},{\"@type\":\"BreadcrumbList\",\"@id\":\"https:\/\/www.stokesproperty.ie\/previous-sales\/#breadcrumb\",\"itemListElement\":[{\"@type\":\"ListItem\",\"position\":1,\"name\":\"Home\",\"item\":\"https:\/\/www.stokesproperty.ie\/\"},{\"@type\":\"ListItem\",\"position\":2,\"name\":\"Previous Sales\"}]},{\"@type\":\"WebSite\",\"@id\":\"https:\/\/www.stokesproperty.ie\/#website\",\"url\":\"https:\/\/www.stokesproperty.ie\/\",\"name\":\"Stokes Property\",\"description\":\"Commercial Property Online\",\"publisher\":{\"@id\":\"https:\/\/www.stokesproperty.ie\/#organization\"},\"potentialAction\":[{\"@type\":\"SearchAction\",\"target\":{\"@type\":\"EntryPoint\",\"urlTemplate\":\"https:\/\/www.stokesproperty.ie\/?s={search_term_string}\"},\"query-input\":{\"@type\":\"PropertyValueSpecification\",\"valueRequired\":true,\"valueName\":\"search_term_string\"}}],\"inLanguage\":\"de\"},{\"@type\":\"Organization\",\"@id\":\"https:\/\/www.stokesproperty.ie\/#organization\",\"name\":\"Stokes Property\",\"url\":\"https:\/\/www.stokesproperty.ie\/\",\"logo\":{\"@type\":\"ImageObject\",\"inLanguage\":\"de\",\"@id\":\"https:\/\/www.stokesproperty.ie\/#\/schema\/logo\/image\/\",\"url\":\"https:\/\/www.stokesproperty.ie\/wp-content\/uploads\/stokes_rectangle.jpg\",\"contentUrl\":\"https:\/\/www.stokesproperty.ie\/wp-content\/uploads\/stokes_rectangle.jpg\",\"width\":400,\"height\":220,\"caption\":\"Stokes Property\"},\"image\":{\"@id\":\"https:\/\/www.stokesproperty.ie\/#\/schema\/logo\/image\/\"}}]}<\/script>\n<!-- \/ Yoast SEO plugin. -->","yoast_head_json":{"title":"Previous Sales - Stokes Property","description":"Stokes Property - the Irish property investment agency that offers property search & the ability to exchange online. Previous Sales","robots":{"index":"index","follow":"follow","max-snippet":"max-snippet:-1","max-image-preview":"max-image-preview:large","max-video-preview":"max-video-preview:-1"},"canonical":"https:\/\/www.stokesproperty.ie\/de\/previous-sales\/","og_locale":"de_DE","og_type":"article","og_title":"Previous Sales - Stokes Property","og_description":"Stokes Property - the Irish property investment agency that offers property search & the ability to exchange online. Previous Sales","og_url":"https:\/\/www.stokesproperty.ie\/de\/previous-sales\/","og_site_name":"Stokes Property","article_modified_time":"2023-09-26T19:49:09+00:00","og_image":[{"url":"https:\/\/www.stokesproperty.ie\/wp-content\/uploads\/circle-lines-background-min.png","type":"","width":"","height":""}],"twitter_card":"summary_large_image","twitter_misc":{"Gesch\u00e4tzte Lesezeit":"1\u00a0Minute"},"schema":{"@context":"https:\/\/schema.org","@graph":[{"@type":"WebPage","@id":"https:\/\/www.stokesproperty.ie\/previous-sales\/","url":"https:\/\/www.stokesproperty.ie\/previous-sales\/","name":"Previous Sales - Stokes Property","isPartOf":{"@id":"https:\/\/www.stokesproperty.ie\/#website"},"primaryImageOfPage":{"@id":"https:\/\/www.stokesproperty.ie\/previous-sales\/#primaryimage"},"image":{"@id":"https:\/\/www.stokesproperty.ie\/previous-sales\/#primaryimage"},"thumbnailUrl":"https:\/\/www.stokesproperty.ie\/wp-content\/uploads\/circle-lines-background-min.png","datePublished":"2022-08-22T09:10:05+00:00","dateModified":"2023-09-26T19:49:09+00:00","description":"Stokes Property - the Irish property investment agency that offers property search & the ability to exchange online. Previous Sales","breadcrumb":{"@id":"https:\/\/www.stokesproperty.ie\/previous-sales\/#breadcrumb"},"inLanguage":"de","potentialAction":[{"@type":"ReadAction","target":["https:\/\/www.stokesproperty.ie\/previous-sales\/"]}]},{"@type":"ImageObject","inLanguage":"de","@id":"https:\/\/www.stokesproperty.ie\/previous-sales\/#primaryimage","url":"https:\/\/www.stokesproperty.ie\/wp-content\/uploads\/circle-lines-background-min.png","contentUrl":"https:\/\/www.stokesproperty.ie\/wp-content\/uploads\/circle-lines-background-min.png"},{"@type":"BreadcrumbList","@id":"https:\/\/www.stokesproperty.ie\/previous-sales\/#breadcrumb","itemListElement":[{"@type":"ListItem","position":1,"name":"Home","item":"https:\/\/www.stokesproperty.ie\/"},{"@type":"ListItem","position":2,"name":"Previous Sales"}]},{"@type":"WebSite","@id":"https:\/\/www.stokesproperty.ie\/#website","url":"https:\/\/www.stokesproperty.ie\/","name":"Stokes Property","description":"Commercial Property Online","publisher":{"@id":"https:\/\/www.stokesproperty.ie\/#organization"},"potentialAction":[{"@type":"SearchAction","target":{"@type":"EntryPoint","urlTemplate":"https:\/\/www.stokesproperty.ie\/?s={search_term_string}"},"query-input":{"@type":"PropertyValueSpecification","valueRequired":true,"valueName":"search_term_string"}}],"inLanguage":"de"},{"@type":"Organization","@id":"https:\/\/www.stokesproperty.ie\/#organization","name":"Stokes Property","url":"https:\/\/www.stokesproperty.ie\/","logo":{"@type":"ImageObject","inLanguage":"de","@id":"https:\/\/www.stokesproperty.ie\/#\/schema\/logo\/image\/","url":"https:\/\/www.stokesproperty.ie\/wp-content\/uploads\/stokes_rectangle.jpg","contentUrl":"https:\/\/www.stokesproperty.ie\/wp-content\/uploads\/stokes_rectangle.jpg","width":400,"height":220,"caption":"Stokes Property"},"image":{"@id":"https:\/\/www.stokesproperty.ie\/#\/schema\/logo\/image\/"}}]}},"_links":{"self":[{"href":"https:\/\/www.stokesproperty.ie\/de\/wp-json\/wp\/v2\/pages\/3049","targetHints":{"allow":["GET"]}}],"collection":[{"href":"https:\/\/www.stokesproperty.ie\/de\/wp-json\/wp\/v2\/pages"}],"about":[{"href":"https:\/\/www.stokesproperty.ie\/de\/wp-json\/wp\/v2\/types\/page"}],"author":[{"embeddable":true,"href":"https:\/\/www.stokesproperty.ie\/de\/wp-json\/wp\/v2\/users\/7"}],"replies":[{"embeddable":true,"href":"https:\/\/www.stokesproperty.ie\/de\/wp-json\/wp\/v2\/comments?post=3049"}],"version-history":[{"count":3,"href":"https:\/\/www.stokesproperty.ie\/de\/wp-json\/wp\/v2\/pages\/3049\/revisions"}],"predecessor-version":[{"id":24456,"href":"https:\/\/www.stokesproperty.ie\/de\/wp-json\/wp\/v2\/pages\/3049\/revisions\/24456"}],"wp:attachment":[{"href":"https:\/\/www.stokesproperty.ie\/de\/wp-json\/wp\/v2\/media?parent=3049"}],"curies":[{"name":"wp","href":"https:\/\/api.w.org\/{rel}","templated":true}]}}