{"id":16209,"date":"2023-02-17T12:32:18","date_gmt":"2023-02-17T12:32:18","guid":{"rendered":"https:\/\/sales.singervielle.com\/?page_id=16209"},"modified":"2024-11-19T17:23:09","modified_gmt":"2024-11-19T17:23:09","slug":"disclaimer","status":"publish","type":"page","link":"https:\/\/www.stokesproperty.ie\/es\/disclaimer\/","title":{"rendered":"Descargo de responsabilidad"},"content":{"rendered":"<div data-elementor-type=\"wp-page\" data-elementor-id=\"16209\" class=\"elementor elementor-16209\" data-elementor-post-type=\"page\">\n\t\t\t\t<div class=\"elementor-element elementor-element-a8b6655 e-flex e-con-boxed e-con e-parent\" data-id=\"a8b6655\" data-element_type=\"container\">\n\t\t\t\t\t<div class=\"e-con-inner\">\n\t\t<div class=\"elementor-element elementor-element-432691b e-con-full e-flex e-con e-child\" data-id=\"432691b\" data-element_type=\"container\">\n\t\t\t\t<div class=\"elementor-element elementor-element-aec9e09 elementor-widget__width-auto elementor-widget-laptop__width-auto animated-fast elementor-invisible elementor-widget elementor-widget-heading\" data-id=\"aec9e09\" data-element_type=\"widget\" data-settings=\"{&quot;_animation&quot;:&quot;fadeInLeft&quot;,&quot;_animation_delay&quot;:200}\" data-widget_type=\"heading.default\">\n\t\t\t\t<div class=\"elementor-widget-container\">\n\t\t\t\t\t<h2 class=\"elementor-heading-title elementor-size-default\">Aviso legal y declaraci\u00f3n de privacidad<\/h2>\t\t\t\t<\/div>\n\t\t\t\t<\/div>\n\t\t\t\t<\/div>\n\t\t\t\t<div class=\"elementor-element elementor-element-e73cddd elementor-widget__width-initial elementor-widget-tablet__width-inherit elementor-invisible elementor-widget elementor-widget-text-editor\" data-id=\"e73cddd\" data-element_type=\"widget\" data-settings=\"{&quot;_animation&quot;:&quot;fadeInLeft&quot;,&quot;_animation_delay&quot;:250}\" data-widget_type=\"text-editor.default\">\n\t\t\t\t<div class=\"elementor-widget-container\">\n\t\t\t\t\t\t\t\t\t<h4><strong>Informaci\u00f3n legal \u2013 Descargo de responsabilidad Irlanda:<\/strong><\/h4><p>Stokes Property Consultants Limited t\/a Stokes Property y el vendedor\/arrendador notifican que:<\/p><ol><li>Estos datos son s\u00f3lo orientativos y no constituyen ni constituyen parte alguna de una oferta o contrato.<\/li><li>Todas las declaraciones contenidas en estos detalles en cuanto a esta propiedad se hacen sin responsabilidad por parte de los Agentes o el Vendedor\/Arrendador.<\/li><li>Ninguna de las declaraciones contenidas en estos detalles en cuanto a esta propiedad debe considerarse como declaraciones o representaciones de hecho.<\/li><li>Los detalles, diversos planos, fotograf\u00edas, descripciones y mediciones se han preparado cuidadosamente, pero su exactitud no est\u00e1 garantizada y cualquier Comprador\/Arrendatario deber\u00e1 asegurarse mediante inspecci\u00f3n o de otro modo de su exactitud. Ninguna omisi\u00f3n, error accidental o tergiversaci\u00f3n ser\u00e1 motivo de reclamaci\u00f3n de indemnizaci\u00f3n o de rescisi\u00f3n del Contrato por parte del Vendedor\/Arrendador o del Comprador\/Inquilino.<\/li><li>Ni el vendedor\/arrendador ni Stokes Property Consultants Ltd. t\/a Stokes Property ni ninguna persona en su empleo tienen autoridad para hacer o dar ninguna representaci\u00f3n o garant\u00eda en relaci\u00f3n con la propiedad. 6. Los precios se cotizan sin IVA (a menos que se indique lo contrario) y todas las negociaciones se llevan a cabo sobre la base de que el Comprador\/Inquilino ser\u00e1 responsable de cualquier IVA.<\/li><\/ol><h4>Declaraci\u00f3n de privacidad de protecci\u00f3n de datos<\/h4><p>Stokes Property, si bien requiere su informaci\u00f3n para cumplir y brindar un servicio profesional, se compromete a proteger todos los datos personales de nuestros clientes. Solicitaremos su consentimiento antes de recopilar o procesar sus datos cuando estemos obligados a hacerlo seg\u00fan los t\u00e9rminos de la legislaci\u00f3n vigente en materia de protecci\u00f3n de datos.<\/p><p>\u00a0<\/p><p>No le enviaremos correos electr\u00f3nicos no solicitados ni compartiremos sus datos con terceros. Recopilamos informaci\u00f3n \u00fanicamente a trav\u00e9s de la interacci\u00f3n directa con nosotros por tel\u00e9fono, correo electr\u00f3nico o carta, o mediante nuestra relaci\u00f3n directa con usted.<\/p><p>\u00a0<\/p><p>No conservaremos su informaci\u00f3n personal m\u00e1s tiempo del necesario. La conservaremos mientras dure su relaci\u00f3n con nosotros y durante el periodo posterior que sea necesario para cumplir con la legislaci\u00f3n vigente.<\/p><p>Cuando no exista ning\u00fan contrato, conservaremos su informaci\u00f3n personal solo durante el tiempo que sea necesario para el cumplimiento de la legislaci\u00f3n aplicable actual (normalmente 6 a\u00f1os).<\/p><p>Puede ejercer su derecho a que se elimine la informaci\u00f3n siempre que no necesitemos conservarla en relaci\u00f3n con alguno de los motivos permitidos o requeridos por la legislaci\u00f3n aplicable vigente.<\/p><p>Podemos divulgar su informaci\u00f3n personal a terceros si es necesario para cumplir con los t\u00e9rminos de su contrato con nosotros; por ejemplo, a asesores profesionales o sus agentes, abogados, tasadores, proveedores de servicios, personal pertinente para realizar la debida diligencia en relaci\u00f3n con cualquier propuesta de fusi\u00f3n, adquisici\u00f3n o transferencia de nuestro negocio, a cualquier persona designada para gestionar dicho acuerdo y a las autoridades reguladoras u otras autoridades y organismos competentes, seg\u00fan lo exija o requiera la ley, todo ello sujeto a obligaciones de confidencialidad. Solo divulgamos la informaci\u00f3n personal necesaria para que puedan prestar el servicio que prestan en su nombre o en el nuestro.<\/p><p>Sus datos no ser\u00e1n cedidos a ning\u00fan tercero para sus propios fines de marketing independientes. Usted tiene derecho a acceder a su informaci\u00f3n personal y a retirar el consentimiento para el procesamiento de su informaci\u00f3n personal, incluido el derecho a corregir, eliminar, restringir dicha informaci\u00f3n o solicitar que la misma sea transferida a otro responsable del tratamiento de datos, sujeto en todo momento a nuestro cumplimiento de la legislaci\u00f3n vigente aplicable.<\/p><p>No se conservar\u00e1 informaci\u00f3n personal relativa a personas menores de 16 a\u00f1os, a menos que lo solicite espec\u00edficamente un padre o tutor.<\/p><p>Es posible que necesitemos que nos proporcione datos personales para permitirnos brindar el servicio contratado, incluido su nombre, direcci\u00f3n, direcci\u00f3n de correo electr\u00f3nico y n\u00famero de tel\u00e9fono, detalles de la propiedad o servicio que le brindamos, informaci\u00f3n necesaria relacionada con sus medios financieros, como prueba documentada de fondos, controles de identidad y cualquier informaci\u00f3n que sea necesaria para el cumplimiento de la legislaci\u00f3n contra el lavado de dinero y la regulaci\u00f3n de los servicios de propiedad.<\/p><p>\u00a0<\/p><p>Se toman todas las medidas razonables para proteger la informaci\u00f3n personal que conservamos contra el uso indebido, la p\u00e9rdida o el acceso no autorizado. Si sospecha que se ha producido alg\u00fan uso indebido, p\u00e9rdida o acceso no autorizado a sus datos personales, p\u00f3ngase en contacto con nosotros en majella@stokesproperty.ie.<\/p><p>Si no est\u00e1 satisfecho con el resultado de una solicitud, tiene derecho a presentar una reclamaci\u00f3n ante la Comisi\u00f3n de Protecci\u00f3n de Datos, que podr\u00e1 investigar el asunto en su nombre en info@dataprotection.ie \/ Comisi\u00f3n de Protecci\u00f3n de Datos, Canal House, Station Road, Portarlington, Condado de Laois, R32 AP23. Tel\u00e9fono: 1890 252 231. www.dataprotection.ie<\/p><p>De igual forma, si ya no desea recibir comunicaciones respecto a sus requerimientos inmobiliarios, por favor inf\u00f3rmenos a <a href=\"mailto:sarah@stokesproperty.ie\">sarah@stokesproperty.ie<\/a><\/p><p>Nos reservamos el derecho de modificar esta Pol\u00edtica de privacidad seg\u00fan sea necesario.<\/p><p>\u00a0<\/p><h4><strong>Con respecto a la ley del Reino Unido<\/strong><\/h4><h5>\u00a0<\/h5><h5><strong>Sujeto a contrato y sin IVA<\/strong><\/h5><p>Esta exenci\u00f3n de responsabilidad se aplica a www.stokesproperty.ie (el <strong>&quot;Sitio&quot;<\/strong>) que es propiedad de Singer Vielle Limited (<strong>\u201cSinger Vielle\u201d<\/strong>) y operado bajo licencia por Stokes Property Consultants Limited.<\/p><h5><strong>Ley de tergiversaci\u00f3n de 1967<\/strong><\/h5><p>Stokes Property Consultants Limited, para ellos mismos y para los vendedores o arrendadores de propiedades para quienes act\u00faan como agentes, notifican que:<\/p><ol><li>Los detalles se establecen como un esquema general s\u00f3lo para orientaci\u00f3n de los posibles compradores o arrendatarios, y no constituyen ni forman parte de una oferta o contrato.<\/li><li>Todas las descripciones, dimensiones, referencias a la condici\u00f3n y permisos necesarios para el uso y ocupaci\u00f3n, y otros detalles en el Sitio se brindan de buena fe y se consideran correctos en el momento de la publicaci\u00f3n, pero pueden estar sujetos a modificaciones posteriores.<\/li><li>Cualquier posible comprador o arrendatario no debe confiar en las declaraciones hechas por Stokes Property Consultants Limited con respecto a las propiedades como declaraciones o representaciones de hecho, sino que debe asegurarse mediante su propia inspecci\u00f3n o de otro modo de la exactitud de cada una de ellas.<\/li><li>Ninguna persona empleada por Stokes Property Consultants Limited tiene autoridad para hacer o dar ninguna representaci\u00f3n o garant\u00eda en nombre de Stokes Property Consultants Limited en relaci\u00f3n con las propiedades enumeradas en este Sitio o de otro modo.<\/li><li>Todos los mapas tienen fines de identificaci\u00f3n y referencia \u00fanicamente y no se debe confiar en su precisi\u00f3n.<\/li><li>A menos que se indique lo contrario, todos los precios, alquileres y cualquier otra tarifa cotizada no incluyen el Impuesto al Valor Agregado al que puedan estar sujetos.<\/li><\/ol><h5>\u00a0<\/h5><h5><strong>Ley de Finanzas de 1989<\/strong><\/h5><p>A menos que se indique lo contrario, todos los precios y alquileres se cotizan sin IVA.<\/p><h5>\u00a0<\/h5><h5><strong>Ley de descripciones err\u00f3neas de propiedades de 1991<\/strong><\/h5><p>Se cree que estos detalles son correctos en el momento de la compilaci\u00f3n, pero pueden estar sujetos a modificaciones posteriores.<\/p><p>Con respecto a las propiedades enumeradas y\/o que aparecen en el Sitio (cada una <strong>&quot;Propiedad&quot;<\/strong>, y juntos el <strong>&quot;Propiedades&quot;<\/strong>):<\/p><ol><li>Nuestro servicio del Sitio le permite realizar consultas y comprar o arrendar Propiedades que aparecen o se enumeran en este Sitio. Dichas consultas, compras o arrendamientos solo pueden realizarse y permitirse estrictamente sujetos a nuestros T\u00e9rminos de uso (disponibles aqu\u00ed: www.stokesproperty.ie\/terms-of-use) establecidos a continuaci\u00f3n.<\/li><li>Bajo ninguna circunstancia seremos responsables ante usted por ning\u00fan da\u00f1o directo, indirecto, consecuente, incidental o especial que surja de su compra o arrendamiento de cualquier Propiedad en el Sitio.<\/li><li>Bajo ninguna circunstancia seremos responsables de ning\u00fan error o informaci\u00f3n incompleta de la informaci\u00f3n relacionada con cualquier Propiedad enumerada en este Sitio o si alguna Propiedad ha sido retirada de la venta o arrendamiento, ni seremos responsables de las dimensiones inexactas de cualquier Propiedad o precio enumerado.<\/li><li>No aceptamos responsabilidad por la integridad o exactitud de la informaci\u00f3n que aparece en este Sitio proporcionada por los Vendedores o Arrendadores de la Propiedad en cuesti\u00f3n, quienes son los \u00fanicos responsables de dicha informaci\u00f3n.<\/li><li>Si bien creemos que las Propiedades enumeradas est\u00e1n disponibles para compra o arrendamiento, no garantizamos que este sea el caso o que no hayan sido retiradas por el Vendedor o Arrendador de las mismas. Todas las Propiedades que aparecen o enumeran en el Sitio est\u00e1n sujetas a cambios, errores u omisiones. No hemos verificado la exactitud de la informaci\u00f3n relacionada con las Propiedades o las dimensiones proporcionadas por los Vendedores o Arrendadores.<\/li><li>Todas las Propiedades se enumeran sujetas a contrato y los precios mostrados no incluyen IVA, si corresponde.<\/li><\/ol><p>febrero de 2023<\/p>\t\t\t\t\t\t\t\t<\/div>\n\t\t\t\t<\/div>\n\t\t\t\t\t<\/div>\n\t\t\t\t<\/div>\n\t\t\t\t<\/div>","protected":false},"excerpt":{"rendered":"<p>Aviso legal y declaraci\u00f3n de privacidad. Informaci\u00f3n legal \u2013 Aviso legal. Irlanda: Stokes Property Consultants Limited, que opera como Stokes Property, y el vendedor\/arrendador notifican que: Esta informaci\u00f3n es solo orientativa y no constituye ni forma parte de una oferta ni de un contrato. Todas las declaraciones contenidas en esta informaci\u00f3n sobre esta propiedad se realizan sin [\u2026]<\/p>","protected":false},"author":9,"featured_media":0,"parent":0,"menu_order":0,"comment_status":"closed","ping_status":"closed","template":"","meta":{"_acf_changed":false,"content-type":"","inline_featured_image":false,"footnotes":""},"class_list":["post-16209","page","type-page","status-publish","hentry"],"acf":[],"yoast_head":"<!-- This site is optimized with the Yoast SEO plugin v25.4 - https:\/\/yoast.com\/wordpress\/plugins\/seo\/ -->\n<title>Disclaimer - Stokes Property<\/title>\n<meta name=\"description\" content=\"Stokes Property - the Irish property investment agency that offers property search &amp; the ability to exchange online. Disclaimer\" \/>\n<meta name=\"robots\" content=\"index, follow, max-snippet:-1, max-image-preview:large, max-video-preview:-1\" \/>\n<link rel=\"canonical\" href=\"https:\/\/www.stokesproperty.ie\/es\/disclaimer\/\" \/>\n<meta property=\"og:locale\" content=\"es_ES\" \/>\n<meta property=\"og:type\" content=\"article\" \/>\n<meta property=\"og:title\" content=\"Disclaimer - Stokes Property\" \/>\n<meta property=\"og:description\" content=\"Stokes Property - the Irish property investment agency that offers property search &amp; the ability to exchange online. Disclaimer\" \/>\n<meta property=\"og:url\" content=\"https:\/\/www.stokesproperty.ie\/es\/disclaimer\/\" \/>\n<meta property=\"og:site_name\" content=\"Stokes Property\" \/>\n<meta property=\"article:modified_time\" content=\"2024-11-19T17:23:09+00:00\" \/>\n<meta name=\"twitter:card\" content=\"summary_large_image\" \/>\n<meta name=\"twitter:label1\" content=\"Tiempo de lectura\" \/>\n\t<meta name=\"twitter:data1\" content=\"6 minutos\" \/>\n<script type=\"application\/ld+json\" class=\"yoast-schema-graph\">{\"@context\":\"https:\/\/schema.org\",\"@graph\":[{\"@type\":\"WebPage\",\"@id\":\"https:\/\/www.stokesproperty.ie\/disclaimer\/\",\"url\":\"https:\/\/www.stokesproperty.ie\/disclaimer\/\",\"name\":\"Disclaimer - Stokes Property\",\"isPartOf\":{\"@id\":\"https:\/\/www.stokesproperty.ie\/#website\"},\"datePublished\":\"2023-02-17T12:32:18+00:00\",\"dateModified\":\"2024-11-19T17:23:09+00:00\",\"description\":\"Stokes Property - the Irish property investment agency that offers property search & the ability to exchange online. Disclaimer\",\"breadcrumb\":{\"@id\":\"https:\/\/www.stokesproperty.ie\/disclaimer\/#breadcrumb\"},\"inLanguage\":\"es\",\"potentialAction\":[{\"@type\":\"ReadAction\",\"target\":[\"https:\/\/www.stokesproperty.ie\/disclaimer\/\"]}]},{\"@type\":\"BreadcrumbList\",\"@id\":\"https:\/\/www.stokesproperty.ie\/disclaimer\/#breadcrumb\",\"itemListElement\":[{\"@type\":\"ListItem\",\"position\":1,\"name\":\"Home\",\"item\":\"https:\/\/www.stokesproperty.ie\/\"},{\"@type\":\"ListItem\",\"position\":2,\"name\":\"Disclaimer\"}]},{\"@type\":\"WebSite\",\"@id\":\"https:\/\/www.stokesproperty.ie\/#website\",\"url\":\"https:\/\/www.stokesproperty.ie\/\",\"name\":\"Stokes Property\",\"description\":\"Commercial Property Online\",\"publisher\":{\"@id\":\"https:\/\/www.stokesproperty.ie\/#organization\"},\"potentialAction\":[{\"@type\":\"SearchAction\",\"target\":{\"@type\":\"EntryPoint\",\"urlTemplate\":\"https:\/\/www.stokesproperty.ie\/?s={search_term_string}\"},\"query-input\":{\"@type\":\"PropertyValueSpecification\",\"valueRequired\":true,\"valueName\":\"search_term_string\"}}],\"inLanguage\":\"es\"},{\"@type\":\"Organization\",\"@id\":\"https:\/\/www.stokesproperty.ie\/#organization\",\"name\":\"Stokes Property\",\"url\":\"https:\/\/www.stokesproperty.ie\/\",\"logo\":{\"@type\":\"ImageObject\",\"inLanguage\":\"es\",\"@id\":\"https:\/\/www.stokesproperty.ie\/#\/schema\/logo\/image\/\",\"url\":\"https:\/\/www.stokesproperty.ie\/wp-content\/uploads\/stokes_rectangle.jpg\",\"contentUrl\":\"https:\/\/www.stokesproperty.ie\/wp-content\/uploads\/stokes_rectangle.jpg\",\"width\":400,\"height\":220,\"caption\":\"Stokes Property\"},\"image\":{\"@id\":\"https:\/\/www.stokesproperty.ie\/#\/schema\/logo\/image\/\"}}]}<\/script>\n<!-- \/ Yoast SEO plugin. -->","yoast_head_json":{"title":"Disclaimer - Stokes Property","description":"Stokes Property - the Irish property investment agency that offers property search & the ability to exchange online. Disclaimer","robots":{"index":"index","follow":"follow","max-snippet":"max-snippet:-1","max-image-preview":"max-image-preview:large","max-video-preview":"max-video-preview:-1"},"canonical":"https:\/\/www.stokesproperty.ie\/es\/disclaimer\/","og_locale":"es_ES","og_type":"article","og_title":"Disclaimer - Stokes Property","og_description":"Stokes Property - the Irish property investment agency that offers property search & the ability to exchange online. Disclaimer","og_url":"https:\/\/www.stokesproperty.ie\/es\/disclaimer\/","og_site_name":"Stokes Property","article_modified_time":"2024-11-19T17:23:09+00:00","twitter_card":"summary_large_image","twitter_misc":{"Tiempo de lectura":"6 minutos"},"schema":{"@context":"https:\/\/schema.org","@graph":[{"@type":"WebPage","@id":"https:\/\/www.stokesproperty.ie\/disclaimer\/","url":"https:\/\/www.stokesproperty.ie\/disclaimer\/","name":"Disclaimer - Stokes Property","isPartOf":{"@id":"https:\/\/www.stokesproperty.ie\/#website"},"datePublished":"2023-02-17T12:32:18+00:00","dateModified":"2024-11-19T17:23:09+00:00","description":"Stokes Property - the Irish property investment agency that offers property search & the ability to exchange online. Disclaimer","breadcrumb":{"@id":"https:\/\/www.stokesproperty.ie\/disclaimer\/#breadcrumb"},"inLanguage":"es","potentialAction":[{"@type":"ReadAction","target":["https:\/\/www.stokesproperty.ie\/disclaimer\/"]}]},{"@type":"BreadcrumbList","@id":"https:\/\/www.stokesproperty.ie\/disclaimer\/#breadcrumb","itemListElement":[{"@type":"ListItem","position":1,"name":"Home","item":"https:\/\/www.stokesproperty.ie\/"},{"@type":"ListItem","position":2,"name":"Disclaimer"}]},{"@type":"WebSite","@id":"https:\/\/www.stokesproperty.ie\/#website","url":"https:\/\/www.stokesproperty.ie\/","name":"Stokes Property","description":"Commercial Property Online","publisher":{"@id":"https:\/\/www.stokesproperty.ie\/#organization"},"potentialAction":[{"@type":"SearchAction","target":{"@type":"EntryPoint","urlTemplate":"https:\/\/www.stokesproperty.ie\/?s={search_term_string}"},"query-input":{"@type":"PropertyValueSpecification","valueRequired":true,"valueName":"search_term_string"}}],"inLanguage":"es"},{"@type":"Organization","@id":"https:\/\/www.stokesproperty.ie\/#organization","name":"Stokes Property","url":"https:\/\/www.stokesproperty.ie\/","logo":{"@type":"ImageObject","inLanguage":"es","@id":"https:\/\/www.stokesproperty.ie\/#\/schema\/logo\/image\/","url":"https:\/\/www.stokesproperty.ie\/wp-content\/uploads\/stokes_rectangle.jpg","contentUrl":"https:\/\/www.stokesproperty.ie\/wp-content\/uploads\/stokes_rectangle.jpg","width":400,"height":220,"caption":"Stokes Property"},"image":{"@id":"https:\/\/www.stokesproperty.ie\/#\/schema\/logo\/image\/"}}]}},"_links":{"self":[{"href":"https:\/\/www.stokesproperty.ie\/es\/wp-json\/wp\/v2\/pages\/16209","targetHints":{"allow":["GET"]}}],"collection":[{"href":"https:\/\/www.stokesproperty.ie\/es\/wp-json\/wp\/v2\/pages"}],"about":[{"href":"https:\/\/www.stokesproperty.ie\/es\/wp-json\/wp\/v2\/types\/page"}],"author":[{"embeddable":true,"href":"https:\/\/www.stokesproperty.ie\/es\/wp-json\/wp\/v2\/users\/9"}],"replies":[{"embeddable":true,"href":"https:\/\/www.stokesproperty.ie\/es\/wp-json\/wp\/v2\/comments?post=16209"}],"version-history":[{"count":6,"href":"https:\/\/www.stokesproperty.ie\/es\/wp-json\/wp\/v2\/pages\/16209\/revisions"}],"predecessor-version":[{"id":27107,"href":"https:\/\/www.stokesproperty.ie\/es\/wp-json\/wp\/v2\/pages\/16209\/revisions\/27107"}],"wp:attachment":[{"href":"https:\/\/www.stokesproperty.ie\/es\/wp-json\/wp\/v2\/media?parent=16209"}],"curies":[{"name":"wp","href":"https:\/\/api.w.org\/{rel}","templated":true}]}}