{"id":16218,"date":"2023-02-17T12:37:47","date_gmt":"2023-02-17T12:37:47","guid":{"rendered":"https:\/\/sales.singervielle.com\/?page_id=16218"},"modified":"2023-06-08T10:06:29","modified_gmt":"2023-06-08T09:06:29","slug":"cookie-policy","status":"publish","type":"page","link":"https:\/\/www.stokesproperty.ie\/es\/cookie-policy\/","title":{"rendered":"Pol\u00edtica de cookies"},"content":{"rendered":"<div data-elementor-type=\"wp-page\" data-elementor-id=\"16218\" class=\"elementor elementor-16218\" data-elementor-post-type=\"page\">\n\t\t\t\t<div class=\"elementor-element elementor-element-f4d74a5 e-flex e-con-boxed e-con e-parent\" data-id=\"f4d74a5\" data-element_type=\"container\" data-settings=\"{&quot;background_background&quot;:&quot;gradient&quot;}\">\n\t\t\t\t\t<div class=\"e-con-inner\">\n\t\t\t\t\t<\/div>\n\t\t\t\t<\/div>\n\t\t<div class=\"elementor-element elementor-element-f81a2eb e-flex e-con-boxed e-con e-parent\" data-id=\"f81a2eb\" data-element_type=\"container\">\n\t\t\t\t\t<div class=\"e-con-inner\">\n\t\t<div class=\"elementor-element elementor-element-1b16016 e-con-full e-flex e-con e-child\" data-id=\"1b16016\" data-element_type=\"container\">\n\t\t\t\t<div class=\"elementor-element elementor-element-8c6f44d elementor-view-default elementor-invisible elementor-widget elementor-widget-icon\" data-id=\"8c6f44d\" data-element_type=\"widget\" data-settings=\"{&quot;_animation&quot;:&quot;fadeInLeft&quot;,&quot;_animation_delay&quot;:500}\" data-widget_type=\"icon.default\">\n\t\t\t\t<div class=\"elementor-widget-container\">\n\t\t\t\t\t\t\t<div class=\"elementor-icon-wrapper\">\n\t\t\t<div class=\"elementor-icon\">\n\t\t\t<svg xmlns=\"http:\/\/www.w3.org\/2000\/svg\" width=\"14.397\" height=\"24\" viewbox=\"0 0 14.397 24\"><path id=\"Path_1178\" data-name=\"Path 1178\" d=\"M332.575-260.666h2.992l4.84-24h-2.992Zm6.565,0h2.992l4.84-24h-2.992Z\" transform=\"translate(-332.575 284.666)\"><\/path><\/svg>\t\t\t<\/div>\n\t\t<\/div>\n\t\t\t\t\t\t<\/div>\n\t\t\t\t<\/div>\n\t\t\t\t<div class=\"elementor-element elementor-element-a82c207 elementor-widget__width-auto elementor-widget-laptop__width-auto animated-fast elementor-invisible elementor-widget elementor-widget-heading\" data-id=\"a82c207\" data-element_type=\"widget\" data-settings=\"{&quot;_animation&quot;:&quot;fadeInLeft&quot;,&quot;_animation_delay&quot;:200}\" data-widget_type=\"heading.default\">\n\t\t\t\t<div class=\"elementor-widget-container\">\n\t\t\t\t\t<h2 class=\"elementor-heading-title elementor-size-default\">Pol\u00edtica de cookies<\/h2>\t\t\t\t<\/div>\n\t\t\t\t<\/div>\n\t\t\t\t<\/div>\n\t\t\t\t<div class=\"elementor-element elementor-element-004cb39 elementor-widget__width-initial elementor-widget-mobile__width-inherit elementor-widget-tablet__width-inherit elementor-widget elementor-widget-text-editor\" data-id=\"004cb39\" data-element_type=\"widget\" data-widget_type=\"text-editor.default\">\n\t\t\t\t<div class=\"elementor-widget-container\">\n\t\t\t\t\t\t\t\t\t<ol><li>COOKIES. Una &quot;cookie&quot; es un peque\u00f1o archivo electr\u00f3nico que recopila informaci\u00f3n cuando alguien visita un sitio web. Una cookie puede identificar las p\u00e1ginas que se est\u00e1n viendo, lo que nos ayuda a seleccionar las p\u00e1ginas que el visitante ve. Algunas cookies solo existen mientras el visitante est\u00e1 en l\u00ednea, pero las cookies &quot;persistentes&quot; (que no se basan en la sesi\u00f3n) permanecen en el ordenador del visitante para que pueda ser reconocido como visitante anterior la pr\u00f3xima vez que visite nuestro sitio. Esto nos permite recopilar informaci\u00f3n sobre los h\u00e1bitos de navegaci\u00f3n del visitante en nuestro sitio, lo que puede ser \u00fatil para supervisar y mejorar nuestros servicios. Al continuar navegando y utilizando nuestro sitio, acepta el uso de cookies.<\/li><li>No almacenamos informaci\u00f3n confidencial en cookies persistentes, y las cookies en s\u00ed mismas no contienen suficiente informaci\u00f3n para identificarle. (Sin embargo, algunas cookies pueden contener informaci\u00f3n personal, como su nombre de usuario).<\/li><li>Algunas cookies son estrictamente necesarias para permitirle navegar por nuestro sitio y utilizar sus funciones. Sin estas cookies, no podr\u00edamos proporcionar ciertas funciones, como permitirle acceder a \u00e1reas seguras de nuestro sitio para ver informaci\u00f3n completa relacionada con una propiedad que est\u00e1 listada para la venta en nuestro sitio.<\/li><li>Puede negarse a aceptar cookies activando la configuraci\u00f3n en su navegador que le permite rechazar la configuraci\u00f3n de cookies. Sin embargo, si selecciona esta configuraci\u00f3n (incluido el rechazo de cookies esenciales), es posible que no pueda acceder a ciertas partes de nuestro sitio. A menos que haya ajustado la configuraci\u00f3n de su navegador para que rechace las cookies, nuestro sistema emitir\u00e1 cookies cuando inicie sesi\u00f3n en nuestro sitio.<\/li><li>Cualquier cambio que hagamos en nuestra pol\u00edtica de cookies en el futuro se publicar\u00e1 en esta p\u00e1gina. En caso de que actualicemos nuestra pol\u00edtica de cookies, tambi\u00e9n actualizaremos la fecha de &quot;\u00daltima actualizaci\u00f3n&quot; en la parte superior de esta pol\u00edtica. Por favor, consulte esta p\u00e1gina con frecuencia para ver las actualizaciones o cambios en nuestra pol\u00edtica de cookies.<\/li><li>Las preguntas relativas a esta pol\u00edtica de cookies deben dirigirse a Singer Vielle Limited 73 Cornhill, Londres EC3V 3QQ<\/li><li>Las cookies que utilizamos son: .CAPI CA-ae51610071515ec1af14; .CAPIApp ceabfcdd718fe8d4a5dce7eb; ASP.NET_SessionId gyq3uwt3a0s4omx4xniubs1f; _ga GA1.1.258589976.1467965537<\/li><\/ol><p>\u00a0<\/p><h4><strong>\u00bfQu\u00e9 son las cookies?<\/strong><\/h4><p>Las cookies son peque\u00f1os fragmentos de texto que se utilizan para almacenar informaci\u00f3n en los navegadores web. Las cookies se utilizan para almacenar y recibir identificadores y otra informaci\u00f3n en computadoras, tel\u00e9fonos y otros dispositivos.<\/p><p>\u00a0<\/p><h4><strong>\u00bfPor qu\u00e9 utilizamos cookies?<\/strong><\/h4><p>Las cookies nos ayudan a proporcionar, proteger y mejorar los servicios de clicktopurchase\u00ae, por ejemplo, personalizando el contenido y brindando una experiencia m\u00e1s segura. Si bien las cookies que utilizamos pueden cambiar ocasionalmente a medida que mejoramos y actualizamos los servicios de clicktopurchase\u00ae, generalmente se clasifican en las siguientes categor\u00edas de uso:<\/p><p>\u00a0<\/p><h4><strong>C\u00f3mo agregar o eliminar cookies en su navegador<\/strong><\/h4><p>explorador de Internet<br \/>1. Haga clic en el bot\u00f3n Herramientas y luego haga clic en Opciones de Internet;<br \/>2. Haga clic en la pesta\u00f1a Privacidad y luego, en Configuraci\u00f3n, mueva el control deslizante hacia arriba para bloquear\/permitir todas las cookies o hacia abajo para permitir todas las cookies.<br \/>3. Haga clic en Aceptar.<\/p><p>Google Chrome<br \/>1. En la parte superior derecha, haga clic en Men\u00fa;<br \/>2. Haga clic en Configuraci\u00f3n, Mostrar configuraci\u00f3n avanzada;<br \/>3. En la secci\u00f3n \u201cPrivacidad\u201d, haga clic en Configuraci\u00f3n de contenido;<br \/>4. En la secci\u00f3n \u201cCookies\u201d, elige tu configuraci\u00f3n preferida.<\/p><p>Firefox<br \/>1. Vaya al men\u00fa desplegable de Firefox;<br \/>2. Seleccione Preferencias;<br \/>3. Haga clic en Privacidad;<br \/>4. Configure \u201cFirefox har\u00e1 lo siguiente:\u201d en Usar configuraciones personalizadas para el historial;<br \/>5. Marque la casilla junto a \u201cAceptar\/Bloquear cookies de sitios\u201d para habilitar las cookies;<br \/>6. Haga clic en Aceptar.<\/p><p>Safari<br \/>1. Vaya al men\u00fa desplegable de Safari;<br \/>2. Seleccione Preferencias;<br \/>3. Vaya a la pesta\u00f1a \u201cSeguridad\u201d;<br \/>4. En \u201cAceptar cookies\u201d, config\u00farelo para aceptar, rechazar o aceptar cookies de forma selectiva.<\/p><p>\u00d3pera<br \/>1. Seleccione Configuraci\u00f3n;<br \/>2. Seleccione Preferencias;<br \/>3. Luego seleccione Preferencias r\u00e1pidas;<br \/>4. Marque o desmarque \u201cHabilitar cookies\u201d.<\/p>\t\t\t\t\t\t\t\t<\/div>\n\t\t\t\t<\/div>\n\t\t\t\t\t<\/div>\n\t\t\t\t<\/div>\n\t\t\t\t<\/div>","protected":false},"excerpt":{"rendered":"<p>Pol\u00edtica de Cookies. Una &quot;cookie&quot; es un peque\u00f1o archivo electr\u00f3nico que recopila informaci\u00f3n cuando alguien visita un sitio web. Una cookie puede identificar las p\u00e1ginas que se est\u00e1n viendo, lo que nos ayuda a seleccionar las p\u00e1ginas que ve el visitante. Algunas cookies solo existen mientras el visitante est\u00e1 en l\u00ednea, pero las cookies &quot;persistentes&quot;, que son [\u2026]<\/p>","protected":false},"author":9,"featured_media":0,"parent":0,"menu_order":0,"comment_status":"closed","ping_status":"closed","template":"","meta":{"_acf_changed":false,"content-type":"","inline_featured_image":false,"footnotes":""},"class_list":["post-16218","page","type-page","status-publish","hentry"],"acf":[],"yoast_head":"<!-- This site is optimized with the Yoast SEO plugin v25.4 - https:\/\/yoast.com\/wordpress\/plugins\/seo\/ -->\n<title>Cookies Policy - Stokes Property<\/title>\n<meta name=\"description\" content=\"Stokes Property - the Irish property investment agency that offers property search &amp; the ability to exchange online. Cookies Policy\" \/>\n<meta name=\"robots\" content=\"index, follow, max-snippet:-1, max-image-preview:large, max-video-preview:-1\" \/>\n<link rel=\"canonical\" href=\"https:\/\/www.stokesproperty.ie\/es\/cookie-policy\/\" \/>\n<meta property=\"og:locale\" content=\"es_ES\" \/>\n<meta property=\"og:type\" content=\"article\" \/>\n<meta property=\"og:title\" content=\"Cookies Policy - Stokes Property\" \/>\n<meta property=\"og:description\" content=\"Stokes Property - the Irish property investment agency that offers property search &amp; the ability to exchange online. Cookies Policy\" \/>\n<meta property=\"og:url\" content=\"https:\/\/www.stokesproperty.ie\/es\/cookie-policy\/\" \/>\n<meta property=\"og:site_name\" content=\"Stokes Property\" \/>\n<meta property=\"article:modified_time\" content=\"2023-06-08T09:06:29+00:00\" \/>\n<meta name=\"twitter:card\" content=\"summary_large_image\" \/>\n<meta name=\"twitter:label1\" content=\"Tiempo de lectura\" \/>\n\t<meta name=\"twitter:data1\" content=\"3 minutos\" \/>\n<script type=\"application\/ld+json\" class=\"yoast-schema-graph\">{\"@context\":\"https:\/\/schema.org\",\"@graph\":[{\"@type\":\"WebPage\",\"@id\":\"https:\/\/www.stokesproperty.ie\/es\/cookie-policy\/\",\"url\":\"https:\/\/www.stokesproperty.ie\/es\/cookie-policy\/\",\"name\":\"Cookies Policy - Stokes Property\",\"isPartOf\":{\"@id\":\"https:\/\/www.stokesproperty.ie\/#website\"},\"datePublished\":\"2023-02-17T12:37:47+00:00\",\"dateModified\":\"2023-06-08T09:06:29+00:00\",\"description\":\"Stokes Property - the Irish property investment agency that offers property search & the ability to exchange online. Cookies Policy\",\"breadcrumb\":{\"@id\":\"https:\/\/www.stokesproperty.ie\/es\/cookie-policy\/#breadcrumb\"},\"inLanguage\":\"es\",\"potentialAction\":[{\"@type\":\"ReadAction\",\"target\":[\"https:\/\/www.stokesproperty.ie\/es\/cookie-policy\/\"]}]},{\"@type\":\"BreadcrumbList\",\"@id\":\"https:\/\/www.stokesproperty.ie\/es\/cookie-policy\/#breadcrumb\",\"itemListElement\":[{\"@type\":\"ListItem\",\"position\":1,\"name\":\"Home\",\"item\":\"https:\/\/www.stokesproperty.ie\/\"},{\"@type\":\"ListItem\",\"position\":2,\"name\":\"Cookies Policy\"}]},{\"@type\":\"WebSite\",\"@id\":\"https:\/\/www.stokesproperty.ie\/#website\",\"url\":\"https:\/\/www.stokesproperty.ie\/\",\"name\":\"Stokes Property\",\"description\":\"Commercial Property Online\",\"publisher\":{\"@id\":\"https:\/\/www.stokesproperty.ie\/#organization\"},\"potentialAction\":[{\"@type\":\"SearchAction\",\"target\":{\"@type\":\"EntryPoint\",\"urlTemplate\":\"https:\/\/www.stokesproperty.ie\/?s={search_term_string}\"},\"query-input\":{\"@type\":\"PropertyValueSpecification\",\"valueRequired\":true,\"valueName\":\"search_term_string\"}}],\"inLanguage\":\"es\"},{\"@type\":\"Organization\",\"@id\":\"https:\/\/www.stokesproperty.ie\/#organization\",\"name\":\"Stokes Property\",\"url\":\"https:\/\/www.stokesproperty.ie\/\",\"logo\":{\"@type\":\"ImageObject\",\"inLanguage\":\"es\",\"@id\":\"https:\/\/www.stokesproperty.ie\/#\/schema\/logo\/image\/\",\"url\":\"https:\/\/www.stokesproperty.ie\/wp-content\/uploads\/stokes_rectangle.jpg\",\"contentUrl\":\"https:\/\/www.stokesproperty.ie\/wp-content\/uploads\/stokes_rectangle.jpg\",\"width\":400,\"height\":220,\"caption\":\"Stokes Property\"},\"image\":{\"@id\":\"https:\/\/www.stokesproperty.ie\/#\/schema\/logo\/image\/\"}}]}<\/script>\n<!-- \/ Yoast SEO plugin. -->","yoast_head_json":{"title":"Cookies Policy - Stokes Property","description":"Stokes Property - the Irish property investment agency that offers property search & the ability to exchange online. Cookies Policy","robots":{"index":"index","follow":"follow","max-snippet":"max-snippet:-1","max-image-preview":"max-image-preview:large","max-video-preview":"max-video-preview:-1"},"canonical":"https:\/\/www.stokesproperty.ie\/es\/cookie-policy\/","og_locale":"es_ES","og_type":"article","og_title":"Cookies Policy - Stokes Property","og_description":"Stokes Property - the Irish property investment agency that offers property search & the ability to exchange online. Cookies Policy","og_url":"https:\/\/www.stokesproperty.ie\/es\/cookie-policy\/","og_site_name":"Stokes Property","article_modified_time":"2023-06-08T09:06:29+00:00","twitter_card":"summary_large_image","twitter_misc":{"Tiempo de lectura":"3 minutos"},"schema":{"@context":"https:\/\/schema.org","@graph":[{"@type":"WebPage","@id":"https:\/\/www.stokesproperty.ie\/es\/cookie-policy\/","url":"https:\/\/www.stokesproperty.ie\/es\/cookie-policy\/","name":"Cookies Policy - Stokes Property","isPartOf":{"@id":"https:\/\/www.stokesproperty.ie\/#website"},"datePublished":"2023-02-17T12:37:47+00:00","dateModified":"2023-06-08T09:06:29+00:00","description":"Stokes Property - the Irish property investment agency that offers property search & the ability to exchange online. Cookies Policy","breadcrumb":{"@id":"https:\/\/www.stokesproperty.ie\/es\/cookie-policy\/#breadcrumb"},"inLanguage":"es","potentialAction":[{"@type":"ReadAction","target":["https:\/\/www.stokesproperty.ie\/es\/cookie-policy\/"]}]},{"@type":"BreadcrumbList","@id":"https:\/\/www.stokesproperty.ie\/es\/cookie-policy\/#breadcrumb","itemListElement":[{"@type":"ListItem","position":1,"name":"Home","item":"https:\/\/www.stokesproperty.ie\/"},{"@type":"ListItem","position":2,"name":"Cookies Policy"}]},{"@type":"WebSite","@id":"https:\/\/www.stokesproperty.ie\/#website","url":"https:\/\/www.stokesproperty.ie\/","name":"Stokes Property","description":"Commercial Property Online","publisher":{"@id":"https:\/\/www.stokesproperty.ie\/#organization"},"potentialAction":[{"@type":"SearchAction","target":{"@type":"EntryPoint","urlTemplate":"https:\/\/www.stokesproperty.ie\/?s={search_term_string}"},"query-input":{"@type":"PropertyValueSpecification","valueRequired":true,"valueName":"search_term_string"}}],"inLanguage":"es"},{"@type":"Organization","@id":"https:\/\/www.stokesproperty.ie\/#organization","name":"Stokes Property","url":"https:\/\/www.stokesproperty.ie\/","logo":{"@type":"ImageObject","inLanguage":"es","@id":"https:\/\/www.stokesproperty.ie\/#\/schema\/logo\/image\/","url":"https:\/\/www.stokesproperty.ie\/wp-content\/uploads\/stokes_rectangle.jpg","contentUrl":"https:\/\/www.stokesproperty.ie\/wp-content\/uploads\/stokes_rectangle.jpg","width":400,"height":220,"caption":"Stokes Property"},"image":{"@id":"https:\/\/www.stokesproperty.ie\/#\/schema\/logo\/image\/"}}]}},"_links":{"self":[{"href":"https:\/\/www.stokesproperty.ie\/es\/wp-json\/wp\/v2\/pages\/16218","targetHints":{"allow":["GET"]}}],"collection":[{"href":"https:\/\/www.stokesproperty.ie\/es\/wp-json\/wp\/v2\/pages"}],"about":[{"href":"https:\/\/www.stokesproperty.ie\/es\/wp-json\/wp\/v2\/types\/page"}],"author":[{"embeddable":true,"href":"https:\/\/www.stokesproperty.ie\/es\/wp-json\/wp\/v2\/users\/9"}],"replies":[{"embeddable":true,"href":"https:\/\/www.stokesproperty.ie\/es\/wp-json\/wp\/v2\/comments?post=16218"}],"version-history":[{"count":0,"href":"https:\/\/www.stokesproperty.ie\/es\/wp-json\/wp\/v2\/pages\/16218\/revisions"}],"wp:attachment":[{"href":"https:\/\/www.stokesproperty.ie\/es\/wp-json\/wp\/v2\/media?parent=16218"}],"curies":[{"name":"wp","href":"https:\/\/api.w.org\/{rel}","templated":true}]}}