{"id":17065,"date":"2023-03-22T07:38:33","date_gmt":"2023-03-22T07:38:33","guid":{"rendered":"https:\/\/sales.singervielle.com\/?page_id=17065"},"modified":"2024-01-29T16:56:36","modified_gmt":"2024-01-29T16:56:36","slug":"investment-requirements","status":"publish","type":"page","link":"https:\/\/www.stokesproperty.ie\/es\/investment-requirements\/","title":{"rendered":"Requisitos de inversi\u00f3n"},"content":{"rendered":"<div data-elementor-type=\"wp-page\" data-elementor-id=\"17065\" class=\"elementor elementor-17065\" data-elementor-post-type=\"page\">\n\t\t\t\t<div class=\"elementor-element elementor-element-7596dd2 e-flex e-con-boxed e-con e-parent\" data-id=\"7596dd2\" data-element_type=\"container\">\n\t\t\t\t\t<div class=\"e-con-inner\">\n\t\t<div class=\"elementor-element elementor-element-f874c7b e-con-full e-transform e-flex e-con e-child\" data-id=\"f874c7b\" data-element_type=\"container\" data-settings=\"{&quot;_transform_translateX_effect&quot;:{&quot;unit&quot;:&quot;px&quot;,&quot;size&quot;:-286,&quot;sizes&quot;:[]},&quot;_transform_translateY_effect&quot;:{&quot;unit&quot;:&quot;px&quot;,&quot;size&quot;:-875,&quot;sizes&quot;:[]},&quot;position&quot;:&quot;absolute&quot;,&quot;_transform_translateX_effect_laptop&quot;:{&quot;unit&quot;:&quot;px&quot;,&quot;size&quot;:&quot;&quot;,&quot;sizes&quot;:[]},&quot;_transform_translateX_effect_tablet&quot;:{&quot;unit&quot;:&quot;px&quot;,&quot;size&quot;:&quot;&quot;,&quot;sizes&quot;:[]},&quot;_transform_translateX_effect_mobile&quot;:{&quot;unit&quot;:&quot;px&quot;,&quot;size&quot;:&quot;&quot;,&quot;sizes&quot;:[]},&quot;_transform_translateY_effect_laptop&quot;:{&quot;unit&quot;:&quot;px&quot;,&quot;size&quot;:&quot;&quot;,&quot;sizes&quot;:[]},&quot;_transform_translateY_effect_tablet&quot;:{&quot;unit&quot;:&quot;px&quot;,&quot;size&quot;:&quot;&quot;,&quot;sizes&quot;:[]},&quot;_transform_translateY_effect_mobile&quot;:{&quot;unit&quot;:&quot;px&quot;,&quot;size&quot;:&quot;&quot;,&quot;sizes&quot;:[]}}\">\n\t\t\t\t<div class=\"elementor-element elementor-element-8e71339 rotate e-transform elementor-widget elementor-widget-image\" data-id=\"8e71339\" data-element_type=\"widget\" data-settings=\"{&quot;_transform_scale_effect&quot;:{&quot;unit&quot;:&quot;px&quot;,&quot;size&quot;:1,&quot;sizes&quot;:[]},&quot;_transform_scale_effect_tablet&quot;:{&quot;unit&quot;:&quot;px&quot;,&quot;size&quot;:1.3,&quot;sizes&quot;:[]},&quot;_transform_scale_effect_laptop&quot;:{&quot;unit&quot;:&quot;px&quot;,&quot;size&quot;:&quot;&quot;,&quot;sizes&quot;:[]},&quot;_transform_scale_effect_mobile&quot;:{&quot;unit&quot;:&quot;px&quot;,&quot;size&quot;:&quot;&quot;,&quot;sizes&quot;:[]}}\" data-widget_type=\"image.default\">\n\t\t\t\t<div class=\"elementor-widget-container\">\n\t\t\t\t\t\t\t\t\t\t\t\t\t\t\t<img fetchpriority=\"high\" decoding=\"async\" width=\"4135\" height=\"4135\" src=\"https:\/\/www.stokesproperty.ie\/wp-content\/uploads\/circle-lines-background-min.png\" class=\"attachment-full size-full wp-image-14329\" alt=\"\" srcset=\"https:\/\/www.stokesproperty.ie\/wp-content\/uploads\/circle-lines-background-min.png 4135w, https:\/\/www.stokesproperty.ie\/wp-content\/uploads\/circle-lines-background-min-300x300.png 300w, https:\/\/www.stokesproperty.ie\/wp-content\/uploads\/circle-lines-background-min-1024x1024.png 1024w, https:\/\/www.stokesproperty.ie\/wp-content\/uploads\/circle-lines-background-min-150x150.png 150w, https:\/\/www.stokesproperty.ie\/wp-content\/uploads\/circle-lines-background-min-768x768.png 768w, https:\/\/www.stokesproperty.ie\/wp-content\/uploads\/circle-lines-background-min-1536x1536.png 1536w, https:\/\/www.stokesproperty.ie\/wp-content\/uploads\/circle-lines-background-min-2048x2048.png 2048w, https:\/\/www.stokesproperty.ie\/wp-content\/uploads\/circle-lines-background-min-12x12.png 12w\" sizes=\"(max-width: 4135px) 100vw, 4135px\" \/>\t\t\t\t\t\t\t\t\t\t\t\t\t\t\t<\/div>\n\t\t\t\t<\/div>\n\t\t\t\t<\/div>\n\t\t<div class=\"elementor-element elementor-element-10a8ebd e-con-full e-flex e-con e-child\" data-id=\"10a8ebd\" data-element_type=\"container\">\n\t\t\t\t<div class=\"elementor-element elementor-element-c72d4f4 elementor-view-default elementor-invisible elementor-widget elementor-widget-icon\" data-id=\"c72d4f4\" data-element_type=\"widget\" data-settings=\"{&quot;_animation&quot;:&quot;fadeInLeft&quot;,&quot;_animation_delay&quot;:500}\" data-widget_type=\"icon.default\">\n\t\t\t\t<div class=\"elementor-widget-container\">\n\t\t\t\t\t\t\t<div class=\"elementor-icon-wrapper\">\n\t\t\t<div class=\"elementor-icon\">\n\t\t\t<svg xmlns=\"http:\/\/www.w3.org\/2000\/svg\" width=\"14.397\" height=\"24\" viewbox=\"0 0 14.397 24\"><path id=\"Path_1178\" data-name=\"Path 1178\" d=\"M332.575-260.666h2.992l4.84-24h-2.992Zm6.565,0h2.992l4.84-24h-2.992Z\" transform=\"translate(-332.575 284.666)\"><\/path><\/svg>\t\t\t<\/div>\n\t\t<\/div>\n\t\t\t\t\t\t<\/div>\n\t\t\t\t<\/div>\n\t\t\t\t<div class=\"elementor-element elementor-element-ef0faa7 elementor-widget__width-auto elementor-widget-laptop__width-auto animated-fast elementor-invisible elementor-widget elementor-widget-heading\" data-id=\"ef0faa7\" data-element_type=\"widget\" data-settings=\"{&quot;_animation&quot;:&quot;fadeInLeft&quot;,&quot;_animation_delay&quot;:200}\" data-widget_type=\"heading.default\">\n\t\t\t\t<div class=\"elementor-widget-container\">\n\t\t\t\t\t<h2 class=\"elementor-heading-title elementor-size-default\">Sus requisitos de inversi\u00f3n<\/h2>\t\t\t\t<\/div>\n\t\t\t\t<\/div>\n\t\t\t\t<\/div>\n\t\t\t\t<div class=\"elementor-element elementor-element-efebed8 elementor-invisible elementor-widget elementor-widget-text-editor\" data-id=\"efebed8\" data-element_type=\"widget\" data-settings=\"{&quot;_animation&quot;:&quot;fadeInLeft&quot;,&quot;_animation_delay&quot;:250}\" data-widget_type=\"text-editor.default\">\n\t\t\t\t<div class=\"elementor-widget-container\">\n\t\t\t\t\t\t\t\t\t<p>Sea el primero en enterarse de nuevas oportunidades de inversi\u00f3n.<\/p><p>Seleccione a continuaci\u00f3n y le avisaremos cuando haya propiedades adecuadas disponibles.<\/p>\t\t\t\t\t\t\t\t<\/div>\n\t\t\t\t<\/div>\n\t\t<div class=\"elementor-element elementor-element-dc4a409 e-con-full animated-fast elementor-hidden-desktop elementor-hidden-laptop elementor-hidden-tablet elementor-hidden-mobile e-flex elementor-invisible e-con e-child\" data-id=\"dc4a409\" data-element_type=\"container\" data-settings=\"{&quot;background_background&quot;:&quot;classic&quot;,&quot;animation&quot;:&quot;fadeInLeft&quot;,&quot;animation_delay&quot;:0}\">\n\t\t\t\t<div class=\"elementor-element elementor-element-3c5c198 elementor-button-align-stretch elementor-widget elementor-widget-form\" data-id=\"3c5c198\" data-element_type=\"widget\" data-settings=\"{&quot;step_next_label&quot;:&quot;Next&quot;,&quot;step_previous_label&quot;:&quot;Previous&quot;,&quot;button_width&quot;:&quot;100&quot;,&quot;step_type&quot;:&quot;number_text&quot;,&quot;step_icon_shape&quot;:&quot;circle&quot;}\" data-widget_type=\"form.default\">\n\t\t\t\t<div class=\"elementor-widget-container\">\n\t\t\t\t\t\t\t<form class=\"elementor-form\" method=\"post\" name=\"New Form\" action=\"\">\n\t\t\t<input type=\"hidden\" name=\"post_id\" value=\"17065\"\/>\n\t\t\t<input type=\"hidden\" name=\"form_id\" value=\"3c5c198\"\/>\n\t\t\t<input type=\"hidden\" name=\"referer_title\" value=\"Stokes Property\" \/>\n\n\t\t\t\n\t\t\t<div class=\"elementor-form-fields-wrapper elementor-labels-above\">\n\t\t\t\t\t\t\t\t<div class=\"elementor-field-type-text elementor-field-group elementor-column elementor-field-group-name elementor-col-50 elementor-field-required\">\n\t\t\t\t\t\t\t\t\t\t\t\t<label for=\"form-field-name\" class=\"elementor-field-label\">\n\t\t\t\t\t\t\t\tNombre de pila\t\t\t\t\t\t\t<\/label>\n\t\t\t\t\t\t\t\t\t\t\t\t\t\t<input size=\"1\" type=\"text\" name=\"form_fields[name]\" id=\"form-field-name\" class=\"elementor-field elementor-size-sm  elementor-field-textual\" required=\"required\">\n\t\t\t\t\t\t\t\t\t\t\t<\/div>\n\t\t\t\t\t\t\t\t<div class=\"elementor-field-type-text elementor-field-group elementor-column elementor-field-group-field_66059e9 elementor-col-50\">\n\t\t\t\t\t\t\t\t\t\t\t\t<label for=\"form-field-field_66059e9\" class=\"elementor-field-label\">\n\t\t\t\t\t\t\t\tApellido\t\t\t\t\t\t\t<\/label>\n\t\t\t\t\t\t\t\t\t\t\t\t\t\t<input size=\"1\" type=\"text\" name=\"form_fields[field_66059e9]\" id=\"form-field-field_66059e9\" class=\"elementor-field elementor-size-sm  elementor-field-textual\">\n\t\t\t\t\t\t\t\t\t\t\t<\/div>\n\t\t\t\t\t\t\t\t<div class=\"elementor-field-type-email elementor-field-group elementor-column elementor-field-group-email elementor-col-50 elementor-field-required\">\n\t\t\t\t\t\t\t\t\t\t\t\t<label for=\"form-field-email\" class=\"elementor-field-label\">\n\t\t\t\t\t\t\t\tCorreo electr\u00f3nico\t\t\t\t\t\t\t<\/label>\n\t\t\t\t\t\t\t\t\t\t\t\t\t\t<input size=\"1\" type=\"email\" name=\"form_fields[email]\" id=\"form-field-email\" class=\"elementor-field elementor-size-sm  elementor-field-textual\" required=\"required\">\n\t\t\t\t\t\t\t\t\t\t\t<\/div>\n\t\t\t\t\t\t\t\t<div class=\"elementor-field-type-text elementor-field-group elementor-column elementor-field-group-field_6cbce6f elementor-col-50\">\n\t\t\t\t\t\t\t\t\t\t\t\t<label for=\"form-field-field_6cbce6f\" class=\"elementor-field-label\">\n\t\t\t\t\t\t\t\tTel\u00e9fono\t\t\t\t\t\t\t<\/label>\n\t\t\t\t\t\t\t\t\t\t\t\t\t\t<input size=\"1\" type=\"text\" name=\"form_fields[field_6cbce6f]\" id=\"form-field-field_6cbce6f\" class=\"elementor-field elementor-size-sm  elementor-field-textual\">\n\t\t\t\t\t\t\t\t\t\t\t<\/div>\n\t\t\t\t\t\t\t\t<div class=\"elementor-field-type-text elementor-field-group elementor-column elementor-field-group-field_8327b05 elementor-col-100\">\n\t\t\t\t\t\t\t\t\t\t\t\t<label for=\"form-field-field_8327b05\" class=\"elementor-field-label\">\n\t\t\t\t\t\t\t\tCompa\u00f1\u00eda\t\t\t\t\t\t\t<\/label>\n\t\t\t\t\t\t\t\t\t\t\t\t\t\t<input size=\"1\" type=\"text\" name=\"form_fields[field_8327b05]\" id=\"form-field-field_8327b05\" class=\"elementor-field elementor-size-sm  elementor-field-textual\">\n\t\t\t\t\t\t\t\t\t\t\t<\/div>\n\t\t\t\t\t\t\t\t<div class=\"elementor-field-type-checkbox elementor-field-group elementor-column elementor-field-group-field_48b9bf1 elementor-col-100\">\n\t\t\t\t\t\t\t\t\t\t\t\t<label for=\"form-field-field_48b9bf1\" class=\"elementor-field-label\">\n\t\t\t\t\t\t\t\tRequisito\t\t\t\t\t\t\t<\/label>\n\t\t\t\t\t\t<div class=\"elementor-field-subgroup\"><span class=\"elementor-field-option\"><input type=\"checkbox\" value=\"Secure Investment\" id=\"form-field-field_48b9bf1-0\" name=\"form_fields[field_48b9bf1][]\"> <label for=\"form-field-field_48b9bf1-0\">Inversi\u00f3n segura<\/label><\/span><span class=\"elementor-field-option\"><input type=\"checkbox\" value=\"Value Enhancement\" id=\"form-field-field_48b9bf1-1\" name=\"form_fields[field_48b9bf1][]\"> <label for=\"form-field-field_48b9bf1-1\">Mejora del valor<\/label><\/span><span class=\"elementor-field-option\"><input type=\"checkbox\" value=\"Retail\" id=\"form-field-field_48b9bf1-2\" name=\"form_fields[field_48b9bf1][]\"> <label for=\"form-field-field_48b9bf1-2\">Minorista<\/label><\/span><span class=\"elementor-field-option\"><input type=\"checkbox\" value=\"Offices\" id=\"form-field-field_48b9bf1-3\" name=\"form_fields[field_48b9bf1][]\"> <label for=\"form-field-field_48b9bf1-3\">Oficinas<\/label><\/span><span class=\"elementor-field-option\"><input type=\"checkbox\" value=\"Industrial\" id=\"form-field-field_48b9bf1-4\" name=\"form_fields[field_48b9bf1][]\"> <label for=\"form-field-field_48b9bf1-4\">Industrial<\/label><\/span><span class=\"elementor-field-option\"><input type=\"checkbox\" value=\"Leisure\" id=\"form-field-field_48b9bf1-5\" name=\"form_fields[field_48b9bf1][]\"> <label for=\"form-field-field_48b9bf1-5\">Ocio<\/label><\/span><span class=\"elementor-field-option\"><input type=\"checkbox\" value=\"Other (eg Car Showroom, Medical)\" id=\"form-field-field_48b9bf1-6\" name=\"form_fields[field_48b9bf1][]\"> <label for=\"form-field-field_48b9bf1-6\">Otros (por ejemplo, sala de exposici\u00f3n de autom\u00f3viles, servicios m\u00e9dicos)<\/label><\/span><\/div>\t\t\t\t<\/div>\n\t\t\t\t\t\t\t\t<div class=\"elementor-field-type-textarea elementor-field-group elementor-column elementor-field-group-message elementor-col-100\">\n\t\t\t\t\t\t\t\t\t\t\t\t<label for=\"form-field-message\" class=\"elementor-field-label\">\n\t\t\t\t\t\t\t\tNota\t\t\t\t\t\t\t<\/label>\n\t\t\t\t\t\t<textarea class=\"elementor-field-textual elementor-field  elementor-size-sm\" name=\"form_fields[message]\" id=\"form-field-message\" rows=\"4\"><\/textarea>\t\t\t\t<\/div>\n\t\t\t\t\t\t\t\t<div class=\"elementor-field-group elementor-column elementor-field-type-submit elementor-col-100 e-form__buttons\">\n\t\t\t\t\t<button class=\"elementor-button elementor-size-md\" type=\"submit\">\n\t\t\t\t\t\t<span class=\"elementor-button-content-wrapper\">\n\t\t\t\t\t\t\t\t\t\t\t\t\t\t\t\t\t\t\t\t\t\t<span class=\"elementor-button-text\">Entregar<\/span>\n\t\t\t\t\t\t\t\t\t\t\t\t\t<\/span>\n\t\t\t\t\t<\/button>\n\t\t\t\t<\/div>\n\t\t\t<\/div>\n\t\t<input type=\"hidden\" name=\"trp-form-language\" value=\"es\"\/><\/form>\n\t\t\t\t\t\t<\/div>\n\t\t\t\t<\/div>\n\t\t\t\t<\/div>\n\t\t<div class=\"elementor-element elementor-element-253346c e-con-full animated-fast e-flex elementor-invisible e-con e-child\" data-id=\"253346c\" data-element_type=\"container\" data-settings=\"{&quot;background_background&quot;:&quot;classic&quot;,&quot;animation&quot;:&quot;fadeInLeft&quot;,&quot;animation_delay&quot;:0}\">\n\t\t\t\t<div class=\"elementor-element elementor-element-d585cb1 elementor-widget elementor-widget-html\" data-id=\"d585cb1\" data-element_type=\"widget\" data-widget_type=\"html.default\">\n\t\t\t\t<div class=\"elementor-widget-container\">\n\t\t\t\t\t<script charset=\"utf-8\" type=\"text\/javascript\" src=\"\/\/js-eu1.hsforms.net\/forms\/embed\/v2.js\"><\/script>\r\n<script>\r\n  hbspt.forms.create({\r\n    region: \"eu1\",\r\n    portalId: \"25759890\",\r\n    formId: \"3e1a54aa-2ff1-43e6-a6f2-f39b216a3046\"\r\n  });\r\n<\/script>\t\t\t\t<\/div>\n\t\t\t\t<\/div>\n\t\t\t\t<\/div>\n\t\t\t\t\t<\/div>\n\t\t\t\t<\/div>\n\t\t\t\t<\/div>","protected":false},"excerpt":{"rendered":"<p>Sus requisitos de inversi\u00f3n Sea el primero en enterarse de nuevas oportunidades de inversi\u00f3n. Seleccione a continuaci\u00f3n y le avisaremos cuando haya propiedades adecuadas disponibles.<\/p>","protected":false},"author":9,"featured_media":0,"parent":0,"menu_order":0,"comment_status":"closed","ping_status":"closed","template":"","meta":{"_acf_changed":false,"content-type":"","inline_featured_image":false,"footnotes":""},"class_list":["post-17065","page","type-page","status-publish","hentry"],"acf":[],"yoast_head":"<!-- This site is optimized with the Yoast SEO plugin v25.4 - https:\/\/yoast.com\/wordpress\/plugins\/seo\/ -->\n<title>Investment Requirements - Stokes Property<\/title>\n<meta name=\"description\" content=\"Stokes Property - the Irish property investment agency that offers property search &amp; the ability to exchange online. Investment Requirements\" \/>\n<meta name=\"robots\" content=\"index, follow, max-snippet:-1, max-image-preview:large, max-video-preview:-1\" \/>\n<link rel=\"canonical\" href=\"https:\/\/www.stokesproperty.ie\/es\/investment-requirements\/\" \/>\n<meta property=\"og:locale\" content=\"es_ES\" \/>\n<meta property=\"og:type\" content=\"article\" \/>\n<meta property=\"og:title\" content=\"Investment Requirements - Stokes Property\" \/>\n<meta property=\"og:description\" content=\"Stokes Property - the Irish property investment agency that offers property search &amp; the ability to exchange online. Investment Requirements\" \/>\n<meta property=\"og:url\" content=\"https:\/\/www.stokesproperty.ie\/es\/investment-requirements\/\" \/>\n<meta property=\"og:site_name\" content=\"Stokes Property\" \/>\n<meta property=\"article:modified_time\" content=\"2024-01-29T16:56:36+00:00\" \/>\n<meta property=\"og:image\" content=\"https:\/\/www.stokesproperty.ie\/wp-content\/uploads\/circle-lines-background-min.png\" \/>\n<meta name=\"twitter:card\" content=\"summary_large_image\" \/>\n<meta name=\"twitter:label1\" content=\"Tiempo de lectura\" \/>\n\t<meta name=\"twitter:data1\" content=\"1 minuto\" \/>\n<script type=\"application\/ld+json\" class=\"yoast-schema-graph\">{\"@context\":\"https:\/\/schema.org\",\"@graph\":[{\"@type\":\"WebPage\",\"@id\":\"https:\/\/www.stokesproperty.ie\/investment-requirements\/\",\"url\":\"https:\/\/www.stokesproperty.ie\/investment-requirements\/\",\"name\":\"Investment Requirements - Stokes Property\",\"isPartOf\":{\"@id\":\"https:\/\/www.stokesproperty.ie\/#website\"},\"primaryImageOfPage\":{\"@id\":\"https:\/\/www.stokesproperty.ie\/investment-requirements\/#primaryimage\"},\"image\":{\"@id\":\"https:\/\/www.stokesproperty.ie\/investment-requirements\/#primaryimage\"},\"thumbnailUrl\":\"https:\/\/www.stokesproperty.ie\/wp-content\/uploads\/circle-lines-background-min.png\",\"datePublished\":\"2023-03-22T07:38:33+00:00\",\"dateModified\":\"2024-01-29T16:56:36+00:00\",\"description\":\"Stokes Property - the Irish property investment agency that offers property search & the ability to exchange online. Investment Requirements\",\"breadcrumb\":{\"@id\":\"https:\/\/www.stokesproperty.ie\/investment-requirements\/#breadcrumb\"},\"inLanguage\":\"es\",\"potentialAction\":[{\"@type\":\"ReadAction\",\"target\":[\"https:\/\/www.stokesproperty.ie\/investment-requirements\/\"]}]},{\"@type\":\"ImageObject\",\"inLanguage\":\"es\",\"@id\":\"https:\/\/www.stokesproperty.ie\/investment-requirements\/#primaryimage\",\"url\":\"https:\/\/www.stokesproperty.ie\/wp-content\/uploads\/circle-lines-background-min.png\",\"contentUrl\":\"https:\/\/www.stokesproperty.ie\/wp-content\/uploads\/circle-lines-background-min.png\"},{\"@type\":\"BreadcrumbList\",\"@id\":\"https:\/\/www.stokesproperty.ie\/investment-requirements\/#breadcrumb\",\"itemListElement\":[{\"@type\":\"ListItem\",\"position\":1,\"name\":\"Home\",\"item\":\"https:\/\/www.stokesproperty.ie\/\"},{\"@type\":\"ListItem\",\"position\":2,\"name\":\"Investment Requirements\"}]},{\"@type\":\"WebSite\",\"@id\":\"https:\/\/www.stokesproperty.ie\/#website\",\"url\":\"https:\/\/www.stokesproperty.ie\/\",\"name\":\"Stokes Property\",\"description\":\"Commercial Property Online\",\"publisher\":{\"@id\":\"https:\/\/www.stokesproperty.ie\/#organization\"},\"potentialAction\":[{\"@type\":\"SearchAction\",\"target\":{\"@type\":\"EntryPoint\",\"urlTemplate\":\"https:\/\/www.stokesproperty.ie\/?s={search_term_string}\"},\"query-input\":{\"@type\":\"PropertyValueSpecification\",\"valueRequired\":true,\"valueName\":\"search_term_string\"}}],\"inLanguage\":\"es\"},{\"@type\":\"Organization\",\"@id\":\"https:\/\/www.stokesproperty.ie\/#organization\",\"name\":\"Stokes Property\",\"url\":\"https:\/\/www.stokesproperty.ie\/\",\"logo\":{\"@type\":\"ImageObject\",\"inLanguage\":\"es\",\"@id\":\"https:\/\/www.stokesproperty.ie\/#\/schema\/logo\/image\/\",\"url\":\"https:\/\/www.stokesproperty.ie\/wp-content\/uploads\/stokes_rectangle.jpg\",\"contentUrl\":\"https:\/\/www.stokesproperty.ie\/wp-content\/uploads\/stokes_rectangle.jpg\",\"width\":400,\"height\":220,\"caption\":\"Stokes Property\"},\"image\":{\"@id\":\"https:\/\/www.stokesproperty.ie\/#\/schema\/logo\/image\/\"}}]}<\/script>\n<!-- \/ Yoast SEO plugin. -->","yoast_head_json":{"title":"Investment Requirements - Stokes Property","description":"Stokes Property - the Irish property investment agency that offers property search & the ability to exchange online. Investment Requirements","robots":{"index":"index","follow":"follow","max-snippet":"max-snippet:-1","max-image-preview":"max-image-preview:large","max-video-preview":"max-video-preview:-1"},"canonical":"https:\/\/www.stokesproperty.ie\/es\/investment-requirements\/","og_locale":"es_ES","og_type":"article","og_title":"Investment Requirements - Stokes Property","og_description":"Stokes Property - the Irish property investment agency that offers property search & the ability to exchange online. Investment Requirements","og_url":"https:\/\/www.stokesproperty.ie\/es\/investment-requirements\/","og_site_name":"Stokes Property","article_modified_time":"2024-01-29T16:56:36+00:00","og_image":[{"url":"https:\/\/www.stokesproperty.ie\/wp-content\/uploads\/circle-lines-background-min.png","type":"","width":"","height":""}],"twitter_card":"summary_large_image","twitter_misc":{"Tiempo de lectura":"1 minuto"},"schema":{"@context":"https:\/\/schema.org","@graph":[{"@type":"WebPage","@id":"https:\/\/www.stokesproperty.ie\/investment-requirements\/","url":"https:\/\/www.stokesproperty.ie\/investment-requirements\/","name":"Investment Requirements - Stokes Property","isPartOf":{"@id":"https:\/\/www.stokesproperty.ie\/#website"},"primaryImageOfPage":{"@id":"https:\/\/www.stokesproperty.ie\/investment-requirements\/#primaryimage"},"image":{"@id":"https:\/\/www.stokesproperty.ie\/investment-requirements\/#primaryimage"},"thumbnailUrl":"https:\/\/www.stokesproperty.ie\/wp-content\/uploads\/circle-lines-background-min.png","datePublished":"2023-03-22T07:38:33+00:00","dateModified":"2024-01-29T16:56:36+00:00","description":"Stokes Property - the Irish property investment agency that offers property search & the ability to exchange online. Investment Requirements","breadcrumb":{"@id":"https:\/\/www.stokesproperty.ie\/investment-requirements\/#breadcrumb"},"inLanguage":"es","potentialAction":[{"@type":"ReadAction","target":["https:\/\/www.stokesproperty.ie\/investment-requirements\/"]}]},{"@type":"ImageObject","inLanguage":"es","@id":"https:\/\/www.stokesproperty.ie\/investment-requirements\/#primaryimage","url":"https:\/\/www.stokesproperty.ie\/wp-content\/uploads\/circle-lines-background-min.png","contentUrl":"https:\/\/www.stokesproperty.ie\/wp-content\/uploads\/circle-lines-background-min.png"},{"@type":"BreadcrumbList","@id":"https:\/\/www.stokesproperty.ie\/investment-requirements\/#breadcrumb","itemListElement":[{"@type":"ListItem","position":1,"name":"Home","item":"https:\/\/www.stokesproperty.ie\/"},{"@type":"ListItem","position":2,"name":"Investment Requirements"}]},{"@type":"WebSite","@id":"https:\/\/www.stokesproperty.ie\/#website","url":"https:\/\/www.stokesproperty.ie\/","name":"Stokes Property","description":"Commercial Property Online","publisher":{"@id":"https:\/\/www.stokesproperty.ie\/#organization"},"potentialAction":[{"@type":"SearchAction","target":{"@type":"EntryPoint","urlTemplate":"https:\/\/www.stokesproperty.ie\/?s={search_term_string}"},"query-input":{"@type":"PropertyValueSpecification","valueRequired":true,"valueName":"search_term_string"}}],"inLanguage":"es"},{"@type":"Organization","@id":"https:\/\/www.stokesproperty.ie\/#organization","name":"Stokes Property","url":"https:\/\/www.stokesproperty.ie\/","logo":{"@type":"ImageObject","inLanguage":"es","@id":"https:\/\/www.stokesproperty.ie\/#\/schema\/logo\/image\/","url":"https:\/\/www.stokesproperty.ie\/wp-content\/uploads\/stokes_rectangle.jpg","contentUrl":"https:\/\/www.stokesproperty.ie\/wp-content\/uploads\/stokes_rectangle.jpg","width":400,"height":220,"caption":"Stokes Property"},"image":{"@id":"https:\/\/www.stokesproperty.ie\/#\/schema\/logo\/image\/"}}]}},"_links":{"self":[{"href":"https:\/\/www.stokesproperty.ie\/es\/wp-json\/wp\/v2\/pages\/17065","targetHints":{"allow":["GET"]}}],"collection":[{"href":"https:\/\/www.stokesproperty.ie\/es\/wp-json\/wp\/v2\/pages"}],"about":[{"href":"https:\/\/www.stokesproperty.ie\/es\/wp-json\/wp\/v2\/types\/page"}],"author":[{"embeddable":true,"href":"https:\/\/www.stokesproperty.ie\/es\/wp-json\/wp\/v2\/users\/9"}],"replies":[{"embeddable":true,"href":"https:\/\/www.stokesproperty.ie\/es\/wp-json\/wp\/v2\/comments?post=17065"}],"version-history":[{"count":6,"href":"https:\/\/www.stokesproperty.ie\/es\/wp-json\/wp\/v2\/pages\/17065\/revisions"}],"predecessor-version":[{"id":25477,"href":"https:\/\/www.stokesproperty.ie\/es\/wp-json\/wp\/v2\/pages\/17065\/revisions\/25477"}],"wp:attachment":[{"href":"https:\/\/www.stokesproperty.ie\/es\/wp-json\/wp\/v2\/media?parent=17065"}],"curies":[{"name":"wp","href":"https:\/\/api.w.org\/{rel}","templated":true}]}}