{"id":21876,"date":"2023-06-21T08:20:40","date_gmt":"2023-06-21T07:20:40","guid":{"rendered":"https:\/\/staging.sales.stokesproperty.ie\/?page_id=21876"},"modified":"2024-11-27T11:57:00","modified_gmt":"2024-11-27T11:57:00","slug":"stokes-about","status":"publish","type":"page","link":"https:\/\/www.stokesproperty.ie\/es\/stokes-about\/","title":{"rendered":"Acerca de"},"content":{"rendered":"<div data-elementor-type=\"wp-page\" data-elementor-id=\"21876\" class=\"elementor elementor-21876\" data-elementor-post-type=\"page\">\n\t\t\t\t<div class=\"elementor-element elementor-element-ad2bfbc e-con-full e-flex e-con e-parent\" data-id=\"ad2bfbc\" data-element_type=\"container\" data-settings=\"{&quot;background_background&quot;:&quot;gradient&quot;}\">\n\t\t<div class=\"elementor-element elementor-element-5dc174f e-con-full e-flex e-con e-child\" data-id=\"5dc174f\" data-element_type=\"container\" data-settings=\"{&quot;background_background&quot;:&quot;gradient&quot;}\">\n\t\t\t\t<\/div>\n\t\t<div class=\"elementor-element elementor-element-ca34396 e-flex e-con-boxed e-con e-child\" data-id=\"ca34396\" data-element_type=\"container\">\n\t\t\t\t\t<div class=\"e-con-inner\">\n\t\t\t\t<div class=\"elementor-element elementor-element-9e9f30e elementor-widget__width-auto elementor-widget-laptop__width-auto animated-fast elementor-invisible elementor-widget elementor-widget-heading\" data-id=\"9e9f30e\" data-element_type=\"widget\" data-settings=\"{&quot;_animation&quot;:&quot;fadeInLeft&quot;,&quot;_animation_delay&quot;:200}\" data-widget_type=\"heading.default\">\n\t\t\t\t<div class=\"elementor-widget-container\">\n\t\t\t\t\t<h2 class=\"elementor-heading-title elementor-size-default\">Sobre Stokes Inmobiliaria<\/h2>\t\t\t\t<\/div>\n\t\t\t\t<\/div>\n\t\t\t\t\t<\/div>\n\t\t\t\t<\/div>\n\t\t\t\t<\/div>\n\t\t<div class=\"elementor-element elementor-element-7596dd2 e-flex e-con-boxed e-con e-parent\" data-id=\"7596dd2\" data-element_type=\"container\">\n\t\t\t\t\t<div class=\"e-con-inner\">\n\t\t<div class=\"elementor-element elementor-element-88f55e8 e-flex e-con-boxed e-con e-child\" data-id=\"88f55e8\" data-element_type=\"container\">\n\t\t\t\t\t<div class=\"e-con-inner\">\n\t\t\t\t<div class=\"elementor-element elementor-element-efebed8 elementor-widget__width-initial elementor-invisible elementor-widget elementor-widget-text-editor\" data-id=\"efebed8\" data-element_type=\"widget\" data-settings=\"{&quot;_animation&quot;:&quot;fadeInLeft&quot;,&quot;_animation_delay&quot;:250}\" data-widget_type=\"text-editor.default\">\n\t\t\t\t<div class=\"elementor-widget-container\">\n\t\t\t\t\t\t\t\t\t<p>Somos una firma boutique de peritos colegiados (PSRA n.\u00b0 002615) que ofrece servicios integrales de consultor\u00eda, representaci\u00f3n y gesti\u00f3n para todo tipo de propiedades. Nos especializamos en ofrecer un servicio personalizado y a medida para satisfacer las necesidades espec\u00edficas de cada cliente, desde la gesti\u00f3n de propiedades residenciales de inversi\u00f3n hasta el asesoramiento y la soluci\u00f3n de problemas complejos en propiedades comerciales.<\/p><p>Stokes Property asesora sobre propiedades residenciales, comerciales, de desarrollo, de inversi\u00f3n y agr\u00edcolas y est\u00e1 orgulloso de garantizar que cualquiera que sea el problema relacionado con la propiedad que tenga, tendremos una soluci\u00f3n interna o a trav\u00e9s de uno de nuestros colegas de confianza.<\/p><p>Desde nuestra oficina en el centro de la ciudad en South William Street, adem\u00e1s de nuestros servicios de agencia y consultor\u00eda, gestionamos una cartera diversa de propiedades comerciales, de oficinas, industriales y residenciales para una variedad de clientes privados, comerciales e institucionales.\u00a0<\/p>\t\t\t\t\t\t\t\t<\/div>\n\t\t\t\t<\/div>\n\t\t\t\t\t<\/div>\n\t\t\t\t<\/div>\n\t\t<div class=\"elementor-element elementor-element-f9b979f e-flex e-con-boxed e-con e-child\" data-id=\"f9b979f\" data-element_type=\"container\">\n\t\t\t\t\t<div class=\"e-con-inner\">\n\t\t<div class=\"elementor-element elementor-element-f799998 e-con-full animated-fast e-flex elementor-invisible e-con e-child\" data-id=\"f799998\" data-element_type=\"container\" data-settings=\"{&quot;background_background&quot;:&quot;gradient&quot;,&quot;animation&quot;:&quot;slideInRight&quot;}\">\n\t\t\t\t<div class=\"elementor-element elementor-element-9b9a373 elementor-widget__width-initial animated-fast elementor-widget elementor-widget-image\" data-id=\"9b9a373\" data-element_type=\"widget\" data-settings=\"{&quot;_animation&quot;:&quot;none&quot;}\" data-widget_type=\"image.default\">\n\t\t\t\t<div class=\"elementor-widget-container\">\n\t\t\t\t\t\t\t\t\t\t\t\t\t\t\t<img fetchpriority=\"high\" decoding=\"async\" width=\"349\" height=\"276\" src=\"https:\/\/www.stokesproperty.ie\/wp-content\/uploads\/simon_stokes.png\" class=\"attachment-full size-full wp-image-21896\" alt=\"\" srcset=\"https:\/\/www.stokesproperty.ie\/wp-content\/uploads\/simon_stokes.png 349w, https:\/\/www.stokesproperty.ie\/wp-content\/uploads\/simon_stokes-300x237.png 300w, https:\/\/www.stokesproperty.ie\/wp-content\/uploads\/simon_stokes-15x12.png 15w\" sizes=\"(max-width: 349px) 100vw, 349px\" \/>\t\t\t\t\t\t\t\t\t\t\t\t\t\t\t<\/div>\n\t\t\t\t<\/div>\n\t\t\t\t<\/div>\n\t\t\t\t<div class=\"elementor-element elementor-element-97d3bce elementor-widget__width-initial animated-fast elementor-invisible elementor-widget elementor-widget-text-editor\" data-id=\"97d3bce\" data-element_type=\"widget\" data-settings=\"{&quot;_animation&quot;:&quot;slideInLeft&quot;,&quot;_animation_delay&quot;:0}\" data-widget_type=\"text-editor.default\">\n\t\t\t\t<div class=\"elementor-widget-container\">\n\t\t\t\t\t\t\t\t\t<h3><strong>Stokes Property Consultants fue fundada por Simon Stokes en junio de 2012.<\/strong><\/h3><p>Simon cuenta con casi 20 a\u00f1os de experiencia como asesor inmobiliario profesional, ofreciendo servicios discretos de consultor\u00eda y agencia a una amplia gama de clientes corporativos, institucionales y privados en toda Irlanda. Es miembro de la Sociedad de Agrimensores Colegiados de Irlanda (SCSI) y de la Real Instituci\u00f3n de Agrimensores Colegiados (RICS), y es Tasador Registrado de la RICS. Tambi\u00e9n fue presidente del Grupo Profesional de Agencias Residenciales de la SCSI. Simon era miembro cualificado tanto de la Sociedad de Agrimensores Colegiados como del Instituto Irland\u00e9s de Subastadores y Tasadores antes de la fusi\u00f3n de ambas entidades.<\/p>\t\t\t\t\t\t\t\t<\/div>\n\t\t\t\t<\/div>\n\t\t\t\t\t<\/div>\n\t\t\t\t<\/div>\n\t\t<div class=\"elementor-element elementor-element-ac37997 e-flex e-con-boxed e-con e-child\" data-id=\"ac37997\" data-element_type=\"container\">\n\t\t\t\t\t<div class=\"e-con-inner\">\n\t\t<div class=\"elementor-element elementor-element-6ecb2b6 e-con-full animated-fast e-flex elementor-invisible e-con e-child\" data-id=\"6ecb2b6\" data-element_type=\"container\" data-settings=\"{&quot;background_background&quot;:&quot;gradient&quot;,&quot;animation&quot;:&quot;slideInLeft&quot;}\">\n\t\t\t\t<\/div>\n\t\t\t\t<div class=\"elementor-element elementor-element-5afa9d4 elementor-widget__width-initial elementor-invisible elementor-widget elementor-widget-text-editor\" data-id=\"5afa9d4\" data-element_type=\"widget\" data-settings=\"{&quot;_animation&quot;:&quot;fadeInLeft&quot;,&quot;_animation_delay&quot;:250}\" data-widget_type=\"text-editor.default\">\n\t\t\t\t<div class=\"elementor-widget-container\">\n\t\t\t\t\t\t\t\t\t<h3>Sarah Stokes se incorpor\u00f3 a la empresa en 2013.<\/h3><p>\u00a0<\/p><p>Sarah ha trabajado en ventas, alquileres, carteras privadas y gesti\u00f3n de propiedades durante m\u00e1s de 15 a\u00f1os en Irlanda y el Reino Unido. Es miembro asociado de la Society of Chartered Surveyors Ireland SCSI y de la Royal Institution of Chartered Surveyors (RICS). Sus funciones anteriores incluyeron la gesti\u00f3n de equipos de ventas y alquileres ocupados, donde cre\u00f3, dise\u00f1\u00f3 e implement\u00f3 planes de negocios. Sarah asesora a los clientes sobre estrategias de adquisici\u00f3n y desinversi\u00f3n, gesti\u00f3n de carteras y propiedades.<\/p>\t\t\t\t\t\t\t\t<\/div>\n\t\t\t\t<\/div>\n\t\t\t\t\t<\/div>\n\t\t\t\t<\/div>\n\t\t\t\t\t<\/div>\n\t\t\t\t<\/div>\n\t\t<div class=\"elementor-element elementor-element-6401baf e-flex e-con-boxed e-con e-parent\" data-id=\"6401baf\" data-element_type=\"container\">\n\t\t\t\t\t<div class=\"e-con-inner\">\n\t\t\t\t<div class=\"elementor-element elementor-element-bdc8aa8 elementor-align-left elementor-invisible elementor-widget elementor-widget-button\" data-id=\"bdc8aa8\" data-element_type=\"widget\" data-settings=\"{&quot;_animation&quot;:&quot;fadeIn&quot;,&quot;_animation_delay&quot;:500}\" data-widget_type=\"button.default\">\n\t\t\t\t<div class=\"elementor-widget-container\">\n\t\t\t\t\t\t\t\t\t<div class=\"elementor-button-wrapper\">\n\t\t\t\t\t<a class=\"elementor-button elementor-button-link elementor-size-sm\" href=\"\/stokes-team\/\">\n\t\t\t\t\t\t<span class=\"elementor-button-content-wrapper\">\n\t\t\t\t\t\t<span class=\"elementor-button-icon\">\n\t\t\t\t<svg xmlns=\"http:\/\/www.w3.org\/2000\/svg\" width=\"13\" height=\"13\" viewbox=\"0 0 13 13\"><path id=\"Union_41\" data-name=\"Union 41\" d=\"M11,13V3.414L1.414,13,0,11.586,9.586,2H0V0H13V13Z\"><\/path><\/svg>\t\t\t<\/span>\n\t\t\t\t\t\t\t\t\t<span class=\"elementor-button-text\">Conocer al equipo<\/span>\n\t\t\t\t\t<\/span>\n\t\t\t\t\t<\/a>\n\t\t\t\t<\/div>\n\t\t\t\t\t\t\t\t<\/div>\n\t\t\t\t<\/div>\n\t\t<div class=\"elementor-element elementor-element-36a22e6 e-con-full e-flex e-con e-child\" data-id=\"36a22e6\" data-element_type=\"container\">\n\t\t\t\t<div class=\"elementor-element elementor-element-7835383 elementor-widget__width-initial elementor-invisible elementor-widget elementor-widget-text-editor\" data-id=\"7835383\" data-element_type=\"widget\" data-settings=\"{&quot;_animation&quot;:&quot;fadeInLeft&quot;,&quot;_animation_delay&quot;:250}\" data-widget_type=\"text-editor.default\">\n\t\t\t\t<div class=\"elementor-widget-container\">\n\t\t\t\t\t\t\t\t\t<h3>Nick Boyle se uni\u00f3 a la empresa en 2022<\/h3><p>Nick aporta a Stokes Property una gran experiencia en agencias comerciales y residenciales. Ha asesorado a clientes privados, corporativos e institucionales en funciones anteriores y ha seguido ofreciendo asesoramiento experto a nuestros clientes en una amplia gama de tipos de propiedades.<\/p>\t\t\t\t\t\t\t\t<\/div>\n\t\t\t\t<\/div>\n\t\t\t\t<\/div>\n\t\t\t\t\t<\/div>\n\t\t\t\t<\/div>\n\t\t\t\t<\/div>","protected":false},"excerpt":{"rendered":"<p>Acerca de Stokes Property: Somos una firma boutique de peritos colegiados (PSRA n.\u00b0 002615) que ofrece servicios integrales de consultor\u00eda, representaci\u00f3n y gesti\u00f3n para todo tipo de propiedades. Nos especializamos en ofrecer un servicio personalizado y a medida para satisfacer las necesidades espec\u00edficas de cada cliente, desde la gesti\u00f3n de propiedades residenciales de inversi\u00f3n hasta el asesoramiento [\u2026]<\/p>","protected":false},"author":9,"featured_media":0,"parent":0,"menu_order":0,"comment_status":"closed","ping_status":"closed","template":"","meta":{"_acf_changed":false,"content-type":"","inline_featured_image":false,"footnotes":""},"class_list":["post-21876","page","type-page","status-publish","hentry"],"acf":[],"yoast_head":"<!-- This site is optimized with the Yoast SEO plugin v25.4 - https:\/\/yoast.com\/wordpress\/plugins\/seo\/ -->\n<title>About - Stokes Property<\/title>\n<meta name=\"description\" content=\"Stokes Property - the Irish property investment agency that offers property search &amp; the ability to exchange online. About\" \/>\n<meta name=\"robots\" content=\"index, follow, max-snippet:-1, max-image-preview:large, max-video-preview:-1\" \/>\n<link rel=\"canonical\" href=\"https:\/\/www.stokesproperty.ie\/es\/stokes-about\/\" \/>\n<meta property=\"og:locale\" content=\"es_ES\" \/>\n<meta property=\"og:type\" content=\"article\" \/>\n<meta property=\"og:title\" content=\"About - Stokes Property\" \/>\n<meta property=\"og:description\" content=\"Stokes Property - the Irish property investment agency that offers property search &amp; the ability to exchange online. About\" \/>\n<meta property=\"og:url\" content=\"https:\/\/www.stokesproperty.ie\/es\/stokes-about\/\" \/>\n<meta property=\"og:site_name\" content=\"Stokes Property\" \/>\n<meta property=\"article:modified_time\" content=\"2024-11-27T11:57:00+00:00\" \/>\n<meta property=\"og:image\" content=\"https:\/\/www.stokesproperty.ie\/wp-content\/uploads\/simon_stokes.png\" \/>\n\t<meta property=\"og:image:width\" content=\"349\" \/>\n\t<meta property=\"og:image:height\" content=\"276\" \/>\n\t<meta property=\"og:image:type\" content=\"image\/png\" \/>\n<meta name=\"twitter:card\" content=\"summary_large_image\" \/>\n<meta name=\"twitter:label1\" content=\"Tiempo de lectura\" \/>\n\t<meta name=\"twitter:data1\" content=\"2 minutos\" \/>\n<script type=\"application\/ld+json\" class=\"yoast-schema-graph\">{\"@context\":\"https:\/\/schema.org\",\"@graph\":[{\"@type\":\"WebPage\",\"@id\":\"https:\/\/www.stokesproperty.ie\/stokes-about\/\",\"url\":\"https:\/\/www.stokesproperty.ie\/stokes-about\/\",\"name\":\"About - Stokes Property\",\"isPartOf\":{\"@id\":\"https:\/\/www.stokesproperty.ie\/#website\"},\"primaryImageOfPage\":{\"@id\":\"https:\/\/www.stokesproperty.ie\/stokes-about\/#primaryimage\"},\"image\":{\"@id\":\"https:\/\/www.stokesproperty.ie\/stokes-about\/#primaryimage\"},\"thumbnailUrl\":\"https:\/\/www.stokesproperty.ie\/wp-content\/uploads\/simon_stokes.png\",\"datePublished\":\"2023-06-21T07:20:40+00:00\",\"dateModified\":\"2024-11-27T11:57:00+00:00\",\"description\":\"Stokes Property - the Irish property investment agency that offers property search & the ability to exchange online. About\",\"breadcrumb\":{\"@id\":\"https:\/\/www.stokesproperty.ie\/stokes-about\/#breadcrumb\"},\"inLanguage\":\"es\",\"potentialAction\":[{\"@type\":\"ReadAction\",\"target\":[\"https:\/\/www.stokesproperty.ie\/stokes-about\/\"]}]},{\"@type\":\"ImageObject\",\"inLanguage\":\"es\",\"@id\":\"https:\/\/www.stokesproperty.ie\/stokes-about\/#primaryimage\",\"url\":\"https:\/\/www.stokesproperty.ie\/wp-content\/uploads\/simon_stokes.png\",\"contentUrl\":\"https:\/\/www.stokesproperty.ie\/wp-content\/uploads\/simon_stokes.png\"},{\"@type\":\"BreadcrumbList\",\"@id\":\"https:\/\/www.stokesproperty.ie\/stokes-about\/#breadcrumb\",\"itemListElement\":[{\"@type\":\"ListItem\",\"position\":1,\"name\":\"Home\",\"item\":\"https:\/\/www.stokesproperty.ie\/\"},{\"@type\":\"ListItem\",\"position\":2,\"name\":\"About\"}]},{\"@type\":\"WebSite\",\"@id\":\"https:\/\/www.stokesproperty.ie\/#website\",\"url\":\"https:\/\/www.stokesproperty.ie\/\",\"name\":\"Stokes Property\",\"description\":\"Commercial Property Online\",\"publisher\":{\"@id\":\"https:\/\/www.stokesproperty.ie\/#organization\"},\"potentialAction\":[{\"@type\":\"SearchAction\",\"target\":{\"@type\":\"EntryPoint\",\"urlTemplate\":\"https:\/\/www.stokesproperty.ie\/?s={search_term_string}\"},\"query-input\":{\"@type\":\"PropertyValueSpecification\",\"valueRequired\":true,\"valueName\":\"search_term_string\"}}],\"inLanguage\":\"es\"},{\"@type\":\"Organization\",\"@id\":\"https:\/\/www.stokesproperty.ie\/#organization\",\"name\":\"Stokes Property\",\"url\":\"https:\/\/www.stokesproperty.ie\/\",\"logo\":{\"@type\":\"ImageObject\",\"inLanguage\":\"es\",\"@id\":\"https:\/\/www.stokesproperty.ie\/#\/schema\/logo\/image\/\",\"url\":\"https:\/\/www.stokesproperty.ie\/wp-content\/uploads\/stokes_rectangle.jpg\",\"contentUrl\":\"https:\/\/www.stokesproperty.ie\/wp-content\/uploads\/stokes_rectangle.jpg\",\"width\":400,\"height\":220,\"caption\":\"Stokes Property\"},\"image\":{\"@id\":\"https:\/\/www.stokesproperty.ie\/#\/schema\/logo\/image\/\"}}]}<\/script>\n<!-- \/ Yoast SEO plugin. -->","yoast_head_json":{"title":"About - Stokes Property","description":"Stokes Property - the Irish property investment agency that offers property search & the ability to exchange online. About","robots":{"index":"index","follow":"follow","max-snippet":"max-snippet:-1","max-image-preview":"max-image-preview:large","max-video-preview":"max-video-preview:-1"},"canonical":"https:\/\/www.stokesproperty.ie\/es\/stokes-about\/","og_locale":"es_ES","og_type":"article","og_title":"About - Stokes Property","og_description":"Stokes Property - the Irish property investment agency that offers property search & the ability to exchange online. About","og_url":"https:\/\/www.stokesproperty.ie\/es\/stokes-about\/","og_site_name":"Stokes Property","article_modified_time":"2024-11-27T11:57:00+00:00","og_image":[{"width":349,"height":276,"url":"https:\/\/www.stokesproperty.ie\/wp-content\/uploads\/simon_stokes.png","type":"image\/png"}],"twitter_card":"summary_large_image","twitter_misc":{"Tiempo de lectura":"2 minutos"},"schema":{"@context":"https:\/\/schema.org","@graph":[{"@type":"WebPage","@id":"https:\/\/www.stokesproperty.ie\/stokes-about\/","url":"https:\/\/www.stokesproperty.ie\/stokes-about\/","name":"About - Stokes Property","isPartOf":{"@id":"https:\/\/www.stokesproperty.ie\/#website"},"primaryImageOfPage":{"@id":"https:\/\/www.stokesproperty.ie\/stokes-about\/#primaryimage"},"image":{"@id":"https:\/\/www.stokesproperty.ie\/stokes-about\/#primaryimage"},"thumbnailUrl":"https:\/\/www.stokesproperty.ie\/wp-content\/uploads\/simon_stokes.png","datePublished":"2023-06-21T07:20:40+00:00","dateModified":"2024-11-27T11:57:00+00:00","description":"Stokes Property - the Irish property investment agency that offers property search & the ability to exchange online. About","breadcrumb":{"@id":"https:\/\/www.stokesproperty.ie\/stokes-about\/#breadcrumb"},"inLanguage":"es","potentialAction":[{"@type":"ReadAction","target":["https:\/\/www.stokesproperty.ie\/stokes-about\/"]}]},{"@type":"ImageObject","inLanguage":"es","@id":"https:\/\/www.stokesproperty.ie\/stokes-about\/#primaryimage","url":"https:\/\/www.stokesproperty.ie\/wp-content\/uploads\/simon_stokes.png","contentUrl":"https:\/\/www.stokesproperty.ie\/wp-content\/uploads\/simon_stokes.png"},{"@type":"BreadcrumbList","@id":"https:\/\/www.stokesproperty.ie\/stokes-about\/#breadcrumb","itemListElement":[{"@type":"ListItem","position":1,"name":"Home","item":"https:\/\/www.stokesproperty.ie\/"},{"@type":"ListItem","position":2,"name":"About"}]},{"@type":"WebSite","@id":"https:\/\/www.stokesproperty.ie\/#website","url":"https:\/\/www.stokesproperty.ie\/","name":"Stokes Property","description":"Commercial Property Online","publisher":{"@id":"https:\/\/www.stokesproperty.ie\/#organization"},"potentialAction":[{"@type":"SearchAction","target":{"@type":"EntryPoint","urlTemplate":"https:\/\/www.stokesproperty.ie\/?s={search_term_string}"},"query-input":{"@type":"PropertyValueSpecification","valueRequired":true,"valueName":"search_term_string"}}],"inLanguage":"es"},{"@type":"Organization","@id":"https:\/\/www.stokesproperty.ie\/#organization","name":"Stokes Property","url":"https:\/\/www.stokesproperty.ie\/","logo":{"@type":"ImageObject","inLanguage":"es","@id":"https:\/\/www.stokesproperty.ie\/#\/schema\/logo\/image\/","url":"https:\/\/www.stokesproperty.ie\/wp-content\/uploads\/stokes_rectangle.jpg","contentUrl":"https:\/\/www.stokesproperty.ie\/wp-content\/uploads\/stokes_rectangle.jpg","width":400,"height":220,"caption":"Stokes Property"},"image":{"@id":"https:\/\/www.stokesproperty.ie\/#\/schema\/logo\/image\/"}}]}},"_links":{"self":[{"href":"https:\/\/www.stokesproperty.ie\/es\/wp-json\/wp\/v2\/pages\/21876","targetHints":{"allow":["GET"]}}],"collection":[{"href":"https:\/\/www.stokesproperty.ie\/es\/wp-json\/wp\/v2\/pages"}],"about":[{"href":"https:\/\/www.stokesproperty.ie\/es\/wp-json\/wp\/v2\/types\/page"}],"author":[{"embeddable":true,"href":"https:\/\/www.stokesproperty.ie\/es\/wp-json\/wp\/v2\/users\/9"}],"replies":[{"embeddable":true,"href":"https:\/\/www.stokesproperty.ie\/es\/wp-json\/wp\/v2\/comments?post=21876"}],"version-history":[{"count":21,"href":"https:\/\/www.stokesproperty.ie\/es\/wp-json\/wp\/v2\/pages\/21876\/revisions"}],"predecessor-version":[{"id":27145,"href":"https:\/\/www.stokesproperty.ie\/es\/wp-json\/wp\/v2\/pages\/21876\/revisions\/27145"}],"wp:attachment":[{"href":"https:\/\/www.stokesproperty.ie\/es\/wp-json\/wp\/v2\/media?parent=21876"}],"curies":[{"name":"wp","href":"https:\/\/api.w.org\/{rel}","templated":true}]}}