{"id":16209,"date":"2023-02-17T12:32:18","date_gmt":"2023-02-17T12:32:18","guid":{"rendered":"https:\/\/sales.singervielle.com\/?page_id=16209"},"modified":"2024-11-19T17:23:09","modified_gmt":"2024-11-19T17:23:09","slug":"disclaimer","status":"publish","type":"page","link":"https:\/\/www.stokesproperty.ie\/fr\/disclaimer\/","title":{"rendered":"Clause de non-responsabilit\u00e9"},"content":{"rendered":"<div data-elementor-type=\"wp-page\" data-elementor-id=\"16209\" class=\"elementor elementor-16209\" data-elementor-post-type=\"page\">\n\t\t\t\t<div class=\"elementor-element elementor-element-a8b6655 e-flex e-con-boxed e-con e-parent\" data-id=\"a8b6655\" data-element_type=\"container\">\n\t\t\t\t\t<div class=\"e-con-inner\">\n\t\t<div class=\"elementor-element elementor-element-432691b e-con-full e-flex e-con e-child\" data-id=\"432691b\" data-element_type=\"container\">\n\t\t\t\t<div class=\"elementor-element elementor-element-aec9e09 elementor-widget__width-auto elementor-widget-laptop__width-auto animated-fast elementor-invisible elementor-widget elementor-widget-heading\" data-id=\"aec9e09\" data-element_type=\"widget\" data-settings=\"{&quot;_animation&quot;:&quot;fadeInLeft&quot;,&quot;_animation_delay&quot;:200}\" data-widget_type=\"heading.default\">\n\t\t\t\t<div class=\"elementor-widget-container\">\n\t\t\t\t\t<h2 class=\"elementor-heading-title elementor-size-default\">Avis de non-responsabilit\u00e9 et d\u00e9claration de confidentialit\u00e9<\/h2>\t\t\t\t<\/div>\n\t\t\t\t<\/div>\n\t\t\t\t<\/div>\n\t\t\t\t<div class=\"elementor-element elementor-element-e73cddd elementor-widget__width-initial elementor-widget-tablet__width-inherit elementor-invisible elementor-widget elementor-widget-text-editor\" data-id=\"e73cddd\" data-element_type=\"widget\" data-settings=\"{&quot;_animation&quot;:&quot;fadeInLeft&quot;,&quot;_animation_delay&quot;:250}\" data-widget_type=\"text-editor.default\">\n\t\t\t\t<div class=\"elementor-widget-container\">\n\t\t\t\t\t\t\t\t\t<h4><strong>Informations l\u00e9gales \u2013 Avertissement Irlande :<\/strong><\/h4><p>Stokes Property Consultants Limited, t\/a Stokes Property, et le vendeur\/bailleur notifient que\u00a0:<\/p><ol><li>Ces informations sont fournies \u00e0 titre indicatif uniquement et ne constituent ni ne font partie d&#039;une offre ou d&#039;un contrat.<\/li><li>Toutes les d\u00e9clarations contenues dans ces renseignements concernant cette propri\u00e9t\u00e9 sont faites sans responsabilit\u00e9 de la part des agents ou du vendeur\/bailleur.<\/li><li>Aucune des d\u00e9clarations contenues dans ces renseignements concernant cette propri\u00e9t\u00e9 ne doit \u00eatre consid\u00e9r\u00e9e comme une d\u00e9claration ou une repr\u00e9sentation de faits.<\/li><li>Les d\u00e9tails, divers plans, photographies, descriptions et mesures ont \u00e9t\u00e9 soigneusement pr\u00e9par\u00e9s, mais leur exactitude n&#039;est pas garantie et tout acheteur\/locataire potentiel devra se satisfaire par inspection ou autrement quant \u00e0 leur exactitude. Aucune omission, erreur accidentelle ou fausse d\u00e9claration ne pourra donner lieu \u00e0 une demande d&#039;indemnisation ou \u00e0 la r\u00e9siliation du Contrat de la part du Vendeur\/Bailleur ou de l&#039;Acheteur\/Locataire.<\/li><li>Ni le vendeur\/bailleur ni Stokes Property Consultants Ltd. t\/a Stokes Property ni aucune personne \u00e0 leur emploi n&#039;ont le pouvoir de faire ou de donner une repr\u00e9sentation ou une garantie concernant la propri\u00e9t\u00e9. 6. Les prix sont indiqu\u00e9s hors TVA (sauf indication contraire) et toutes les n\u00e9gociations sont men\u00e9es sur la base que l&#039;Acheteur\/Locataire sera redevable de la TVA \u00e9ventuelle.<\/li><\/ol><h4>D\u00e9claration de confidentialit\u00e9 sur la protection des donn\u00e9es<\/h4><p>Stokes Property, tout en ayant besoin de vos informations pour ex\u00e9cuter et fournir un service professionnel, s&#039;engage \u00e0 prot\u00e9ger toutes les donn\u00e9es personnelles de nos clients et de nos clients. Nous demanderons votre consentement avant de collecter ou de traiter vos donn\u00e9es lorsque nous sommes tenus de le faire en vertu des termes de la l\u00e9gislation en vigueur sur la protection des donn\u00e9es.<\/p><p>\u00a0<\/p><p>Nous ne vous enverrons pas de courriers \u00e9lectroniques non sollicit\u00e9s et ne partagerons pas vos donn\u00e9es avec des tiers. Nous collectons des informations uniquement par le biais d&#039;interactions directes avec nous par t\u00e9l\u00e9phone, par courrier \u00e9lectronique\/courrier ou par notre engagement direct aupr\u00e8s de vous.<\/p><p>\u00a0<\/p><p>Nous ne conserverons pas vos informations personnelles plus longtemps que n\u00e9cessaire. Nous les conserverons pendant toute la dur\u00e9e de votre collaboration avec nous et pendant la p\u00e9riode ult\u00e9rieure n\u00e9cessaire au respect de la l\u00e9gislation en vigueur.<\/p><p>En l&#039;absence de contrat, nous conserverons vos informations personnelles uniquement pendant la dur\u00e9e n\u00e9cessaire au respect de la l\u00e9gislation en vigueur (g\u00e9n\u00e9ralement 6 ans).<\/p><p>Vous pouvez exercer votre droit \u00e0 l&#039;effacement des informations \u00e0 condition que nous n&#039;ayons pas besoin de les conserver pour l&#039;une des raisons autoris\u00e9es ou requises par la loi applicable en vigueur.<\/p><p>Nous pouvons \u00eatre amen\u00e9s \u00e0 divulguer vos informations personnelles \u00e0 des tiers si cela s&#039;av\u00e8re n\u00e9cessaire pour respecter les termes de votre contrat avec nous. Par exemple, \u00e0 des tiers tels que des conseillers professionnels (leurs agents), des avocats, des \u00e9valuateurs, des prestataires de services, du personnel concern\u00e9, afin de permettre une v\u00e9rification diligente dans le cadre de tout projet de fusion, d&#039;acquisition ou de transfert de notre entreprise, \u00e0 toute personne d\u00e9sign\u00e9e pour g\u00e9rer un tel accord, ainsi qu&#039;aux autorit\u00e9s et organismes r\u00e9glementaires ou autres comp\u00e9tents, conform\u00e9ment \u00e0 la loi, le tout sous r\u00e9serve de leur obligation de confidentialit\u00e9. Nous ne divulguons que les informations personnelles n\u00e9cessaires \u00e0 la prestation du service qu&#039;ils fournissent en votre\/notre nom.<\/p><p>Vos donn\u00e9es ne seront transmises \u00e0 aucun tiers \u00e0 des fins de marketing ind\u00e9pendant. Vous disposez d&#039;un droit d&#039;acc\u00e8s \u00e0 vos informations personnelles et d&#039;un droit de retirer votre consentement au traitement de vos informations personnelles, y compris le droit de corriger, supprimer, restreindre ces informations ou de demander qu&#039;elles soient transf\u00e9r\u00e9es \u00e0 un autre responsable du traitement des donn\u00e9es, sous r\u00e9serve \u00e0 tout moment de notre respect de la l\u00e9gislation en vigueur.<\/p><p>Les informations personnelles relatives aux personnes de moins de 16 ans ne seront pas conserv\u00e9es, sauf demande expresse d\u2019un parent ou d\u2019un tuteur.<\/p><p>Nous pouvons avoir besoin que vous nous fournissiez des donn\u00e9es personnelles pour nous permettre de fournir le service contractuel, y compris votre nom, votre adresse, votre adresse e-mail et votre num\u00e9ro de t\u00e9l\u00e9phone, les d\u00e9tails de la propri\u00e9t\u00e9 ou du service que nous vous fournissons, les informations n\u00e9cessaires relatives \u00e0 vos moyens financiers, telles que des preuves document\u00e9es de fonds, des v\u00e9rifications d&#039;identit\u00e9 et les informations n\u00e9cessaires au respect de la l\u00e9gislation relative \u00e0 la lutte contre le blanchiment d&#039;argent et \u00e0 la r\u00e9glementation des services immobiliers.<\/p><p>\u00a0<\/p><p>Toutes les mesures raisonnables sont prises pour prot\u00e9ger les informations personnelles que nous d\u00e9tenons contre toute utilisation abusive, perte ou acc\u00e8s non autoris\u00e9. Si vous suspectez une utilisation abusive, une perte ou un acc\u00e8s non autoris\u00e9 \u00e0 vos donn\u00e9es personnelles, veuillez nous contacter \u00e0 l&#039;adresse majella@stokesproperty.ie.<\/p><p>Si vous n&#039;\u00eates pas satisfait du r\u00e9sultat de votre demande, vous avez le droit de d\u00e9poser une plainte aupr\u00e8s de la Commission de protection des donn\u00e9es, qui pourra enqu\u00eater en votre nom \u00e0 l&#039;adresse info@dataprotection.ie \/ Data Protection Commission, Canal House, Station Road, Portarlington, Co. Laois, R32 AP23. T\u00e9l\u00e9phone\u00a0: 1890 252 231. www.dataprotection.ie<\/p><p>De m\u00eame, si vous ne souhaitez plus recevoir de communications concernant vos besoins immobiliers, veuillez nous en informer \u00e0 <a href=\"mailto:sarah@stokesproperty.ie\">sarah@stokesproperty.ie<\/a><\/p><p>Nous nous r\u00e9servons le droit de modifier cette politique de confidentialit\u00e9 si n\u00e9cessaire.<\/p><p>\u00a0<\/p><h4><strong>Dans le respect de la loi britannique<\/strong><\/h4><h5>\u00a0<\/h5><h5><strong>Sous r\u00e9serve de contrat et hors TVA<\/strong><\/h5><p>Cette clause de non-responsabilit\u00e9 s&#039;applique \u00e0 www.stokesproperty.ie (le <strong>&quot;Site&quot;<\/strong>) qui appartient \u00e0 Singer Vielle Limited (<strong>\u00ab Singer Vielle \u00bb<\/strong>) et exploit\u00e9 sous licence par Stokes Property Consultants Limited.<\/p><h5><strong>Loi sur les fausses d\u00e9clarations de 1967<\/strong><\/h5><p>Stokes Property Consultants Limited, pour eux-m\u00eames et pour les vendeurs ou bailleurs de propri\u00e9t\u00e9s pour lesquels ils agissent en tant qu&#039;agents, notifient que\u00a0:<\/p><ol><li>Les d\u00e9tails sont pr\u00e9sent\u00e9s \u00e0 titre g\u00e9n\u00e9ral uniquement pour guider les futurs acheteurs ou locataires, et ne constituent pas, ni ne font partie d\u2019une offre ou d\u2019un contrat.<\/li><li>Toutes les descriptions, dimensions, r\u00e9f\u00e9rences \u00e0 l&#039;\u00e9tat et aux autorisations n\u00e9cessaires pour l&#039;utilisation et l&#039;occupation, ainsi que d&#039;autres d\u00e9tails sur le Site sont donn\u00e9s de bonne foi et sont consid\u00e9r\u00e9s comme corrects au moment de la publication, mais peuvent \u00eatre sujets \u00e0 des modifications ult\u00e9rieures.<\/li><li>Les acheteurs ou locataires potentiels ne doivent pas se fier aux d\u00e9clarations faites par Stokes Property Consultants Limited concernant les propri\u00e9t\u00e9s comme des d\u00e9clarations ou des repr\u00e9sentations de faits, mais doivent se satisfaire par leur propre inspection ou autrement quant \u00e0 l&#039;exactitude de chacune d&#039;entre elles.<\/li><li>Aucune personne employ\u00e9e par Stokes Property Consultants Limited n&#039;a le pouvoir de faire ou de donner une repr\u00e9sentation ou une garantie au nom de Stokes Property Consultants Limited, quelle qu&#039;elle soit, en ce qui concerne les propri\u00e9t\u00e9s r\u00e9pertori\u00e9es sur ce site ou autrement.<\/li><li>Toutes les cartes sont uniquement destin\u00e9es \u00e0 des fins d&#039;identification et de r\u00e9f\u00e9rence et ne doivent pas \u00eatre fiables pour leur exactitude.<\/li><li>Sauf indication contraire, tous les prix, loyers et autres frais indiqu\u00e9s s&#039;entendent hors taxe sur la valeur ajout\u00e9e \u00e0 laquelle ils peuvent \u00eatre soumis.<\/li><\/ol><h5>\u00a0<\/h5><h5><strong>Loi de finances 1989<\/strong><\/h5><p>Sauf indication contraire, tous les prix et loyers sont indiqu\u00e9s hors TVA.<\/p><h5>\u00a0<\/h5><h5><strong>Loi de 1991 sur les descriptions erron\u00e9es des biens<\/strong><\/h5><p>Ces d\u00e9tails sont consid\u00e9r\u00e9s comme exacts au moment de la compilation, mais peuvent \u00eatre sujets \u00e0 des modifications ult\u00e9rieures.<\/p><p>Concernant les biens immobiliers r\u00e9pertori\u00e9s et\/ou figurant sur le Site (chacun \u00e9tant un <strong>&quot;Propri\u00e9t\u00e9&quot;<\/strong>, et ensemble les <strong>&quot;Propri\u00e9t\u00e9s&quot;<\/strong>):<\/p><ol><li>Notre service Site vous permet de vous renseigner et d&#039;acheter ou de louer des propri\u00e9t\u00e9s apparaissant sur ou r\u00e9pertori\u00e9es sur ce site. De telles demandes, achats ou locations ne peuvent \u00eatre effectu\u00e9s et autoris\u00e9s que sous r\u00e9serve stricte de nos conditions d&#039;utilisation (disponibles ici\u00a0: www.stokesproperty.ie\/terms-of-use) \u00e9nonc\u00e9es ci-dessous.<\/li><li>En aucun cas, nous ne serons responsables envers vous de tout dommage direct, indirect, cons\u00e9cutif, accidentel ou sp\u00e9cial d\u00e9coulant de votre achat ou location de toute propri\u00e9t\u00e9 sur le site.<\/li><li>En aucun cas, nous ne serons responsables des erreurs ou du caract\u00e8re incomplet des informations relatives \u00e0 toute propri\u00e9t\u00e9 r\u00e9pertori\u00e9e sur ce site ou si une propri\u00e9t\u00e9 a \u00e9t\u00e9 retir\u00e9e de la vente ou de la location, et nous ne serons pas non plus responsables des dimensions inexactes des propri\u00e9t\u00e9s ou des prix indiqu\u00e9s.<\/li><li>Nous n&#039;acceptons aucune responsabilit\u00e9 quant \u00e0 l&#039;exhaustivit\u00e9 ou \u00e0 l&#039;exactitude des informations apparaissant sur ce site qui sont fournies par les vendeurs ou les bailleurs de la propri\u00e9t\u00e9 concern\u00e9e qui sont seuls responsables de ces informations.<\/li><li>M\u00eame si nous pensons que les propri\u00e9t\u00e9s r\u00e9pertori\u00e9es sont disponibles \u00e0 l&#039;achat ou \u00e0 la location, nous ne garantissons pas que tel est le cas ou qu&#039;elles n&#039;ont pas \u00e9t\u00e9 retir\u00e9es par le vendeur ou le bailleur. Toutes les Propri\u00e9t\u00e9s apparaissant ou r\u00e9pertori\u00e9es sur le Site sont sujettes \u00e0 des changements, des erreurs ou des omissions. Nous n&#039;avons pas v\u00e9rifi\u00e9 l&#039;exactitude des informations relatives aux Propri\u00e9t\u00e9s ou aux dimensions qui ont \u00e9t\u00e9 donn\u00e9es par les Vendeurs ou les Bailleurs.<\/li><li>Toutes les propri\u00e9t\u00e9s sont r\u00e9pertori\u00e9es sous contrat et les prix indiqu\u00e9s s&#039;entendent hors TVA le cas \u00e9ch\u00e9ant.<\/li><\/ol><p>f\u00e9vrier 2023<\/p>\t\t\t\t\t\t\t\t<\/div>\n\t\t\t\t<\/div>\n\t\t\t\t\t<\/div>\n\t\t\t\t<\/div>\n\t\t\t\t<\/div>","protected":false},"excerpt":{"rendered":"<p>Avis de non-responsabilit\u00e9 et d\u00e9claration de confidentialit\u00e9. Informations l\u00e9gales \u2013 Avis de non-responsabilit\u00e9. Irlande\u00a0: Stokes Property Consultants Limited, exer\u00e7ant ses activit\u00e9s sous le nom de Stokes Property, et le vendeur\/bailleur vous informent que\u00a0: Ces informations sont donn\u00e9es \u00e0 titre indicatif uniquement et ne constituent ni une offre ni un contrat. Toutes les d\u00e9clarations relatives \u00e0 ce bien immobilier contenues dans ces informations sont faites sans [\u2026]<\/p>","protected":false},"author":9,"featured_media":0,"parent":0,"menu_order":0,"comment_status":"closed","ping_status":"closed","template":"","meta":{"_acf_changed":false,"content-type":"","inline_featured_image":false,"footnotes":""},"class_list":["post-16209","page","type-page","status-publish","hentry"],"acf":[],"yoast_head":"<!-- This site is optimized with the Yoast SEO plugin v25.4 - https:\/\/yoast.com\/wordpress\/plugins\/seo\/ -->\n<title>Disclaimer - Stokes Property<\/title>\n<meta name=\"description\" content=\"Stokes Property - the Irish property investment agency that offers property search &amp; the ability to exchange online. Disclaimer\" \/>\n<meta name=\"robots\" content=\"index, follow, max-snippet:-1, max-image-preview:large, max-video-preview:-1\" \/>\n<link rel=\"canonical\" href=\"https:\/\/www.stokesproperty.ie\/fr\/disclaimer\/\" \/>\n<meta property=\"og:locale\" content=\"fr_FR\" \/>\n<meta property=\"og:type\" content=\"article\" \/>\n<meta property=\"og:title\" content=\"Disclaimer - Stokes Property\" \/>\n<meta property=\"og:description\" content=\"Stokes Property - the Irish property investment agency that offers property search &amp; the ability to exchange online. Disclaimer\" \/>\n<meta property=\"og:url\" content=\"https:\/\/www.stokesproperty.ie\/fr\/disclaimer\/\" \/>\n<meta property=\"og:site_name\" content=\"Stokes Property\" \/>\n<meta property=\"article:modified_time\" content=\"2024-11-19T17:23:09+00:00\" \/>\n<meta name=\"twitter:card\" content=\"summary_large_image\" \/>\n<meta name=\"twitter:label1\" content=\"Dur\u00e9e de lecture estim\u00e9e\" \/>\n\t<meta name=\"twitter:data1\" content=\"6 minutes\" \/>\n<script type=\"application\/ld+json\" class=\"yoast-schema-graph\">{\"@context\":\"https:\/\/schema.org\",\"@graph\":[{\"@type\":\"WebPage\",\"@id\":\"https:\/\/www.stokesproperty.ie\/disclaimer\/\",\"url\":\"https:\/\/www.stokesproperty.ie\/disclaimer\/\",\"name\":\"Disclaimer - Stokes Property\",\"isPartOf\":{\"@id\":\"https:\/\/www.stokesproperty.ie\/#website\"},\"datePublished\":\"2023-02-17T12:32:18+00:00\",\"dateModified\":\"2024-11-19T17:23:09+00:00\",\"description\":\"Stokes Property - the Irish property investment agency that offers property search & the ability to exchange online. Disclaimer\",\"breadcrumb\":{\"@id\":\"https:\/\/www.stokesproperty.ie\/disclaimer\/#breadcrumb\"},\"inLanguage\":\"fr-FR\",\"potentialAction\":[{\"@type\":\"ReadAction\",\"target\":[\"https:\/\/www.stokesproperty.ie\/disclaimer\/\"]}]},{\"@type\":\"BreadcrumbList\",\"@id\":\"https:\/\/www.stokesproperty.ie\/disclaimer\/#breadcrumb\",\"itemListElement\":[{\"@type\":\"ListItem\",\"position\":1,\"name\":\"Home\",\"item\":\"https:\/\/www.stokesproperty.ie\/\"},{\"@type\":\"ListItem\",\"position\":2,\"name\":\"Disclaimer\"}]},{\"@type\":\"WebSite\",\"@id\":\"https:\/\/www.stokesproperty.ie\/#website\",\"url\":\"https:\/\/www.stokesproperty.ie\/\",\"name\":\"Stokes Property\",\"description\":\"Commercial Property Online\",\"publisher\":{\"@id\":\"https:\/\/www.stokesproperty.ie\/#organization\"},\"potentialAction\":[{\"@type\":\"SearchAction\",\"target\":{\"@type\":\"EntryPoint\",\"urlTemplate\":\"https:\/\/www.stokesproperty.ie\/?s={search_term_string}\"},\"query-input\":{\"@type\":\"PropertyValueSpecification\",\"valueRequired\":true,\"valueName\":\"search_term_string\"}}],\"inLanguage\":\"fr-FR\"},{\"@type\":\"Organization\",\"@id\":\"https:\/\/www.stokesproperty.ie\/#organization\",\"name\":\"Stokes Property\",\"url\":\"https:\/\/www.stokesproperty.ie\/\",\"logo\":{\"@type\":\"ImageObject\",\"inLanguage\":\"fr-FR\",\"@id\":\"https:\/\/www.stokesproperty.ie\/#\/schema\/logo\/image\/\",\"url\":\"https:\/\/www.stokesproperty.ie\/wp-content\/uploads\/stokes_rectangle.jpg\",\"contentUrl\":\"https:\/\/www.stokesproperty.ie\/wp-content\/uploads\/stokes_rectangle.jpg\",\"width\":400,\"height\":220,\"caption\":\"Stokes Property\"},\"image\":{\"@id\":\"https:\/\/www.stokesproperty.ie\/#\/schema\/logo\/image\/\"}}]}<\/script>\n<!-- \/ Yoast SEO plugin. -->","yoast_head_json":{"title":"Disclaimer - Stokes Property","description":"Stokes Property - the Irish property investment agency that offers property search & the ability to exchange online. Disclaimer","robots":{"index":"index","follow":"follow","max-snippet":"max-snippet:-1","max-image-preview":"max-image-preview:large","max-video-preview":"max-video-preview:-1"},"canonical":"https:\/\/www.stokesproperty.ie\/fr\/disclaimer\/","og_locale":"fr_FR","og_type":"article","og_title":"Disclaimer - Stokes Property","og_description":"Stokes Property - the Irish property investment agency that offers property search & the ability to exchange online. Disclaimer","og_url":"https:\/\/www.stokesproperty.ie\/fr\/disclaimer\/","og_site_name":"Stokes Property","article_modified_time":"2024-11-19T17:23:09+00:00","twitter_card":"summary_large_image","twitter_misc":{"Dur\u00e9e de lecture estim\u00e9e":"6 minutes"},"schema":{"@context":"https:\/\/schema.org","@graph":[{"@type":"WebPage","@id":"https:\/\/www.stokesproperty.ie\/disclaimer\/","url":"https:\/\/www.stokesproperty.ie\/disclaimer\/","name":"Disclaimer - Stokes Property","isPartOf":{"@id":"https:\/\/www.stokesproperty.ie\/#website"},"datePublished":"2023-02-17T12:32:18+00:00","dateModified":"2024-11-19T17:23:09+00:00","description":"Stokes Property - the Irish property investment agency that offers property search & the ability to exchange online. Disclaimer","breadcrumb":{"@id":"https:\/\/www.stokesproperty.ie\/disclaimer\/#breadcrumb"},"inLanguage":"fr-FR","potentialAction":[{"@type":"ReadAction","target":["https:\/\/www.stokesproperty.ie\/disclaimer\/"]}]},{"@type":"BreadcrumbList","@id":"https:\/\/www.stokesproperty.ie\/disclaimer\/#breadcrumb","itemListElement":[{"@type":"ListItem","position":1,"name":"Home","item":"https:\/\/www.stokesproperty.ie\/"},{"@type":"ListItem","position":2,"name":"Disclaimer"}]},{"@type":"WebSite","@id":"https:\/\/www.stokesproperty.ie\/#website","url":"https:\/\/www.stokesproperty.ie\/","name":"Stokes Property","description":"Commercial Property Online","publisher":{"@id":"https:\/\/www.stokesproperty.ie\/#organization"},"potentialAction":[{"@type":"SearchAction","target":{"@type":"EntryPoint","urlTemplate":"https:\/\/www.stokesproperty.ie\/?s={search_term_string}"},"query-input":{"@type":"PropertyValueSpecification","valueRequired":true,"valueName":"search_term_string"}}],"inLanguage":"fr-FR"},{"@type":"Organization","@id":"https:\/\/www.stokesproperty.ie\/#organization","name":"Stokes Property","url":"https:\/\/www.stokesproperty.ie\/","logo":{"@type":"ImageObject","inLanguage":"fr-FR","@id":"https:\/\/www.stokesproperty.ie\/#\/schema\/logo\/image\/","url":"https:\/\/www.stokesproperty.ie\/wp-content\/uploads\/stokes_rectangle.jpg","contentUrl":"https:\/\/www.stokesproperty.ie\/wp-content\/uploads\/stokes_rectangle.jpg","width":400,"height":220,"caption":"Stokes Property"},"image":{"@id":"https:\/\/www.stokesproperty.ie\/#\/schema\/logo\/image\/"}}]}},"_links":{"self":[{"href":"https:\/\/www.stokesproperty.ie\/fr\/wp-json\/wp\/v2\/pages\/16209","targetHints":{"allow":["GET"]}}],"collection":[{"href":"https:\/\/www.stokesproperty.ie\/fr\/wp-json\/wp\/v2\/pages"}],"about":[{"href":"https:\/\/www.stokesproperty.ie\/fr\/wp-json\/wp\/v2\/types\/page"}],"author":[{"embeddable":true,"href":"https:\/\/www.stokesproperty.ie\/fr\/wp-json\/wp\/v2\/users\/9"}],"replies":[{"embeddable":true,"href":"https:\/\/www.stokesproperty.ie\/fr\/wp-json\/wp\/v2\/comments?post=16209"}],"version-history":[{"count":6,"href":"https:\/\/www.stokesproperty.ie\/fr\/wp-json\/wp\/v2\/pages\/16209\/revisions"}],"predecessor-version":[{"id":27107,"href":"https:\/\/www.stokesproperty.ie\/fr\/wp-json\/wp\/v2\/pages\/16209\/revisions\/27107"}],"wp:attachment":[{"href":"https:\/\/www.stokesproperty.ie\/fr\/wp-json\/wp\/v2\/media?parent=16209"}],"curies":[{"name":"wp","href":"https:\/\/api.w.org\/{rel}","templated":true}]}}