{"id":16218,"date":"2023-02-17T12:37:47","date_gmt":"2023-02-17T12:37:47","guid":{"rendered":"https:\/\/sales.singervielle.com\/?page_id=16218"},"modified":"2023-06-08T10:06:29","modified_gmt":"2023-06-08T09:06:29","slug":"cookie-policy","status":"publish","type":"page","link":"https:\/\/www.stokesproperty.ie\/fr\/cookie-policy\/","title":{"rendered":"Politique de cookies"},"content":{"rendered":"<div data-elementor-type=\"wp-page\" data-elementor-id=\"16218\" class=\"elementor elementor-16218\" data-elementor-post-type=\"page\">\n\t\t\t\t<div class=\"elementor-element elementor-element-f4d74a5 e-flex e-con-boxed e-con e-parent\" data-id=\"f4d74a5\" data-element_type=\"container\" data-settings=\"{&quot;background_background&quot;:&quot;gradient&quot;}\">\n\t\t\t\t\t<div class=\"e-con-inner\">\n\t\t\t\t\t<\/div>\n\t\t\t\t<\/div>\n\t\t<div class=\"elementor-element elementor-element-f81a2eb e-flex e-con-boxed e-con e-parent\" data-id=\"f81a2eb\" data-element_type=\"container\">\n\t\t\t\t\t<div class=\"e-con-inner\">\n\t\t<div class=\"elementor-element elementor-element-1b16016 e-con-full e-flex e-con e-child\" data-id=\"1b16016\" data-element_type=\"container\">\n\t\t\t\t<div class=\"elementor-element elementor-element-8c6f44d elementor-view-default elementor-invisible elementor-widget elementor-widget-icon\" data-id=\"8c6f44d\" data-element_type=\"widget\" data-settings=\"{&quot;_animation&quot;:&quot;fadeInLeft&quot;,&quot;_animation_delay&quot;:500}\" data-widget_type=\"icon.default\">\n\t\t\t\t<div class=\"elementor-widget-container\">\n\t\t\t\t\t\t\t<div class=\"elementor-icon-wrapper\">\n\t\t\t<div class=\"elementor-icon\">\n\t\t\t<svg xmlns=\"http:\/\/www.w3.org\/2000\/svg\" width=\"14.397\" height=\"24\" viewbox=\"0 0 14.397 24\"><path id=\"Path_1178\" data-name=\"Path 1178\" d=\"M332.575-260.666h2.992l4.84-24h-2.992Zm6.565,0h2.992l4.84-24h-2.992Z\" transform=\"translate(-332.575 284.666)\"><\/path><\/svg>\t\t\t<\/div>\n\t\t<\/div>\n\t\t\t\t\t\t<\/div>\n\t\t\t\t<\/div>\n\t\t\t\t<div class=\"elementor-element elementor-element-a82c207 elementor-widget__width-auto elementor-widget-laptop__width-auto animated-fast elementor-invisible elementor-widget elementor-widget-heading\" data-id=\"a82c207\" data-element_type=\"widget\" data-settings=\"{&quot;_animation&quot;:&quot;fadeInLeft&quot;,&quot;_animation_delay&quot;:200}\" data-widget_type=\"heading.default\">\n\t\t\t\t<div class=\"elementor-widget-container\">\n\t\t\t\t\t<h2 class=\"elementor-heading-title elementor-size-default\">Politique relative aux cookies<\/h2>\t\t\t\t<\/div>\n\t\t\t\t<\/div>\n\t\t\t\t<\/div>\n\t\t\t\t<div class=\"elementor-element elementor-element-004cb39 elementor-widget__width-initial elementor-widget-mobile__width-inherit elementor-widget-tablet__width-inherit elementor-widget elementor-widget-text-editor\" data-id=\"004cb39\" data-element_type=\"widget\" data-widget_type=\"text-editor.default\">\n\t\t\t\t<div class=\"elementor-widget-container\">\n\t\t\t\t\t\t\t\t\t<ol><li>COOKIES. Un \u00ab\u00a0cookie\u00a0\u00bb est un petit fichier \u00e9lectronique qui collecte des informations lorsqu&#039;un internaute visite un site web. Il permet d&#039;identifier les pages consult\u00e9es et de s\u00e9lectionner celles que l&#039;internaute voit. Certains cookies n&#039;existent que pendant la dur\u00e9e de la connexion, tandis que les cookies \u00ab\u00a0persistants\u00a0\u00bb, qui ne sont pas bas\u00e9s sur une session, restent sur l&#039;ordinateur de l&#039;internaute, permettant ainsi de le reconna\u00eetre comme un ancien visiteur lors de sa prochaine visite sur notre site. Cela nous permet de recueillir des informations sur les habitudes de navigation d&#039;un internaute sur notre site, ce qui peut nous aider \u00e0 surveiller et \u00e0 am\u00e9liorer nos services. En poursuivant votre navigation sur notre site, vous acceptez l&#039;utilisation de cookies.<\/li><li>Nous ne stockons pas d&#039;informations sensibles dans les cookies \u00ab\u00a0persistants\u00a0\u00bb, et les cookies eux-m\u00eames ne contiennent pas suffisamment d&#039;informations pour vous identifier. (Cependant, certains cookies peuvent contenir des informations personnelles telles qu&#039;un nom d&#039;utilisateur.)<\/li><li>Certains cookies sont strictement n\u00e9cessaires pour vous permettre de naviguer sur notre site et d&#039;utiliser ses fonctionnalit\u00e9s. Sans ces cookies, nous ne serions pas en mesure de fournir certaines fonctionnalit\u00e9s, telles que vous permettre d&#039;acc\u00e9der aux zones s\u00e9curis\u00e9es de notre site pour afficher des informations compl\u00e8tes relatives \u00e0 une propri\u00e9t\u00e9 mise en vente sur notre site.<\/li><li>Vous pouvez refuser l&#039;acceptation des cookies en activant le param\u00e8tre de votre navigateur qui vous permet de refuser le d\u00e9p\u00f4t de cookies. Cependant, si vous s\u00e9lectionnez ce param\u00e8tre (notamment en refusant les cookies essentiels), vous ne pourrez peut-\u00eatre pas acc\u00e9der \u00e0 certaines parties de notre site. Sauf si vous avez ajust\u00e9 les param\u00e8tres de votre navigateur pour qu&#039;il refuse les cookies, notre syst\u00e8me \u00e9mettra des cookies lorsque vous vous connecterez \u00e0 notre site.<\/li><li>Toute modification apport\u00e9e \u00e0 notre politique relative aux cookies sera publi\u00e9e sur cette page. En cas de mise \u00e0 jour, la date de \u00ab\u00a0Derni\u00e8re mise \u00e0 jour\u00a0\u00bb figurant en haut de la page sera \u00e9galement mise \u00e0 jour. Veuillez consulter r\u00e9guli\u00e8rement cette page pour prendre connaissance des mises \u00e0 jour ou modifications apport\u00e9es \u00e0 notre politique relative aux cookies.<\/li><li>Les questions concernant cette politique en mati\u00e8re de cookies doivent \u00eatre adress\u00e9es \u00e0 Singer Vielle Limited 73 Cornhill, Londres EC3V 3QQ.<\/li><li>Les cookies que nous utilisons sont : .CAPI CA-ae51610071515ec1af14 ; .CAPIApp ceabfcdd718fe8d4a5dce7eb; ASP.NET_SessionId gyq3uwt3a0s4omx4xniubs1f; _gaGA1.1.258589976.1467965537<\/li><\/ol><p>\u00a0<\/p><h4><strong>Que sont les cookies ?<\/strong><\/h4><p>Les cookies sont de petits morceaux de texte utilis\u00e9s pour stocker des informations sur les navigateurs Web. Les cookies sont utilis\u00e9s pour stocker et recevoir des identifiants et d&#039;autres informations sur les ordinateurs, t\u00e9l\u00e9phones et autres appareils.<\/p><p>\u00a0<\/p><h4><strong>Pourquoi utilisons-nous des cookies ?<\/strong><\/h4><p>Les cookies nous aident \u00e0 fournir, prot\u00e9ger et am\u00e9liorer les services clicktopurchase\u00ae, par exemple en personnalisant le contenu et en offrant une exp\u00e9rience plus s\u00fbre, tandis que les cookies que nous utilisons peuvent changer de temps \u00e0 autre \u00e0 mesure que nous am\u00e9liorons et mettons \u00e0 jour les services clicktopurchase\u00ae, ils entrent g\u00e9n\u00e9ralement dans les cat\u00e9gories d&#039;utilisation ci-dessous :<\/p><p>\u00a0<\/p><h4><strong>Comment ajouter\/supprimer des cookies sur votre navigateur<\/strong><\/h4><p>Internet Explorer<br \/>1. Cliquez sur le bouton Outils, puis cliquez sur Options Internet ;<br \/>2. Cliquez sur l&#039;onglet Confidentialit\u00e9, puis sous Param\u00e8tres, d\u00e9placez le curseur vers le haut pour bloquer\/autoriser tous les cookies ou vers le bas pour autoriser tous les cookies.<br \/>3. Cliquez sur OK.<\/p><p>Google Chrome<br \/>1. En haut \u00e0 droite, cliquez sur le Menu\u00a0;<br \/>2. Cliquez sur Param\u00e8tres, Afficher les param\u00e8tres avanc\u00e9s\u00a0;<br \/>3. Dans la section \u00ab Confidentialit\u00e9 \u00bb, cliquez sur Param\u00e8tres de contenu\u00a0;<br \/>4. Dans la section \u00ab Cookies \u00bb, choisissez votre param\u00e8tre pr\u00e9f\u00e9r\u00e9.<\/p><p>Firefox<br \/>1. Acc\u00e9dez au menu d\u00e9roulant Firefox ;<br \/>2. S\u00e9lectionnez Pr\u00e9f\u00e9rences\u00a0;<br \/>3. Cliquez sur Confidentialit\u00e9\u00a0;<br \/>4. D\u00e9finissez \u00ab Firefox va : \u00bb pour utiliser les param\u00e8tres personnalis\u00e9s pour l\u2019historique\u00a0;<br \/>5. Cochez la case \u00e0 c\u00f4t\u00e9 de \u00ab Accepter\/Bloquer les cookies des sites \u00bb pour activer les cookies\u00a0;<br \/>6. Cliquez sur OK.<\/p><p>Safari<br \/>1. Acc\u00e9dez au menu d\u00e9roulant Safari\u00a0;<br \/>2. S\u00e9lectionnez Pr\u00e9f\u00e9rences\u00a0;<br \/>3. Allez dans l\u2019onglet \u00ab S\u00e9curit\u00e9 \u00bb ;<br \/>4. Sous \u00ab Accepter les cookies \u00bb, configurez-le pour accepter, rejeter ou accepter s\u00e9lectivement les cookies.<\/p><p>Op\u00e9ra<br \/>1. S\u00e9lectionnez Param\u00e8tres\u00a0;<br \/>2. S\u00e9lectionnez Pr\u00e9f\u00e9rences\u00a0;<br \/>3. S\u00e9lectionnez ensuite Pr\u00e9f\u00e9rences rapides\u00a0;<br \/>4. Cochez\/d\u00e9cochez \u00ab\u00a0Activer les cookies\u00a0\u00bb.<\/p>\t\t\t\t\t\t\t\t<\/div>\n\t\t\t\t<\/div>\n\t\t\t\t\t<\/div>\n\t\t\t\t<\/div>\n\t\t\t\t<\/div>","protected":false},"excerpt":{"rendered":"<p>Politique relative aux cookies. COOKIES. Un \u00ab\u00a0cookie\u00a0\u00bb est un petit fichier \u00e9lectronique qui collecte des informations lors de la visite d&#039;un site web. Un cookie permet d&#039;identifier les pages consult\u00e9es, ce qui nous permet de s\u00e9lectionner celles qui s&#039;affichent. Certains cookies n&#039;existent que lorsque les internautes sont en ligne, mais les cookies \u00ab\u00a0persistants\u00a0\u00bb (qui sont [\u2026]<\/p>","protected":false},"author":9,"featured_media":0,"parent":0,"menu_order":0,"comment_status":"closed","ping_status":"closed","template":"","meta":{"_acf_changed":false,"content-type":"","inline_featured_image":false,"footnotes":""},"class_list":["post-16218","page","type-page","status-publish","hentry"],"acf":[],"yoast_head":"<!-- This site is optimized with the Yoast SEO plugin v25.4 - https:\/\/yoast.com\/wordpress\/plugins\/seo\/ -->\n<title>Cookies Policy - Stokes Property<\/title>\n<meta name=\"description\" content=\"Stokes Property - the Irish property investment agency that offers property search &amp; the ability to exchange online. Cookies Policy\" \/>\n<meta name=\"robots\" content=\"index, follow, max-snippet:-1, max-image-preview:large, max-video-preview:-1\" \/>\n<link rel=\"canonical\" href=\"https:\/\/www.stokesproperty.ie\/fr\/cookie-policy\/\" \/>\n<meta property=\"og:locale\" content=\"fr_FR\" \/>\n<meta property=\"og:type\" content=\"article\" \/>\n<meta property=\"og:title\" content=\"Cookies Policy - Stokes Property\" \/>\n<meta property=\"og:description\" content=\"Stokes Property - the Irish property investment agency that offers property search &amp; the ability to exchange online. Cookies Policy\" \/>\n<meta property=\"og:url\" content=\"https:\/\/www.stokesproperty.ie\/fr\/cookie-policy\/\" \/>\n<meta property=\"og:site_name\" content=\"Stokes Property\" \/>\n<meta property=\"article:modified_time\" content=\"2023-06-08T09:06:29+00:00\" \/>\n<meta name=\"twitter:card\" content=\"summary_large_image\" \/>\n<meta name=\"twitter:label1\" content=\"Dur\u00e9e de lecture estim\u00e9e\" \/>\n\t<meta name=\"twitter:data1\" content=\"3 minutes\" \/>\n<script type=\"application\/ld+json\" class=\"yoast-schema-graph\">{\"@context\":\"https:\/\/schema.org\",\"@graph\":[{\"@type\":\"WebPage\",\"@id\":\"https:\/\/www.stokesproperty.ie\/es\/cookie-policy\/\",\"url\":\"https:\/\/www.stokesproperty.ie\/es\/cookie-policy\/\",\"name\":\"Cookies Policy - Stokes Property\",\"isPartOf\":{\"@id\":\"https:\/\/www.stokesproperty.ie\/#website\"},\"datePublished\":\"2023-02-17T12:37:47+00:00\",\"dateModified\":\"2023-06-08T09:06:29+00:00\",\"description\":\"Stokes Property - the Irish property investment agency that offers property search & the ability to exchange online. Cookies Policy\",\"breadcrumb\":{\"@id\":\"https:\/\/www.stokesproperty.ie\/es\/cookie-policy\/#breadcrumb\"},\"inLanguage\":\"fr-FR\",\"potentialAction\":[{\"@type\":\"ReadAction\",\"target\":[\"https:\/\/www.stokesproperty.ie\/es\/cookie-policy\/\"]}]},{\"@type\":\"BreadcrumbList\",\"@id\":\"https:\/\/www.stokesproperty.ie\/es\/cookie-policy\/#breadcrumb\",\"itemListElement\":[{\"@type\":\"ListItem\",\"position\":1,\"name\":\"Home\",\"item\":\"https:\/\/www.stokesproperty.ie\/\"},{\"@type\":\"ListItem\",\"position\":2,\"name\":\"Cookies Policy\"}]},{\"@type\":\"WebSite\",\"@id\":\"https:\/\/www.stokesproperty.ie\/#website\",\"url\":\"https:\/\/www.stokesproperty.ie\/\",\"name\":\"Stokes Property\",\"description\":\"Commercial Property Online\",\"publisher\":{\"@id\":\"https:\/\/www.stokesproperty.ie\/#organization\"},\"potentialAction\":[{\"@type\":\"SearchAction\",\"target\":{\"@type\":\"EntryPoint\",\"urlTemplate\":\"https:\/\/www.stokesproperty.ie\/?s={search_term_string}\"},\"query-input\":{\"@type\":\"PropertyValueSpecification\",\"valueRequired\":true,\"valueName\":\"search_term_string\"}}],\"inLanguage\":\"fr-FR\"},{\"@type\":\"Organization\",\"@id\":\"https:\/\/www.stokesproperty.ie\/#organization\",\"name\":\"Stokes Property\",\"url\":\"https:\/\/www.stokesproperty.ie\/\",\"logo\":{\"@type\":\"ImageObject\",\"inLanguage\":\"fr-FR\",\"@id\":\"https:\/\/www.stokesproperty.ie\/#\/schema\/logo\/image\/\",\"url\":\"https:\/\/www.stokesproperty.ie\/wp-content\/uploads\/stokes_rectangle.jpg\",\"contentUrl\":\"https:\/\/www.stokesproperty.ie\/wp-content\/uploads\/stokes_rectangle.jpg\",\"width\":400,\"height\":220,\"caption\":\"Stokes Property\"},\"image\":{\"@id\":\"https:\/\/www.stokesproperty.ie\/#\/schema\/logo\/image\/\"}}]}<\/script>\n<!-- \/ Yoast SEO plugin. -->","yoast_head_json":{"title":"Cookies Policy - Stokes Property","description":"Stokes Property - the Irish property investment agency that offers property search & the ability to exchange online. Cookies Policy","robots":{"index":"index","follow":"follow","max-snippet":"max-snippet:-1","max-image-preview":"max-image-preview:large","max-video-preview":"max-video-preview:-1"},"canonical":"https:\/\/www.stokesproperty.ie\/fr\/cookie-policy\/","og_locale":"fr_FR","og_type":"article","og_title":"Cookies Policy - Stokes Property","og_description":"Stokes Property - the Irish property investment agency that offers property search & the ability to exchange online. Cookies Policy","og_url":"https:\/\/www.stokesproperty.ie\/fr\/cookie-policy\/","og_site_name":"Stokes Property","article_modified_time":"2023-06-08T09:06:29+00:00","twitter_card":"summary_large_image","twitter_misc":{"Dur\u00e9e de lecture estim\u00e9e":"3 minutes"},"schema":{"@context":"https:\/\/schema.org","@graph":[{"@type":"WebPage","@id":"https:\/\/www.stokesproperty.ie\/es\/cookie-policy\/","url":"https:\/\/www.stokesproperty.ie\/es\/cookie-policy\/","name":"Cookies Policy - Stokes Property","isPartOf":{"@id":"https:\/\/www.stokesproperty.ie\/#website"},"datePublished":"2023-02-17T12:37:47+00:00","dateModified":"2023-06-08T09:06:29+00:00","description":"Stokes Property - the Irish property investment agency that offers property search & the ability to exchange online. Cookies Policy","breadcrumb":{"@id":"https:\/\/www.stokesproperty.ie\/es\/cookie-policy\/#breadcrumb"},"inLanguage":"fr-FR","potentialAction":[{"@type":"ReadAction","target":["https:\/\/www.stokesproperty.ie\/es\/cookie-policy\/"]}]},{"@type":"BreadcrumbList","@id":"https:\/\/www.stokesproperty.ie\/es\/cookie-policy\/#breadcrumb","itemListElement":[{"@type":"ListItem","position":1,"name":"Home","item":"https:\/\/www.stokesproperty.ie\/"},{"@type":"ListItem","position":2,"name":"Cookies Policy"}]},{"@type":"WebSite","@id":"https:\/\/www.stokesproperty.ie\/#website","url":"https:\/\/www.stokesproperty.ie\/","name":"Stokes Property","description":"Commercial Property Online","publisher":{"@id":"https:\/\/www.stokesproperty.ie\/#organization"},"potentialAction":[{"@type":"SearchAction","target":{"@type":"EntryPoint","urlTemplate":"https:\/\/www.stokesproperty.ie\/?s={search_term_string}"},"query-input":{"@type":"PropertyValueSpecification","valueRequired":true,"valueName":"search_term_string"}}],"inLanguage":"fr-FR"},{"@type":"Organization","@id":"https:\/\/www.stokesproperty.ie\/#organization","name":"Stokes Property","url":"https:\/\/www.stokesproperty.ie\/","logo":{"@type":"ImageObject","inLanguage":"fr-FR","@id":"https:\/\/www.stokesproperty.ie\/#\/schema\/logo\/image\/","url":"https:\/\/www.stokesproperty.ie\/wp-content\/uploads\/stokes_rectangle.jpg","contentUrl":"https:\/\/www.stokesproperty.ie\/wp-content\/uploads\/stokes_rectangle.jpg","width":400,"height":220,"caption":"Stokes Property"},"image":{"@id":"https:\/\/www.stokesproperty.ie\/#\/schema\/logo\/image\/"}}]}},"_links":{"self":[{"href":"https:\/\/www.stokesproperty.ie\/fr\/wp-json\/wp\/v2\/pages\/16218","targetHints":{"allow":["GET"]}}],"collection":[{"href":"https:\/\/www.stokesproperty.ie\/fr\/wp-json\/wp\/v2\/pages"}],"about":[{"href":"https:\/\/www.stokesproperty.ie\/fr\/wp-json\/wp\/v2\/types\/page"}],"author":[{"embeddable":true,"href":"https:\/\/www.stokesproperty.ie\/fr\/wp-json\/wp\/v2\/users\/9"}],"replies":[{"embeddable":true,"href":"https:\/\/www.stokesproperty.ie\/fr\/wp-json\/wp\/v2\/comments?post=16218"}],"version-history":[{"count":0,"href":"https:\/\/www.stokesproperty.ie\/fr\/wp-json\/wp\/v2\/pages\/16218\/revisions"}],"wp:attachment":[{"href":"https:\/\/www.stokesproperty.ie\/fr\/wp-json\/wp\/v2\/media?parent=16218"}],"curies":[{"name":"wp","href":"https:\/\/api.w.org\/{rel}","templated":true}]}}