{"id":21876,"date":"2023-06-21T08:20:40","date_gmt":"2023-06-21T07:20:40","guid":{"rendered":"https:\/\/staging.sales.stokesproperty.ie\/?page_id=21876"},"modified":"2024-11-27T11:57:00","modified_gmt":"2024-11-27T11:57:00","slug":"stokes-about","status":"publish","type":"page","link":"https:\/\/www.stokesproperty.ie\/fr\/stokes-about\/","title":{"rendered":"\u00c0 propos"},"content":{"rendered":"<div data-elementor-type=\"wp-page\" data-elementor-id=\"21876\" class=\"elementor elementor-21876\" data-elementor-post-type=\"page\">\n\t\t\t\t<div class=\"elementor-element elementor-element-ad2bfbc e-con-full e-flex e-con e-parent\" data-id=\"ad2bfbc\" data-element_type=\"container\" data-settings=\"{&quot;background_background&quot;:&quot;gradient&quot;}\">\n\t\t<div class=\"elementor-element elementor-element-5dc174f e-con-full e-flex e-con e-child\" data-id=\"5dc174f\" data-element_type=\"container\" data-settings=\"{&quot;background_background&quot;:&quot;gradient&quot;}\">\n\t\t\t\t<\/div>\n\t\t<div class=\"elementor-element elementor-element-ca34396 e-flex e-con-boxed e-con e-child\" data-id=\"ca34396\" data-element_type=\"container\">\n\t\t\t\t\t<div class=\"e-con-inner\">\n\t\t\t\t<div class=\"elementor-element elementor-element-9e9f30e elementor-widget__width-auto elementor-widget-laptop__width-auto animated-fast elementor-invisible elementor-widget elementor-widget-heading\" data-id=\"9e9f30e\" data-element_type=\"widget\" data-settings=\"{&quot;_animation&quot;:&quot;fadeInLeft&quot;,&quot;_animation_delay&quot;:200}\" data-widget_type=\"heading.default\">\n\t\t\t\t<div class=\"elementor-widget-container\">\n\t\t\t\t\t<h2 class=\"elementor-heading-title elementor-size-default\">\u00c0 propos de Propri\u00e9t\u00e9 Stokes<\/h2>\t\t\t\t<\/div>\n\t\t\t\t<\/div>\n\t\t\t\t\t<\/div>\n\t\t\t\t<\/div>\n\t\t\t\t<\/div>\n\t\t<div class=\"elementor-element elementor-element-7596dd2 e-flex e-con-boxed e-con e-parent\" data-id=\"7596dd2\" data-element_type=\"container\">\n\t\t\t\t\t<div class=\"e-con-inner\">\n\t\t<div class=\"elementor-element elementor-element-88f55e8 e-flex e-con-boxed e-con e-child\" data-id=\"88f55e8\" data-element_type=\"container\">\n\t\t\t\t\t<div class=\"e-con-inner\">\n\t\t\t\t<div class=\"elementor-element elementor-element-efebed8 elementor-widget__width-initial elementor-invisible elementor-widget elementor-widget-text-editor\" data-id=\"efebed8\" data-element_type=\"widget\" data-settings=\"{&quot;_animation&quot;:&quot;fadeInLeft&quot;,&quot;_animation_delay&quot;:250}\" data-widget_type=\"text-editor.default\">\n\t\t\t\t<div class=\"elementor-widget-container\">\n\t\t\t\t\t\t\t\t\t<p>Nous sommes un cabinet d&#039;experts-g\u00e9om\u00e8tres agr\u00e9\u00e9s (PSRA n\u00b0 002615) proposant une gamme compl\u00e8te de services de conseil, d&#039;agence et de gestion pour tous types de biens. Nous proposons un service sur mesure et personnalis\u00e9 pour r\u00e9pondre aux besoins sp\u00e9cifiques de chaque client, allant de la gestion de biens immobiliers r\u00e9sidentiels d&#039;investissement \u00e0 la fourniture de conseils et de solutions pour les probl\u00e9matiques complexes li\u00e9es \u00e0 l&#039;immobilier commercial.<\/p><p>Stokes Property vous conseille sur les propri\u00e9t\u00e9s r\u00e9sidentielles, commerciales, de d\u00e9veloppement, d&#039;investissement et agricoles et est fier de garantir que quel que soit le probl\u00e8me li\u00e9 \u00e0 la propri\u00e9t\u00e9 que vous rencontrez, nous aurons une solution soit en interne, soit par l&#039;interm\u00e9diaire de l&#039;un de nos coll\u00e8gues de confiance.<\/p><p>Depuis notre bureau du centre-ville sur South William Street, en plus de nos services d&#039;agence et de conseil, nous g\u00e9rons un portefeuille diversifi\u00e9 de propri\u00e9t\u00e9s commerciales, de bureaux, industrielles et r\u00e9sidentielles pour une gamme de clients priv\u00e9s, commerciaux et institutionnels.\u00a0<\/p>\t\t\t\t\t\t\t\t<\/div>\n\t\t\t\t<\/div>\n\t\t\t\t\t<\/div>\n\t\t\t\t<\/div>\n\t\t<div class=\"elementor-element elementor-element-f9b979f e-flex e-con-boxed e-con e-child\" data-id=\"f9b979f\" data-element_type=\"container\">\n\t\t\t\t\t<div class=\"e-con-inner\">\n\t\t<div class=\"elementor-element elementor-element-f799998 e-con-full animated-fast e-flex elementor-invisible e-con e-child\" data-id=\"f799998\" data-element_type=\"container\" data-settings=\"{&quot;background_background&quot;:&quot;gradient&quot;,&quot;animation&quot;:&quot;slideInRight&quot;}\">\n\t\t\t\t<div class=\"elementor-element elementor-element-9b9a373 elementor-widget__width-initial animated-fast elementor-widget elementor-widget-image\" data-id=\"9b9a373\" data-element_type=\"widget\" data-settings=\"{&quot;_animation&quot;:&quot;none&quot;}\" data-widget_type=\"image.default\">\n\t\t\t\t<div class=\"elementor-widget-container\">\n\t\t\t\t\t\t\t\t\t\t\t\t\t\t\t<img fetchpriority=\"high\" decoding=\"async\" width=\"349\" height=\"276\" src=\"https:\/\/www.stokesproperty.ie\/wp-content\/uploads\/simon_stokes.png\" class=\"attachment-full size-full wp-image-21896\" alt=\"\" srcset=\"https:\/\/www.stokesproperty.ie\/wp-content\/uploads\/simon_stokes.png 349w, https:\/\/www.stokesproperty.ie\/wp-content\/uploads\/simon_stokes-300x237.png 300w, https:\/\/www.stokesproperty.ie\/wp-content\/uploads\/simon_stokes-15x12.png 15w\" sizes=\"(max-width: 349px) 100vw, 349px\" \/>\t\t\t\t\t\t\t\t\t\t\t\t\t\t\t<\/div>\n\t\t\t\t<\/div>\n\t\t\t\t<\/div>\n\t\t\t\t<div class=\"elementor-element elementor-element-97d3bce elementor-widget__width-initial animated-fast elementor-invisible elementor-widget elementor-widget-text-editor\" data-id=\"97d3bce\" data-element_type=\"widget\" data-settings=\"{&quot;_animation&quot;:&quot;slideInLeft&quot;,&quot;_animation_delay&quot;:0}\" data-widget_type=\"text-editor.default\">\n\t\t\t\t<div class=\"elementor-widget-container\">\n\t\t\t\t\t\t\t\t\t<h3><strong>Stokes Property Consultants a \u00e9t\u00e9 fond\u00e9e par Simon Stokes en juin 2012<\/strong><\/h3><p>Simon poss\u00e8de pr\u00e8s de 20 ans d&#039;exp\u00e9rience en tant que conseiller immobilier professionnel. Il propose des services de conseil et d&#039;agence discrets \u00e0 une client\u00e8le diversifi\u00e9e d&#039;entreprises, d&#039;institutions et de particuliers dans toute l&#039;Irlande. Membre de la Society of Chartered Surveyors Ireland (SCSI) et de la Royal Institution of Chartered Surveyors (RICS), il est \u00e9galement expert immobilier agr\u00e9\u00e9 par la RICS. Il est \u00e9galement l&#039;ancien pr\u00e9sident du groupe professionnel des agences immobili\u00e8res r\u00e9sidentielles de la SCSI. Simon \u00e9tait membre de la Society of Chartered Surveyors et de l&#039;Irish Auctioneers and Valuers Institute avant la fusion de ces deux organismes.<\/p>\t\t\t\t\t\t\t\t<\/div>\n\t\t\t\t<\/div>\n\t\t\t\t\t<\/div>\n\t\t\t\t<\/div>\n\t\t<div class=\"elementor-element elementor-element-ac37997 e-flex e-con-boxed e-con e-child\" data-id=\"ac37997\" data-element_type=\"container\">\n\t\t\t\t\t<div class=\"e-con-inner\">\n\t\t<div class=\"elementor-element elementor-element-6ecb2b6 e-con-full animated-fast e-flex elementor-invisible e-con e-child\" data-id=\"6ecb2b6\" data-element_type=\"container\" data-settings=\"{&quot;background_background&quot;:&quot;gradient&quot;,&quot;animation&quot;:&quot;slideInLeft&quot;}\">\n\t\t\t\t<\/div>\n\t\t\t\t<div class=\"elementor-element elementor-element-5afa9d4 elementor-widget__width-initial elementor-invisible elementor-widget elementor-widget-text-editor\" data-id=\"5afa9d4\" data-element_type=\"widget\" data-settings=\"{&quot;_animation&quot;:&quot;fadeInLeft&quot;,&quot;_animation_delay&quot;:250}\" data-widget_type=\"text-editor.default\">\n\t\t\t\t<div class=\"elementor-widget-container\">\n\t\t\t\t\t\t\t\t\t<h3>Sarah Stokes a rejoint l&#039;entreprise en 2013<\/h3><p>\u00a0<\/p><p>Sarah a travaill\u00e9 dans la vente, la location, le portefeuille priv\u00e9 et la gestion immobili\u00e8re pendant plus de 15 ans en Irlande et au Royaume-Uni. Elle est membre associ\u00e9 de la Society of Chartered Surveyors Ireland SCSI et de la Royal Institution of Chartered Surveyors (RICS). Ses r\u00f4les pr\u00e9c\u00e9dents incluaient la gestion d&#039;\u00e9quipes de vente et de location tr\u00e8s occup\u00e9es o\u00f9 elle a cr\u00e9\u00e9, con\u00e7u et mis en \u0153uvre des plans d&#039;affaires. Sarah conseille ses clients sur la gestion immobili\u00e8re et de portefeuille, ainsi que sur les strat\u00e9gies d&#039;acquisition et de d\u00e9sinvestissement.<\/p>\t\t\t\t\t\t\t\t<\/div>\n\t\t\t\t<\/div>\n\t\t\t\t\t<\/div>\n\t\t\t\t<\/div>\n\t\t\t\t\t<\/div>\n\t\t\t\t<\/div>\n\t\t<div class=\"elementor-element elementor-element-6401baf e-flex e-con-boxed e-con e-parent\" data-id=\"6401baf\" data-element_type=\"container\">\n\t\t\t\t\t<div class=\"e-con-inner\">\n\t\t\t\t<div class=\"elementor-element elementor-element-bdc8aa8 elementor-align-left elementor-invisible elementor-widget elementor-widget-button\" data-id=\"bdc8aa8\" data-element_type=\"widget\" data-settings=\"{&quot;_animation&quot;:&quot;fadeIn&quot;,&quot;_animation_delay&quot;:500}\" data-widget_type=\"button.default\">\n\t\t\t\t<div class=\"elementor-widget-container\">\n\t\t\t\t\t\t\t\t\t<div class=\"elementor-button-wrapper\">\n\t\t\t\t\t<a class=\"elementor-button elementor-button-link elementor-size-sm\" href=\"\/stokes-team\/\">\n\t\t\t\t\t\t<span class=\"elementor-button-content-wrapper\">\n\t\t\t\t\t\t<span class=\"elementor-button-icon\">\n\t\t\t\t<svg xmlns=\"http:\/\/www.w3.org\/2000\/svg\" width=\"13\" height=\"13\" viewbox=\"0 0 13 13\"><path id=\"Union_41\" data-name=\"Union 41\" d=\"M11,13V3.414L1.414,13,0,11.586,9.586,2H0V0H13V13Z\"><\/path><\/svg>\t\t\t<\/span>\n\t\t\t\t\t\t\t\t\t<span class=\"elementor-button-text\">Rencontrer l&#039;\u00e9quipe<\/span>\n\t\t\t\t\t<\/span>\n\t\t\t\t\t<\/a>\n\t\t\t\t<\/div>\n\t\t\t\t\t\t\t\t<\/div>\n\t\t\t\t<\/div>\n\t\t<div class=\"elementor-element elementor-element-36a22e6 e-con-full e-flex e-con e-child\" data-id=\"36a22e6\" data-element_type=\"container\">\n\t\t\t\t<div class=\"elementor-element elementor-element-7835383 elementor-widget__width-initial elementor-invisible elementor-widget elementor-widget-text-editor\" data-id=\"7835383\" data-element_type=\"widget\" data-settings=\"{&quot;_animation&quot;:&quot;fadeInLeft&quot;,&quot;_animation_delay&quot;:250}\" data-widget_type=\"text-editor.default\">\n\t\t\t\t<div class=\"elementor-widget-container\">\n\t\t\t\t\t\t\t\t\t<h3>Nick Boyle a rejoint l&#039;entreprise en 2022<\/h3><p>Nick apporte \u00e0 Stokes Property une riche exp\u00e9rience en agence commerciale et r\u00e9sidentielle. Il a conseill\u00e9 des clients priv\u00e9s, corporatifs et institutionnels dans des fonctions pr\u00e9c\u00e9dentes et a continu\u00e9 \u00e0 offrir des conseils d&#039;expert \u00e0 nos clients sur une gamme de types de propri\u00e9t\u00e9s.<\/p>\t\t\t\t\t\t\t\t<\/div>\n\t\t\t\t<\/div>\n\t\t\t\t<\/div>\n\t\t\t\t\t<\/div>\n\t\t\t\t<\/div>\n\t\t\t\t<\/div>","protected":false},"excerpt":{"rendered":"<p>\u00c0 propos de Stokes Property\u00a0: Nous sommes un cabinet d&#039;experts-g\u00e9om\u00e8tres agr\u00e9\u00e9s (PSRA n\u00b0\u00a0002615) proposant une gamme compl\u00e8te de services de conseil, d&#039;agence et de gestion pour tous types de biens. Nous sommes sp\u00e9cialis\u00e9s dans la prestation de services sur mesure et personnalis\u00e9s pour r\u00e9pondre aux besoins sp\u00e9cifiques de chaque client, allant de la gestion de biens immobiliers r\u00e9sidentiels d&#039;investissement \u00e0 la fourniture de conseils [\u2026]<\/p>","protected":false},"author":9,"featured_media":0,"parent":0,"menu_order":0,"comment_status":"closed","ping_status":"closed","template":"","meta":{"_acf_changed":false,"content-type":"","inline_featured_image":false,"footnotes":""},"class_list":["post-21876","page","type-page","status-publish","hentry"],"acf":[],"yoast_head":"<!-- This site is optimized with the Yoast SEO plugin v25.4 - https:\/\/yoast.com\/wordpress\/plugins\/seo\/ -->\n<title>About - Stokes Property<\/title>\n<meta name=\"description\" content=\"Stokes Property - the Irish property investment agency that offers property search &amp; the ability to exchange online. About\" \/>\n<meta name=\"robots\" content=\"index, follow, max-snippet:-1, max-image-preview:large, max-video-preview:-1\" \/>\n<link rel=\"canonical\" href=\"https:\/\/www.stokesproperty.ie\/fr\/stokes-about\/\" \/>\n<meta property=\"og:locale\" content=\"fr_FR\" \/>\n<meta property=\"og:type\" content=\"article\" \/>\n<meta property=\"og:title\" content=\"About - Stokes Property\" \/>\n<meta property=\"og:description\" content=\"Stokes Property - the Irish property investment agency that offers property search &amp; the ability to exchange online. About\" \/>\n<meta property=\"og:url\" content=\"https:\/\/www.stokesproperty.ie\/fr\/stokes-about\/\" \/>\n<meta property=\"og:site_name\" content=\"Stokes Property\" \/>\n<meta property=\"article:modified_time\" content=\"2024-11-27T11:57:00+00:00\" \/>\n<meta property=\"og:image\" content=\"https:\/\/www.stokesproperty.ie\/wp-content\/uploads\/simon_stokes.png\" \/>\n\t<meta property=\"og:image:width\" content=\"349\" \/>\n\t<meta property=\"og:image:height\" content=\"276\" \/>\n\t<meta property=\"og:image:type\" content=\"image\/png\" \/>\n<meta name=\"twitter:card\" content=\"summary_large_image\" \/>\n<meta name=\"twitter:label1\" content=\"Dur\u00e9e de lecture estim\u00e9e\" \/>\n\t<meta name=\"twitter:data1\" content=\"2 minutes\" \/>\n<script type=\"application\/ld+json\" class=\"yoast-schema-graph\">{\"@context\":\"https:\/\/schema.org\",\"@graph\":[{\"@type\":\"WebPage\",\"@id\":\"https:\/\/www.stokesproperty.ie\/stokes-about\/\",\"url\":\"https:\/\/www.stokesproperty.ie\/stokes-about\/\",\"name\":\"About - Stokes Property\",\"isPartOf\":{\"@id\":\"https:\/\/www.stokesproperty.ie\/#website\"},\"primaryImageOfPage\":{\"@id\":\"https:\/\/www.stokesproperty.ie\/stokes-about\/#primaryimage\"},\"image\":{\"@id\":\"https:\/\/www.stokesproperty.ie\/stokes-about\/#primaryimage\"},\"thumbnailUrl\":\"https:\/\/www.stokesproperty.ie\/wp-content\/uploads\/simon_stokes.png\",\"datePublished\":\"2023-06-21T07:20:40+00:00\",\"dateModified\":\"2024-11-27T11:57:00+00:00\",\"description\":\"Stokes Property - the Irish property investment agency that offers property search & the ability to exchange online. About\",\"breadcrumb\":{\"@id\":\"https:\/\/www.stokesproperty.ie\/stokes-about\/#breadcrumb\"},\"inLanguage\":\"fr-FR\",\"potentialAction\":[{\"@type\":\"ReadAction\",\"target\":[\"https:\/\/www.stokesproperty.ie\/stokes-about\/\"]}]},{\"@type\":\"ImageObject\",\"inLanguage\":\"fr-FR\",\"@id\":\"https:\/\/www.stokesproperty.ie\/stokes-about\/#primaryimage\",\"url\":\"https:\/\/www.stokesproperty.ie\/wp-content\/uploads\/simon_stokes.png\",\"contentUrl\":\"https:\/\/www.stokesproperty.ie\/wp-content\/uploads\/simon_stokes.png\"},{\"@type\":\"BreadcrumbList\",\"@id\":\"https:\/\/www.stokesproperty.ie\/stokes-about\/#breadcrumb\",\"itemListElement\":[{\"@type\":\"ListItem\",\"position\":1,\"name\":\"Home\",\"item\":\"https:\/\/www.stokesproperty.ie\/\"},{\"@type\":\"ListItem\",\"position\":2,\"name\":\"About\"}]},{\"@type\":\"WebSite\",\"@id\":\"https:\/\/www.stokesproperty.ie\/#website\",\"url\":\"https:\/\/www.stokesproperty.ie\/\",\"name\":\"Stokes Property\",\"description\":\"Commercial Property Online\",\"publisher\":{\"@id\":\"https:\/\/www.stokesproperty.ie\/#organization\"},\"potentialAction\":[{\"@type\":\"SearchAction\",\"target\":{\"@type\":\"EntryPoint\",\"urlTemplate\":\"https:\/\/www.stokesproperty.ie\/?s={search_term_string}\"},\"query-input\":{\"@type\":\"PropertyValueSpecification\",\"valueRequired\":true,\"valueName\":\"search_term_string\"}}],\"inLanguage\":\"fr-FR\"},{\"@type\":\"Organization\",\"@id\":\"https:\/\/www.stokesproperty.ie\/#organization\",\"name\":\"Stokes Property\",\"url\":\"https:\/\/www.stokesproperty.ie\/\",\"logo\":{\"@type\":\"ImageObject\",\"inLanguage\":\"fr-FR\",\"@id\":\"https:\/\/www.stokesproperty.ie\/#\/schema\/logo\/image\/\",\"url\":\"https:\/\/www.stokesproperty.ie\/wp-content\/uploads\/stokes_rectangle.jpg\",\"contentUrl\":\"https:\/\/www.stokesproperty.ie\/wp-content\/uploads\/stokes_rectangle.jpg\",\"width\":400,\"height\":220,\"caption\":\"Stokes Property\"},\"image\":{\"@id\":\"https:\/\/www.stokesproperty.ie\/#\/schema\/logo\/image\/\"}}]}<\/script>\n<!-- \/ Yoast SEO plugin. -->","yoast_head_json":{"title":"About - Stokes Property","description":"Stokes Property - the Irish property investment agency that offers property search & the ability to exchange online. About","robots":{"index":"index","follow":"follow","max-snippet":"max-snippet:-1","max-image-preview":"max-image-preview:large","max-video-preview":"max-video-preview:-1"},"canonical":"https:\/\/www.stokesproperty.ie\/fr\/stokes-about\/","og_locale":"fr_FR","og_type":"article","og_title":"About - Stokes Property","og_description":"Stokes Property - the Irish property investment agency that offers property search & the ability to exchange online. About","og_url":"https:\/\/www.stokesproperty.ie\/fr\/stokes-about\/","og_site_name":"Stokes Property","article_modified_time":"2024-11-27T11:57:00+00:00","og_image":[{"width":349,"height":276,"url":"https:\/\/www.stokesproperty.ie\/wp-content\/uploads\/simon_stokes.png","type":"image\/png"}],"twitter_card":"summary_large_image","twitter_misc":{"Dur\u00e9e de lecture estim\u00e9e":"2 minutes"},"schema":{"@context":"https:\/\/schema.org","@graph":[{"@type":"WebPage","@id":"https:\/\/www.stokesproperty.ie\/stokes-about\/","url":"https:\/\/www.stokesproperty.ie\/stokes-about\/","name":"About - Stokes Property","isPartOf":{"@id":"https:\/\/www.stokesproperty.ie\/#website"},"primaryImageOfPage":{"@id":"https:\/\/www.stokesproperty.ie\/stokes-about\/#primaryimage"},"image":{"@id":"https:\/\/www.stokesproperty.ie\/stokes-about\/#primaryimage"},"thumbnailUrl":"https:\/\/www.stokesproperty.ie\/wp-content\/uploads\/simon_stokes.png","datePublished":"2023-06-21T07:20:40+00:00","dateModified":"2024-11-27T11:57:00+00:00","description":"Stokes Property - the Irish property investment agency that offers property search & the ability to exchange online. About","breadcrumb":{"@id":"https:\/\/www.stokesproperty.ie\/stokes-about\/#breadcrumb"},"inLanguage":"fr-FR","potentialAction":[{"@type":"ReadAction","target":["https:\/\/www.stokesproperty.ie\/stokes-about\/"]}]},{"@type":"ImageObject","inLanguage":"fr-FR","@id":"https:\/\/www.stokesproperty.ie\/stokes-about\/#primaryimage","url":"https:\/\/www.stokesproperty.ie\/wp-content\/uploads\/simon_stokes.png","contentUrl":"https:\/\/www.stokesproperty.ie\/wp-content\/uploads\/simon_stokes.png"},{"@type":"BreadcrumbList","@id":"https:\/\/www.stokesproperty.ie\/stokes-about\/#breadcrumb","itemListElement":[{"@type":"ListItem","position":1,"name":"Home","item":"https:\/\/www.stokesproperty.ie\/"},{"@type":"ListItem","position":2,"name":"About"}]},{"@type":"WebSite","@id":"https:\/\/www.stokesproperty.ie\/#website","url":"https:\/\/www.stokesproperty.ie\/","name":"Stokes Property","description":"Commercial Property Online","publisher":{"@id":"https:\/\/www.stokesproperty.ie\/#organization"},"potentialAction":[{"@type":"SearchAction","target":{"@type":"EntryPoint","urlTemplate":"https:\/\/www.stokesproperty.ie\/?s={search_term_string}"},"query-input":{"@type":"PropertyValueSpecification","valueRequired":true,"valueName":"search_term_string"}}],"inLanguage":"fr-FR"},{"@type":"Organization","@id":"https:\/\/www.stokesproperty.ie\/#organization","name":"Stokes Property","url":"https:\/\/www.stokesproperty.ie\/","logo":{"@type":"ImageObject","inLanguage":"fr-FR","@id":"https:\/\/www.stokesproperty.ie\/#\/schema\/logo\/image\/","url":"https:\/\/www.stokesproperty.ie\/wp-content\/uploads\/stokes_rectangle.jpg","contentUrl":"https:\/\/www.stokesproperty.ie\/wp-content\/uploads\/stokes_rectangle.jpg","width":400,"height":220,"caption":"Stokes Property"},"image":{"@id":"https:\/\/www.stokesproperty.ie\/#\/schema\/logo\/image\/"}}]}},"_links":{"self":[{"href":"https:\/\/www.stokesproperty.ie\/fr\/wp-json\/wp\/v2\/pages\/21876","targetHints":{"allow":["GET"]}}],"collection":[{"href":"https:\/\/www.stokesproperty.ie\/fr\/wp-json\/wp\/v2\/pages"}],"about":[{"href":"https:\/\/www.stokesproperty.ie\/fr\/wp-json\/wp\/v2\/types\/page"}],"author":[{"embeddable":true,"href":"https:\/\/www.stokesproperty.ie\/fr\/wp-json\/wp\/v2\/users\/9"}],"replies":[{"embeddable":true,"href":"https:\/\/www.stokesproperty.ie\/fr\/wp-json\/wp\/v2\/comments?post=21876"}],"version-history":[{"count":21,"href":"https:\/\/www.stokesproperty.ie\/fr\/wp-json\/wp\/v2\/pages\/21876\/revisions"}],"predecessor-version":[{"id":27145,"href":"https:\/\/www.stokesproperty.ie\/fr\/wp-json\/wp\/v2\/pages\/21876\/revisions\/27145"}],"wp:attachment":[{"href":"https:\/\/www.stokesproperty.ie\/fr\/wp-json\/wp\/v2\/media?parent=21876"}],"curies":[{"name":"wp","href":"https:\/\/api.w.org\/{rel}","templated":true}]}}